{"id":3850,"date":"2025-10-09T00:00:00","date_gmt":"2025-10-08T22:00:00","guid":{"rendered":"https:\/\/yotavis.ch\/product\/rp4060%ce%b1\/"},"modified":"2026-04-24T13:31:05","modified_gmt":"2026-04-24T11:31:05","slug":"rp4060%ce%b1","status":"publish","type":"product","link":"https:\/\/yotavis.ch\/fr\/produit\/rp4060%ce%b1\/","title":{"rendered":"RP4060\u03b1"},"content":{"rendered":"<p>La RP4060\u03b1 est une sonde de rail de puissance et de tension con\u00e7ue par Teledyne Lecroy, avec une bande passante de 4 GHz. Elle offre un facteur d'att\u00e9nuation de 1,2x, permettant une mesure pr\u00e9cise du signal. La sonde prend en charge une plage de d\u00e9calage de tension de plus ou moins 60 volts, ce qui permet de r\u00e9pondre \u00e0 une grande vari\u00e9t\u00e9 de sc\u00e9narios de test. En outre, elle a une capacit\u00e9 de tension de d\u00e9calage de plus ou moins 800 millivolts. L'interface utilis\u00e9e pour cette sonde est LeCroy, ce qui garantit la compatibilit\u00e9 avec les \u00e9quipements connexes. Ce mod\u00e8le est con\u00e7u pour g\u00e9rer des niveaux de tension allant jusqu'\u00e0 60 volts, ce qui le rend adapt\u00e9 aux applications \u00e0 haute tension. La combinaison de ces sp\u00e9cifications fait du RP4060\u03b1 un outil sp\u00e9cialis\u00e9 pour l'analyse d\u00e9taill\u00e9e de la puissance et de la tension.<\/p>","protected":false},"excerpt":{"rendered":"<p>Sonde de rail de puissance\/tension.  Bande passante 4 GHz, att\u00e9nuation 1.2x, d\u00e9calage +\/-60V, +\/-800mV<\/p>","protected":false},"featured_media":7002,"comment_status":"closed","ping_status":"closed","template":"","meta":{"_acf_changed":false,"slim_seo":{"title":"RP4060\u03b1 - YOTAVIS AG","description":"Power\/Voltage Rail Probe. 4 GHz bandwidth, 1.2x attenuation, +\/-60V offset, +\/-800mV"}},"product_brand":[542],"product_cat":[510,509],"product_tag":[],"class_list":{"0":"post-3850","1":"product","2":"type-product","3":"status-publish","4":"has-post-thumbnail","6":"product_brand-lecroy","7":"product_cat-others-en","8":"product_cat-probes-en","9":"pa_bandwidth-mhz-232","10":"pa_imax-ac-a-1019","11":"pa_interface-lecroy","12":"pa_voltage-max-v-281","14":"first","15":"instock","16":"taxable","17":"shipping-taxable","18":"purchasable","19":"product-type-simple"},"acf":[],"_links":{"self":[{"href":"https:\/\/yotavis.ch\/fr\/wp-json\/wp\/v2\/product\/3850","targetHints":{"allow":["GET"]}}],"collection":[{"href":"https:\/\/yotavis.ch\/fr\/wp-json\/wp\/v2\/product"}],"about":[{"href":"https:\/\/yotavis.ch\/fr\/wp-json\/wp\/v2\/types\/product"}],"replies":[{"embeddable":true,"href":"https:\/\/yotavis.ch\/fr\/wp-json\/wp\/v2\/comments?post=3850"}],"wp:featuredmedia":[{"embeddable":true,"href":"https:\/\/yotavis.ch\/fr\/wp-json\/wp\/v2\/media\/7002"}],"wp:attachment":[{"href":"https:\/\/yotavis.ch\/fr\/wp-json\/wp\/v2\/media?parent=3850"}],"wp:term":[{"taxonomy":"product_brand","embeddable":true,"href":"https:\/\/yotavis.ch\/fr\/wp-json\/wp\/v2\/product_brand?post=3850"},{"taxonomy":"product_cat","embeddable":true,"href":"https:\/\/yotavis.ch\/fr\/wp-json\/wp\/v2\/product_cat?post=3850"},{"taxonomy":"product_tag","embeddable":true,"href":"https:\/\/yotavis.ch\/fr\/wp-json\/wp\/v2\/product_tag?post=3850"}],"curies":[{"name":"wp","href":"https:\/\/api.w.org\/{rel}","templated":true}]}}