{"id":3851,"date":"2025-10-09T00:00:00","date_gmt":"2025-10-08T22:00:00","guid":{"rendered":"https:\/\/yotavis.ch\/product\/rp4000-browser\/"},"modified":"2026-04-24T13:31:06","modified_gmt":"2026-04-24T11:31:06","slug":"rp4000-browser","status":"publish","type":"product","link":"https:\/\/yotavis.ch\/fr\/produit\/rp4000-browser\/","title":{"rendered":"RP4000-BROWSER"},"content":{"rendered":"<p>Le RP4000-BROWSER est un accessoire con\u00e7u pour \u00eatre utilis\u00e9 avec les mod\u00e8les RP2060 et RP4060. Il comprend une vari\u00e9t\u00e9 de pointes de navigateur avec diff\u00e9rentes valeurs de r\u00e9sistance pour r\u00e9pondre \u00e0 divers besoins de test. Plus pr\u00e9cis\u00e9ment, l'emballage contient une pointe de 0 \u03a9, dix pointes de 450 \u03a9 et vingt pointes de 950 \u03a9. Cet assortiment permet une flexibilit\u00e9 dans les options de mesure et de connexion lors de l'utilisation d'appareils compatibles. Fabriqu\u00e9 par Teledyne Lecroy, cet accessoire est destin\u00e9 \u00e0 am\u00e9liorer la fonctionnalit\u00e9 des RP2060 et RP4060 en offrant des options de pointes de navigation fiables et pr\u00e9cises. L'inclusion de plusieurs valeurs de r\u00e9sistance permet de r\u00e9pondre \u00e0 diverses applications et sc\u00e9narios de test. Cet accessoire est un compl\u00e9ment pratique pour les utilisateurs qui ont besoin de r\u00e9sistances de pointe de navigateur sp\u00e9cifiques dans leur travail.<\/p>","protected":false},"excerpt":{"rendered":"<p>Accessoire de pointe pour navigateur RP2060\/RP4060. Comprend des pointes de 0 \u03a9 (1x), 450 \u03a9 (10x) et 950 \u03a9 (20x).<\/p>","protected":false},"featured_media":7004,"comment_status":"closed","ping_status":"closed","template":"","meta":{"_acf_changed":false,"slim_seo":{"title":"RP4000-BROWSER - YOTAVIS AG","description":"Accessoire de pointe pour navigateur RP2060\/RP4060. Comprend des pointes de 0 \u03a9 (1x), 450 \u03a9 (10x) et 950 \u03a9 (20x)."}},"product_brand":[542],"product_cat":[510,509],"product_tag":[],"class_list":{"0":"post-3851","1":"product","2":"type-product","3":"status-publish","4":"has-post-thumbnail","6":"product_brand-lecroy","7":"product_cat-others-en","8":"product_cat-probes-en","9":"pa_imax-ac-a-1019","11":"first","12":"instock","13":"taxable","14":"shipping-taxable","15":"purchasable","16":"product-type-simple"},"acf":[],"_links":{"self":[{"href":"https:\/\/yotavis.ch\/fr\/wp-json\/wp\/v2\/product\/3851","targetHints":{"allow":["GET"]}}],"collection":[{"href":"https:\/\/yotavis.ch\/fr\/wp-json\/wp\/v2\/product"}],"about":[{"href":"https:\/\/yotavis.ch\/fr\/wp-json\/wp\/v2\/types\/product"}],"replies":[{"embeddable":true,"href":"https:\/\/yotavis.ch\/fr\/wp-json\/wp\/v2\/comments?post=3851"}],"wp:featuredmedia":[{"embeddable":true,"href":"https:\/\/yotavis.ch\/fr\/wp-json\/wp\/v2\/media\/7004"}],"wp:attachment":[{"href":"https:\/\/yotavis.ch\/fr\/wp-json\/wp\/v2\/media?parent=3851"}],"wp:term":[{"taxonomy":"product_brand","embeddable":true,"href":"https:\/\/yotavis.ch\/fr\/wp-json\/wp\/v2\/product_brand?post=3851"},{"taxonomy":"product_cat","embeddable":true,"href":"https:\/\/yotavis.ch\/fr\/wp-json\/wp\/v2\/product_cat?post=3851"},{"taxonomy":"product_tag","embeddable":true,"href":"https:\/\/yotavis.ch\/fr\/wp-json\/wp\/v2\/product_tag?post=3851"}],"curies":[{"name":"wp","href":"https:\/\/api.w.org\/{rel}","templated":true}]}}