{"id":3852,"date":"2025-10-09T00:00:00","date_gmt":"2025-10-08T22:00:00","guid":{"rendered":"https:\/\/yotavis.ch\/product\/dl02-hcm\/"},"modified":"2026-04-24T13:31:06","modified_gmt":"2026-04-24T11:31:06","slug":"dl02-hcm","status":"publish","type":"product","link":"https:\/\/yotavis.ch\/fr\/produit\/dl02-hcm\/","title":{"rendered":"DL02-HCM"},"content":{"rendered":"<p>La DL02-HCM est une sonde diff\u00e9rentielle en mode commun de 250 MHz con\u00e7ue pour traiter des tensions allant jusqu'\u00e0 60 V. Elle est fabriqu\u00e9e par Teledyne Lecroy et comprend un ensemble standard de fils et d'embouts pour une utilisation imm\u00e9diate. La sonde est dot\u00e9e d'une interface compatible avec les \u00e9quipements LeCroy, ce qui garantit une int\u00e9gration transparente avec les dispositifs connexes. Sa bande passante est sp\u00e9cifi\u00e9e \u00e0 250 MHz, ce qui la rend adapt\u00e9e aux applications n\u00e9cessitant cette gamme de fr\u00e9quences. La tension maximale de 60 V indique la tension la plus \u00e9lev\u00e9e que la sonde peut mesurer en toute s\u00e9curit\u00e9. Ce produit est destin\u00e9 \u00e0 \u00eatre utilis\u00e9 dans des environnements o\u00f9 des mesures diff\u00e9rentielles pr\u00e9cises sont n\u00e9cessaires, et les accessoires inclus permettent une connectivit\u00e9 polyvalente et des configurations de mesure.<\/p>","protected":false},"excerpt":{"rendered":"<p>Sonde diff\u00e9rentielle en mode commun 250 MHz 60 V. Comprend un ensemble standard de fils et d'embouts.<\/p>","protected":false},"featured_media":7007,"comment_status":"closed","ping_status":"closed","template":"","meta":{"_acf_changed":false,"slim_seo":{"title":"DL02-HCM - YOTAVIS AG","description":"Sonde diff\u00e9rentielle en mode commun 250 MHz 60 V. Comprend un ensemble standard de fils et d'embouts."}},"product_brand":[542],"product_cat":[535,509],"product_tag":[],"class_list":{"0":"post-3852","1":"product","2":"type-product","3":"status-publish","4":"has-post-thumbnail","6":"product_brand-lecroy","7":"product_cat-differential-probes-en","8":"product_cat-probes-en","9":"pa_bandwidth-mhz-207","10":"pa_imax-ac-a-1019","11":"pa_interface-lecroy","12":"pa_voltage-max-v-281","14":"first","15":"instock","16":"taxable","17":"shipping-taxable","18":"purchasable","19":"product-type-simple"},"acf":[],"_links":{"self":[{"href":"https:\/\/yotavis.ch\/fr\/wp-json\/wp\/v2\/product\/3852","targetHints":{"allow":["GET"]}}],"collection":[{"href":"https:\/\/yotavis.ch\/fr\/wp-json\/wp\/v2\/product"}],"about":[{"href":"https:\/\/yotavis.ch\/fr\/wp-json\/wp\/v2\/types\/product"}],"replies":[{"embeddable":true,"href":"https:\/\/yotavis.ch\/fr\/wp-json\/wp\/v2\/comments?post=3852"}],"wp:featuredmedia":[{"embeddable":true,"href":"https:\/\/yotavis.ch\/fr\/wp-json\/wp\/v2\/media\/7007"}],"wp:attachment":[{"href":"https:\/\/yotavis.ch\/fr\/wp-json\/wp\/v2\/media?parent=3852"}],"wp:term":[{"taxonomy":"product_brand","embeddable":true,"href":"https:\/\/yotavis.ch\/fr\/wp-json\/wp\/v2\/product_brand?post=3852"},{"taxonomy":"product_cat","embeddable":true,"href":"https:\/\/yotavis.ch\/fr\/wp-json\/wp\/v2\/product_cat?post=3852"},{"taxonomy":"product_tag","embeddable":true,"href":"https:\/\/yotavis.ch\/fr\/wp-json\/wp\/v2\/product_tag?post=3852"}],"curies":[{"name":"wp","href":"https:\/\/api.w.org\/{rel}","templated":true}]}}