{"id":3853,"date":"2025-10-09T00:00:00","date_gmt":"2025-10-08T22:00:00","guid":{"rendered":"https:\/\/yotavis.ch\/product\/dl05-hcm\/"},"modified":"2026-04-24T13:31:07","modified_gmt":"2026-04-24T11:31:07","slug":"dl05-hcm","status":"publish","type":"product","link":"https:\/\/yotavis.ch\/fr\/produit\/dl05-hcm\/","title":{"rendered":"DL05-HCM"},"content":{"rendered":"<p>La DL05-HCM est une sonde diff\u00e9rentielle en mode commun de 500 MHz con\u00e7ue pour traiter des tensions allant jusqu'\u00e0 60 V. Elle est fabriqu\u00e9e par Teledyne Lecroy et est \u00e9quip\u00e9e d'un jeu standard de fils et d'embouts pour une utilisation imm\u00e9diate. La sonde est dot\u00e9e d'une interface compatible avec les \u00e9quipements LeCroy, ce qui garantit une int\u00e9gration transparente avec les dispositifs connexes. Sa bande passante de 500 MHz permet une mesure pr\u00e9cise des signaux haute fr\u00e9quence dans sa plage de tension. L'appareil convient aux applications n\u00e9cessitant une analyse pr\u00e9cise des signaux diff\u00e9rentiels, en particulier lorsque les consid\u00e9rations de tension de mode commun sont critiques. L'inclusion de fils et d'embouts standard offre polyvalence et commodit\u00e9 pour divers sc\u00e9narios de test. Cette sonde est con\u00e7ue pour permettre un examen d\u00e9taill\u00e9 des signaux tout en restant compatible avec les syst\u00e8mes de mesure \u00e9tablis.<\/p>","protected":false},"excerpt":{"rendered":"<p>Sonde diff\u00e9rentielle 500 MHz 60 V en mode commun. Comprend un ensemble standard de fils et d'embouts.<\/p>","protected":false},"featured_media":7007,"comment_status":"closed","ping_status":"closed","template":"","meta":{"_acf_changed":false,"slim_seo":{"title":"DL05-HCM - YOTAVIS AG","description":"Sonde diff\u00e9rentielle 500 MHz 60 V en mode commun. Comprend un ensemble standard de fils et d'embouts."}},"product_brand":[542],"product_cat":[535,509],"product_tag":[],"class_list":{"0":"post-3853","1":"product","2":"type-product","3":"status-publish","4":"has-post-thumbnail","6":"product_brand-lecroy","7":"product_cat-differential-probes-en","8":"product_cat-probes-en","9":"pa_bandwidth-mhz-83","10":"pa_imax-ac-a-1019","11":"pa_interface-lecroy","12":"pa_voltage-max-v-281","14":"first","15":"instock","16":"taxable","17":"shipping-taxable","18":"purchasable","19":"product-type-simple"},"acf":[],"_links":{"self":[{"href":"https:\/\/yotavis.ch\/fr\/wp-json\/wp\/v2\/product\/3853","targetHints":{"allow":["GET"]}}],"collection":[{"href":"https:\/\/yotavis.ch\/fr\/wp-json\/wp\/v2\/product"}],"about":[{"href":"https:\/\/yotavis.ch\/fr\/wp-json\/wp\/v2\/types\/product"}],"replies":[{"embeddable":true,"href":"https:\/\/yotavis.ch\/fr\/wp-json\/wp\/v2\/comments?post=3853"}],"wp:featuredmedia":[{"embeddable":true,"href":"https:\/\/yotavis.ch\/fr\/wp-json\/wp\/v2\/media\/7007"}],"wp:attachment":[{"href":"https:\/\/yotavis.ch\/fr\/wp-json\/wp\/v2\/media?parent=3853"}],"wp:term":[{"taxonomy":"product_brand","embeddable":true,"href":"https:\/\/yotavis.ch\/fr\/wp-json\/wp\/v2\/product_brand?post=3853"},{"taxonomy":"product_cat","embeddable":true,"href":"https:\/\/yotavis.ch\/fr\/wp-json\/wp\/v2\/product_cat?post=3853"},{"taxonomy":"product_tag","embeddable":true,"href":"https:\/\/yotavis.ch\/fr\/wp-json\/wp\/v2\/product_tag?post=3853"}],"curies":[{"name":"wp","href":"https:\/\/api.w.org\/{rel}","templated":true}]}}