{"id":3854,"date":"2025-10-09T00:00:00","date_gmt":"2025-10-08T22:00:00","guid":{"rendered":"https:\/\/yotavis.ch\/product\/dl10-hcm\/"},"modified":"2026-04-24T13:31:07","modified_gmt":"2026-04-24T11:31:07","slug":"dl10-hcm","status":"publish","type":"product","link":"https:\/\/yotavis.ch\/fr\/produit\/dl10-hcm\/","title":{"rendered":"DL10-HCM"},"content":{"rendered":"<p>La DL10-HCM est une sonde diff\u00e9rentielle en mode commun de 1 GHz 60 V fabriqu\u00e9e par Teledyne Lecroy. Elle pr\u00e9sente une largeur de bande de 1000 MHz et une tension maximale de 60 V. La sonde comprend un ensemble standard de fils et d'embouts, fournissant les accessoires n\u00e9cessaires pour une utilisation imm\u00e9diate. Elle utilise l'interface LeCroy, ce qui garantit la compatibilit\u00e9 avec les \u00e9quipements connexes. Cette sonde est con\u00e7ue pour mesurer des signaux diff\u00e9rentiels \u00e0 haute fr\u00e9quence, ce qui la rend adapt\u00e9e \u00e0 diverses applications de test et de mesure. L'inclusion de fils et d'embouts standard permet une connectivit\u00e9 polyvalente et facilite l'installation. Le produit est con\u00e7u pour traiter des signaux jusqu'\u00e0 60 volts, ce qui permet une large gamme de mesures de tension.<\/p>","protected":false},"excerpt":{"rendered":"<p>Sonde diff\u00e9rentielle en mode commun de 1 GHz 60 V. Comprend un jeu standard de fils et d'embouts.<\/p>","protected":false},"featured_media":7008,"comment_status":"closed","ping_status":"closed","template":"","meta":{"_acf_changed":false,"slim_seo":{"title":"DL10-HCM - YOTAVIS AG","description":"Sonde diff\u00e9rentielle en mode commun de 1 GHz 60 V. Comprend un jeu standard de fils et d'embouts."}},"product_brand":[542],"product_cat":[535,509],"product_tag":[],"class_list":{"0":"post-3854","1":"product","2":"type-product","3":"status-publish","4":"has-post-thumbnail","6":"product_brand-lecroy","7":"product_cat-differential-probes-en","8":"product_cat-probes-en","9":"pa_bandwidth-mhz-84","10":"pa_imax-ac-a-1019","11":"pa_interface-lecroy","12":"pa_voltage-max-v-281","14":"first","15":"instock","16":"taxable","17":"shipping-taxable","18":"purchasable","19":"product-type-simple"},"acf":[],"_links":{"self":[{"href":"https:\/\/yotavis.ch\/fr\/wp-json\/wp\/v2\/product\/3854","targetHints":{"allow":["GET"]}}],"collection":[{"href":"https:\/\/yotavis.ch\/fr\/wp-json\/wp\/v2\/product"}],"about":[{"href":"https:\/\/yotavis.ch\/fr\/wp-json\/wp\/v2\/types\/product"}],"replies":[{"embeddable":true,"href":"https:\/\/yotavis.ch\/fr\/wp-json\/wp\/v2\/comments?post=3854"}],"wp:featuredmedia":[{"embeddable":true,"href":"https:\/\/yotavis.ch\/fr\/wp-json\/wp\/v2\/media\/7008"}],"wp:attachment":[{"href":"https:\/\/yotavis.ch\/fr\/wp-json\/wp\/v2\/media?parent=3854"}],"wp:term":[{"taxonomy":"product_brand","embeddable":true,"href":"https:\/\/yotavis.ch\/fr\/wp-json\/wp\/v2\/product_brand?post=3854"},{"taxonomy":"product_cat","embeddable":true,"href":"https:\/\/yotavis.ch\/fr\/wp-json\/wp\/v2\/product_cat?post=3854"},{"taxonomy":"product_tag","embeddable":true,"href":"https:\/\/yotavis.ch\/fr\/wp-json\/wp\/v2\/product_tag?post=3854"}],"curies":[{"name":"wp","href":"https:\/\/api.w.org\/{rel}","templated":true}]}}