{"id":3855,"date":"2025-10-09T00:00:00","date_gmt":"2025-10-08T22:00:00","guid":{"rendered":"https:\/\/yotavis.ch\/product\/dl-hcm-hitemp\/"},"modified":"2026-04-24T13:31:07","modified_gmt":"2026-04-24T11:31:07","slug":"dl-hcm-hitemp","status":"publish","type":"product","link":"https:\/\/yotavis.ch\/fr\/produit\/dl-hcm-hitemp\/","title":{"rendered":"DL-HCM-HITEMP"},"content":{"rendered":"<p>La pointe DL-HCM-HITEMP est une pointe \u00e0 souder haute temp\u00e9rature de la s\u00e9rie DL-HCM, con\u00e7ue pour fonctionner avec une largeur de bande de 30 MHz. D'une longueur de 1 m\u00e8tre, elle convient \u00e0 diverses applications n\u00e9cessitant une port\u00e9e \u00e9tendue. Ce produit est fabriqu\u00e9 par Teledyne Lecroy, une marque connue pour ses \u00e9quipements de test et de mesure \u00e9lectroniques. La pointe \u00e0 souder est con\u00e7ue pour supporter des conditions de haute temp\u00e9rature, garantissant des performances fiables dans des environnements exigeants. Sa bande passante de 30 MHz lui permet de prendre en charge des signaux dans cette gamme de fr\u00e9quences, ce qui la rend compatible avec un grand nombre de sc\u00e9narios de test \u00e9lectronique. La longueur de 1 m\u00e8tre offre une grande souplesse d'installation et de connexion, ce qui permet de s'adapter \u00e0 diff\u00e9rentes configurations. Cette pointe fait partie d'une s\u00e9rie qui met l'accent sur la durabilit\u00e9 et la pr\u00e9cision dans les applications \u00e0 haute temp\u00e9rature.<\/p>","protected":false},"excerpt":{"rendered":"<p>Pointe \u00e0 souder haute temp\u00e9rature de la s\u00e9rie DL-HCM, largeur de bande de 30 MHz, longueur de 1 m\u00e8tre.<\/p>","protected":false},"featured_media":7010,"comment_status":"closed","ping_status":"closed","template":"","meta":{"_acf_changed":false,"slim_seo":{"title":"DL-HCM-HITEMP - YOTAVIS AG","description":"Pointe \u00e0 souder haute temp\u00e9rature de la s\u00e9rie DL-HCM, largeur de bande de 30 MHz, longueur de 1 m\u00e8tre."}},"product_brand":[542],"product_cat":[510,509],"product_tag":[],"class_list":{"0":"post-3855","1":"product","2":"type-product","3":"status-publish","4":"has-post-thumbnail","6":"product_brand-lecroy","7":"product_cat-others-en","8":"product_cat-probes-en","9":"pa_imax-ac-a-1019","11":"first","12":"instock","13":"taxable","14":"shipping-taxable","15":"purchasable","16":"product-type-simple"},"acf":[],"_links":{"self":[{"href":"https:\/\/yotavis.ch\/fr\/wp-json\/wp\/v2\/product\/3855","targetHints":{"allow":["GET"]}}],"collection":[{"href":"https:\/\/yotavis.ch\/fr\/wp-json\/wp\/v2\/product"}],"about":[{"href":"https:\/\/yotavis.ch\/fr\/wp-json\/wp\/v2\/types\/product"}],"replies":[{"embeddable":true,"href":"https:\/\/yotavis.ch\/fr\/wp-json\/wp\/v2\/comments?post=3855"}],"wp:featuredmedia":[{"embeddable":true,"href":"https:\/\/yotavis.ch\/fr\/wp-json\/wp\/v2\/media\/7010"}],"wp:attachment":[{"href":"https:\/\/yotavis.ch\/fr\/wp-json\/wp\/v2\/media?parent=3855"}],"wp:term":[{"taxonomy":"product_brand","embeddable":true,"href":"https:\/\/yotavis.ch\/fr\/wp-json\/wp\/v2\/product_brand?post=3855"},{"taxonomy":"product_cat","embeddable":true,"href":"https:\/\/yotavis.ch\/fr\/wp-json\/wp\/v2\/product_cat?post=3855"},{"taxonomy":"product_tag","embeddable":true,"href":"https:\/\/yotavis.ch\/fr\/wp-json\/wp\/v2\/product_tag?post=3855"}],"curies":[{"name":"wp","href":"https:\/\/api.w.org\/{rel}","templated":true}]}}