{"id":3856,"date":"2025-10-09T00:00:00","date_gmt":"2025-10-08T22:00:00","guid":{"rendered":"https:\/\/yotavis.ch\/product\/dl-hcm-acc-kit\/"},"modified":"2026-04-24T13:31:08","modified_gmt":"2026-04-24T11:31:08","slug":"dl-hcm-acc-kit","status":"publish","type":"product","link":"https:\/\/yotavis.ch\/fr\/produit\/dl-hcm-acc-kit\/","title":{"rendered":"DL-HCM-ACC-KIT"},"content":{"rendered":"<p>Le DL-HCM-ACC-KIT de Teledyne Lecroy est un kit d'accessoires con\u00e7u pour la s\u00e9rie DL-HCM. Il comprend un support de sonde, qui permet de s\u00e9curiser les sondes pendant l'utilisation. Le kit contient \u00e9galement deux pinces micro IC, permettant des connexions pr\u00e9cises aux circuits int\u00e9gr\u00e9s. De plus, un adaptateur Y-banane fait partie du kit, permettant des options de connectivit\u00e9 polyvalentes. Cette combinaison d'accessoires permet de r\u00e9aliser diverses t\u00e2ches de test et de mesure en am\u00e9liorant la fonctionnalit\u00e9 des \u00e9quipements de la s\u00e9rie DL-HCM.<\/p>","protected":false},"excerpt":{"rendered":"<p>Kit d'accessoires de la s\u00e9rie DL-HCM comprenant un support de sonde, des pinces micro IC (Qt\u00e9 2) et un adaptateur Y-banane.<\/p>","protected":false},"featured_media":7009,"comment_status":"closed","ping_status":"closed","template":"","meta":{"_acf_changed":false,"slim_seo":{"title":"DL-HCM-ACC-KIT - YOTAVIS AG","description":"Kit d'accessoires de la s\u00e9rie DL-HCM comprenant un support de sonde, des pinces micro IC (Qt\u00e9 2) et un adaptateur Y-banane."}},"product_brand":[542],"product_cat":[510,509],"product_tag":[],"class_list":{"0":"post-3856","1":"product","2":"type-product","3":"status-publish","4":"has-post-thumbnail","6":"product_brand-lecroy","7":"product_cat-others-en","8":"product_cat-probes-en","9":"pa_imax-ac-a-1019","11":"first","12":"instock","13":"taxable","14":"shipping-taxable","15":"purchasable","16":"product-type-simple"},"acf":[],"_links":{"self":[{"href":"https:\/\/yotavis.ch\/fr\/wp-json\/wp\/v2\/product\/3856","targetHints":{"allow":["GET"]}}],"collection":[{"href":"https:\/\/yotavis.ch\/fr\/wp-json\/wp\/v2\/product"}],"about":[{"href":"https:\/\/yotavis.ch\/fr\/wp-json\/wp\/v2\/types\/product"}],"replies":[{"embeddable":true,"href":"https:\/\/yotavis.ch\/fr\/wp-json\/wp\/v2\/comments?post=3856"}],"wp:featuredmedia":[{"embeddable":true,"href":"https:\/\/yotavis.ch\/fr\/wp-json\/wp\/v2\/media\/7009"}],"wp:attachment":[{"href":"https:\/\/yotavis.ch\/fr\/wp-json\/wp\/v2\/media?parent=3856"}],"wp:term":[{"taxonomy":"product_brand","embeddable":true,"href":"https:\/\/yotavis.ch\/fr\/wp-json\/wp\/v2\/product_brand?post=3856"},{"taxonomy":"product_cat","embeddable":true,"href":"https:\/\/yotavis.ch\/fr\/wp-json\/wp\/v2\/product_cat?post=3856"},{"taxonomy":"product_tag","embeddable":true,"href":"https:\/\/yotavis.ch\/fr\/wp-json\/wp\/v2\/product_tag?post=3856"}],"curies":[{"name":"wp","href":"https:\/\/api.w.org\/{rel}","templated":true}]}}