{"id":3859,"date":"2025-10-09T00:00:00","date_gmt":"2025-10-08T22:00:00","guid":{"rendered":"https:\/\/yotavis.ch\/product\/hvd3102a-noacc\/"},"modified":"2026-04-24T13:31:09","modified_gmt":"2026-04-24T11:31:09","slug":"hvd3102a-noacc","status":"publish","type":"product","link":"https:\/\/yotavis.ch\/fr\/produit\/hvd3102a-noacc\/","title":{"rendered":"HVD3102A-NOACC"},"content":{"rendered":"<p>La sonde Teledyne Lecroy HVD3102A-NOACC est une sonde diff\u00e9rentielle haute tension con\u00e7ue pour traiter jusqu'\u00e0 1kV et fonctionne avec une bande passante de 25 MHz. Ce mod\u00e8le est dot\u00e9 d'une fonction de d\u00e9connexion automatique du z\u00e9ro, qui permet de maintenir la pr\u00e9cision des mesures en compensant automatiquement les tensions de d\u00e9calage. Il ne comprend pas d'accessoires de pointe, ce qui le rend adapt\u00e9 aux utilisateurs qui pr\u00e9f\u00e8rent utiliser leurs propres accessoires ou qui ont besoin d'une configuration sp\u00e9cifique. La sonde s'interface avec les \u00e9quipements LeCroy, assurant la compatibilit\u00e9 avec une gamme d'appareils de test et de mesure de la marque. Sa conception permet des mesures de haute tension tout en maintenant l'int\u00e9grit\u00e9 du signal dans la plage de fr\u00e9quence sp\u00e9cifi\u00e9e. La sonde est destin\u00e9e aux applications n\u00e9cessitant des mesures pr\u00e9cises de tension diff\u00e9rentielle \u00e0 des fr\u00e9quences allant jusqu'\u00e0 25 MHz et des tensions allant jusqu'\u00e0 1000 volts. Cette combinaison de caract\u00e9ristiques en fait un outil sp\u00e9cialis\u00e9 pour les environnements de test \u00e9lectrique o\u00f9 une tension \u00e9lev\u00e9e et des mesures diff\u00e9rentielles pr\u00e9cises sont n\u00e9cessaires.<\/p>","protected":false},"excerpt":{"rendered":"<p>Sonde diff\u00e9rentielle haute tension 1kV, 25 MHz sans accessoires de pointe et avec d\u00e9connexion automatique du z\u00e9ro<\/p>","protected":false},"featured_media":7020,"comment_status":"closed","ping_status":"closed","template":"","meta":{"_acf_changed":false,"slim_seo":{"title":"HVD3102A-NOACC - YOTAVIS AG","description":"Sonde diff\u00e9rentielle haute tension 1kV, 25 MHz sans accessoires de pointe et avec d\u00e9connexion automatique du z\u00e9ro"}},"product_brand":[542],"product_cat":[537,509],"product_tag":[],"class_list":{"0":"post-3859","1":"product","2":"type-product","3":"status-publish","4":"has-post-thumbnail","6":"product_brand-lecroy","7":"product_cat-high-voltage-probes-en","8":"product_cat-probes-en","9":"pa_bandwidth-mhz-284","10":"pa_imax-ac-a-1019","11":"pa_interface-lecroy","12":"pa_voltage-max-v-208","14":"first","15":"instock","16":"taxable","17":"shipping-taxable","18":"purchasable","19":"product-type-simple"},"acf":[],"_links":{"self":[{"href":"https:\/\/yotavis.ch\/fr\/wp-json\/wp\/v2\/product\/3859","targetHints":{"allow":["GET"]}}],"collection":[{"href":"https:\/\/yotavis.ch\/fr\/wp-json\/wp\/v2\/product"}],"about":[{"href":"https:\/\/yotavis.ch\/fr\/wp-json\/wp\/v2\/types\/product"}],"replies":[{"embeddable":true,"href":"https:\/\/yotavis.ch\/fr\/wp-json\/wp\/v2\/comments?post=3859"}],"wp:featuredmedia":[{"embeddable":true,"href":"https:\/\/yotavis.ch\/fr\/wp-json\/wp\/v2\/media\/7020"}],"wp:attachment":[{"href":"https:\/\/yotavis.ch\/fr\/wp-json\/wp\/v2\/media?parent=3859"}],"wp:term":[{"taxonomy":"product_brand","embeddable":true,"href":"https:\/\/yotavis.ch\/fr\/wp-json\/wp\/v2\/product_brand?post=3859"},{"taxonomy":"product_cat","embeddable":true,"href":"https:\/\/yotavis.ch\/fr\/wp-json\/wp\/v2\/product_cat?post=3859"},{"taxonomy":"product_tag","embeddable":true,"href":"https:\/\/yotavis.ch\/fr\/wp-json\/wp\/v2\/product_tag?post=3859"}],"curies":[{"name":"wp","href":"https:\/\/api.w.org\/{rel}","templated":true}]}}