{"id":3861,"date":"2025-10-09T00:00:00","date_gmt":"2025-10-08T22:00:00","guid":{"rendered":"https:\/\/yotavis.ch\/product\/hvd3106a-noacc\/"},"modified":"2026-04-24T13:31:09","modified_gmt":"2026-04-24T11:31:09","slug":"hvd3106a-noacc","status":"publish","type":"product","link":"https:\/\/yotavis.ch\/fr\/produit\/hvd3106a-noacc\/","title":{"rendered":"HVD3106A-NOACC"},"content":{"rendered":"<p>La sonde Teledyne Lecroy HVD3106A-NOACC est une sonde diff\u00e9rentielle haute tension con\u00e7ue pour traiter des tensions allant jusqu'\u00e0 1kV. Elle dispose d'une bande passante de 120 MHz, ce qui la rend adapt\u00e9e aux applications n\u00e9cessitant des mesures de signaux \u00e0 haute fr\u00e9quence. Ce mod\u00e8le est livr\u00e9 sans accessoires de pointe mais comprend une fonction de d\u00e9connexion automatique du z\u00e9ro, qui aide \u00e0 maintenir la pr\u00e9cision des mesures en compensant automatiquement les tensions de d\u00e9calage. La sonde s'interface avec l'\u00e9quipement LeCroy, assurant la compatibilit\u00e9 avec une gamme d'appareils de test et de mesure. Sa conception permet des mesures pr\u00e9cises de tension diff\u00e9rentielle dans des environnements o\u00f9 une isolation haute tension est n\u00e9cessaire. L'absence d'accessoires suppl\u00e9mentaires signifie qu'elle est destin\u00e9e aux utilisateurs qui poss\u00e8dent d\u00e9j\u00e0 des pointes compatibles ou qui pr\u00e9f\u00e8rent choisir leurs propres pointes. Cette sonde fait partie de la gamme d'outils de mesure sp\u00e9cialis\u00e9s de Teledyne Lecroy visant \u00e0 fournir une acquisition de donn\u00e9es fiable et pr\u00e9cise dans des sc\u00e9narios de test \u00e9lectrique exigeants.<\/p>","protected":false},"excerpt":{"rendered":"<p>Sonde diff\u00e9rentielle haute tension 1kV, 120 MHz sans accessoires de pointe et avec d\u00e9connexion automatique du z\u00e9ro<\/p>","protected":false},"featured_media":7023,"comment_status":"closed","ping_status":"closed","template":"","meta":{"_acf_changed":false,"slim_seo":{"title":"HVD3106A-NOACC - YOTAVIS AG","description":"Sonde diff\u00e9rentielle haute tension 1kV, 120 MHz sans accessoires de pointe et avec d\u00e9connexion automatique du z\u00e9ro"}},"product_brand":[542],"product_cat":[537,509],"product_tag":[],"class_list":{"0":"post-3861","1":"product","2":"type-product","3":"status-publish","4":"has-post-thumbnail","6":"product_brand-lecroy","7":"product_cat-high-voltage-probes-en","8":"product_cat-probes-en","9":"pa_bandwidth-mhz-285","10":"pa_imax-ac-a-1019","11":"pa_interface-lecroy","12":"pa_voltage-max-v-208","14":"first","15":"instock","16":"taxable","17":"shipping-taxable","18":"purchasable","19":"product-type-simple"},"acf":[],"_links":{"self":[{"href":"https:\/\/yotavis.ch\/fr\/wp-json\/wp\/v2\/product\/3861","targetHints":{"allow":["GET"]}}],"collection":[{"href":"https:\/\/yotavis.ch\/fr\/wp-json\/wp\/v2\/product"}],"about":[{"href":"https:\/\/yotavis.ch\/fr\/wp-json\/wp\/v2\/types\/product"}],"replies":[{"embeddable":true,"href":"https:\/\/yotavis.ch\/fr\/wp-json\/wp\/v2\/comments?post=3861"}],"wp:featuredmedia":[{"embeddable":true,"href":"https:\/\/yotavis.ch\/fr\/wp-json\/wp\/v2\/media\/7023"}],"wp:attachment":[{"href":"https:\/\/yotavis.ch\/fr\/wp-json\/wp\/v2\/media?parent=3861"}],"wp:term":[{"taxonomy":"product_brand","embeddable":true,"href":"https:\/\/yotavis.ch\/fr\/wp-json\/wp\/v2\/product_brand?post=3861"},{"taxonomy":"product_cat","embeddable":true,"href":"https:\/\/yotavis.ch\/fr\/wp-json\/wp\/v2\/product_cat?post=3861"},{"taxonomy":"product_tag","embeddable":true,"href":"https:\/\/yotavis.ch\/fr\/wp-json\/wp\/v2\/product_tag?post=3861"}],"curies":[{"name":"wp","href":"https:\/\/api.w.org\/{rel}","templated":true}]}}