{"id":3862,"date":"2025-10-09T00:00:00","date_gmt":"2025-10-08T22:00:00","guid":{"rendered":"https:\/\/yotavis.ch\/product\/hvd3106a\/"},"modified":"2026-04-24T13:31:10","modified_gmt":"2026-04-24T11:31:10","slug":"hvd3106a","status":"publish","type":"product","link":"https:\/\/yotavis.ch\/fr\/produit\/hvd3106a\/","title":{"rendered":"HVD3106A"},"content":{"rendered":"<p>La sonde Teledyne Lecroy HVD3106A est une sonde diff\u00e9rentielle haute tension con\u00e7ue pour traiter des tensions allant jusqu'\u00e0 1kV. Elle dispose d'une bande passante de 120 MHz, ce qui la rend adapt\u00e9e aux applications n\u00e9cessitant des mesures de signaux \u00e0 haute fr\u00e9quence. Cette sonde comprend une fonction de d\u00e9connexion automatique du z\u00e9ro, qui aide \u00e0 maintenir la pr\u00e9cision en compensant automatiquement les tensions de d\u00e9calage. L'interface utilis\u00e9e par cette sonde est LeCroy, ce qui garantit la compatibilit\u00e9 avec les oscilloscopes et les syst\u00e8mes de mesure LeCroy. La sonde HVD3106A est con\u00e7ue pour fournir des performances fiables dans des environnements \u00e0 haute tension, permettant des mesures diff\u00e9rentielles pr\u00e9cises. Sa conception est ax\u00e9e sur le maintien de l'int\u00e9grit\u00e9 du signal \u00e0 des tensions et des fr\u00e9quences \u00e9lev\u00e9es, ce qui en fait un outil sp\u00e9cialis\u00e9 pour les tests et les diagnostics \u00e9lectriques. La combinaison de sa tension nominale et de sa bande passante lui permet d'\u00eatre utilis\u00e9 dans une vari\u00e9t\u00e9 de sc\u00e9narios de test o\u00f9 la haute tension et la haute fr\u00e9quence sont pr\u00e9sentes.<\/p>","protected":false},"excerpt":{"rendered":"<p>Sonde diff\u00e9rentielle haute tension 1kV, 120 MHz avec d\u00e9connexion automatique du z\u00e9ro<\/p>","protected":false},"featured_media":7022,"comment_status":"closed","ping_status":"closed","template":"","meta":{"_acf_changed":false,"slim_seo":{"title":"HVD3106A - YOTAVIS AG","description":"Sonde diff\u00e9rentielle haute tension 1kV, 120 MHz avec d\u00e9connexion automatique du z\u00e9ro"}},"product_brand":[542],"product_cat":[537,509],"product_tag":[],"class_list":{"0":"post-3862","1":"product","2":"type-product","3":"status-publish","4":"has-post-thumbnail","6":"product_brand-lecroy","7":"product_cat-high-voltage-probes-en","8":"product_cat-probes-en","9":"pa_bandwidth-mhz-285","10":"pa_imax-ac-a-1019","11":"pa_interface-lecroy","12":"pa_voltage-max-v-208","14":"first","15":"instock","16":"taxable","17":"shipping-taxable","18":"purchasable","19":"product-type-simple"},"acf":[],"_links":{"self":[{"href":"https:\/\/yotavis.ch\/fr\/wp-json\/wp\/v2\/product\/3862","targetHints":{"allow":["GET"]}}],"collection":[{"href":"https:\/\/yotavis.ch\/fr\/wp-json\/wp\/v2\/product"}],"about":[{"href":"https:\/\/yotavis.ch\/fr\/wp-json\/wp\/v2\/types\/product"}],"replies":[{"embeddable":true,"href":"https:\/\/yotavis.ch\/fr\/wp-json\/wp\/v2\/comments?post=3862"}],"wp:featuredmedia":[{"embeddable":true,"href":"https:\/\/yotavis.ch\/fr\/wp-json\/wp\/v2\/media\/7022"}],"wp:attachment":[{"href":"https:\/\/yotavis.ch\/fr\/wp-json\/wp\/v2\/media?parent=3862"}],"wp:term":[{"taxonomy":"product_brand","embeddable":true,"href":"https:\/\/yotavis.ch\/fr\/wp-json\/wp\/v2\/product_brand?post=3862"},{"taxonomy":"product_cat","embeddable":true,"href":"https:\/\/yotavis.ch\/fr\/wp-json\/wp\/v2\/product_cat?post=3862"},{"taxonomy":"product_tag","embeddable":true,"href":"https:\/\/yotavis.ch\/fr\/wp-json\/wp\/v2\/product_tag?post=3862"}],"curies":[{"name":"wp","href":"https:\/\/api.w.org\/{rel}","templated":true}]}}