{"id":3871,"date":"2025-10-09T00:00:00","date_gmt":"2025-10-08T22:00:00","guid":{"rendered":"https:\/\/yotavis.ch\/product\/cp031\/"},"modified":"2026-04-24T13:31:17","modified_gmt":"2026-04-24T11:31:17","slug":"cp031","status":"publish","type":"product","link":"https:\/\/yotavis.ch\/fr\/produit\/cp031\/","title":{"rendered":"CP031"},"content":{"rendered":"<p>La sonde de courant Teledyne Lecroy CP031 est con\u00e7ue pour mesurer les courants alternatifs et continus avec une intensit\u00e9 maximale de 30 A eff. et un courant impulsionnel de cr\u00eate de 50 A. Elle fonctionne avec une bande passante de 100 MHz, ce qui lui permet de capturer des signaux avec des fr\u00e9quences allant jusqu'\u00e0 cette limite. La sonde est \u00e9quip\u00e9e d'un c\u00e2ble de 1,5 m\u00e8tre, ce qui offre une grande souplesse de connexion aux instruments de mesure. Elle est dot\u00e9e d'une tension maximale de 30 V, ce qui garantit sa compatibilit\u00e9 avec divers environnements de test. L'interface utilis\u00e9e par cette sonde est LeCroy, ce qui facilite l'int\u00e9gration avec des appareils compatibles. Cette sonde de courant convient aux applications n\u00e9cessitant des mesures de courant pr\u00e9cises dans la gamme et la bande passante sp\u00e9cifi\u00e9es.<\/p>","protected":false},"excerpt":{"rendered":"<p>30A, 100 MHz Current Probe &#8211; AC\/DC, 30 A rms, 50 A Peak Pulse, 1.5 meter cable<\/p>","protected":false},"featured_media":7040,"comment_status":"closed","ping_status":"closed","template":"","meta":{"_acf_changed":false,"slim_seo":{"title":"CP031 - YOTAVIS AG","description":"Sonde de courant 30A, 100 MHz - AC\/DC, 30 A rms, 50 A Peak Pulse, c\u00e2ble de 1,5 m\u00e8tre"}},"product_brand":[542],"product_cat":[536,509],"product_tag":[],"class_list":{"0":"post-3871","1":"product","2":"type-product","3":"status-publish","4":"has-post-thumbnail","6":"product_brand-lecroy","7":"product_cat-current-probes-en","8":"product_cat-probes-en","9":"pa_bandwidth-mhz-90","10":"pa_imax-ac-a-1019","11":"pa_interface-lecroy","12":"pa_voltage-max-v-290","14":"first","15":"instock","16":"taxable","17":"shipping-taxable","18":"purchasable","19":"product-type-simple"},"acf":[],"_links":{"self":[{"href":"https:\/\/yotavis.ch\/fr\/wp-json\/wp\/v2\/product\/3871","targetHints":{"allow":["GET"]}}],"collection":[{"href":"https:\/\/yotavis.ch\/fr\/wp-json\/wp\/v2\/product"}],"about":[{"href":"https:\/\/yotavis.ch\/fr\/wp-json\/wp\/v2\/types\/product"}],"replies":[{"embeddable":true,"href":"https:\/\/yotavis.ch\/fr\/wp-json\/wp\/v2\/comments?post=3871"}],"wp:featuredmedia":[{"embeddable":true,"href":"https:\/\/yotavis.ch\/fr\/wp-json\/wp\/v2\/media\/7040"}],"wp:attachment":[{"href":"https:\/\/yotavis.ch\/fr\/wp-json\/wp\/v2\/media?parent=3871"}],"wp:term":[{"taxonomy":"product_brand","embeddable":true,"href":"https:\/\/yotavis.ch\/fr\/wp-json\/wp\/v2\/product_brand?post=3871"},{"taxonomy":"product_cat","embeddable":true,"href":"https:\/\/yotavis.ch\/fr\/wp-json\/wp\/v2\/product_cat?post=3871"},{"taxonomy":"product_tag","embeddable":true,"href":"https:\/\/yotavis.ch\/fr\/wp-json\/wp\/v2\/product_tag?post=3871"}],"curies":[{"name":"wp","href":"https:\/\/api.w.org\/{rel}","templated":true}]}}