{"id":3872,"date":"2025-10-09T00:00:00","date_gmt":"2025-10-08T22:00:00","guid":{"rendered":"https:\/\/yotavis.ch\/product\/cp031a\/"},"modified":"2026-04-24T13:31:17","modified_gmt":"2026-04-24T11:31:17","slug":"cp031a","status":"publish","type":"product","link":"https:\/\/yotavis.ch\/fr\/produit\/cp031a\/","title":{"rendered":"CP031A"},"content":{"rendered":"<p>La sonde de courant Teledyne Lecroy CP031A est une sonde de courant \u00e0 haute sensibilit\u00e9 con\u00e7ue pour mesurer les courants alternatifs et continus avec une bande passante maximale de 100 MHz. Elle permet de mesurer un courant continu jusqu'\u00e0 30 A eff. et peut g\u00e9rer des pics de courant impulsionnel jusqu'\u00e0 50 A. La sonde est \u00e9quip\u00e9e d'un c\u00e2ble de 1,5 m\u00e8tre, ce qui lui conf\u00e8re une grande souplesse d'utilisation dans divers environnements de test. Elle fonctionne avec une tension maximale de 30 V, ce qui garantit sa compatibilit\u00e9 avec toute une s\u00e9rie d'appareils \u00e9lectroniques. L'interface utilis\u00e9e par cette sonde est LeCroy, ce qui permet une int\u00e9gration transparente avec les \u00e9quipements compatibles. Cette sonde de courant convient aux applications n\u00e9cessitant des mesures de courant pr\u00e9cises dans les limites de fr\u00e9quence et de courant sp\u00e9cifi\u00e9es. Sa conception est ax\u00e9e sur la fourniture de lectures pr\u00e9cises pour les signaux CA et CC sur une large gamme de fr\u00e9quences.<\/p>","protected":false},"excerpt":{"rendered":"<p>30A, 100 MHz High Sensitivity Current Probe &#8211; AC\/DC, 30 A rms, 50 A Peak Pulse, 1.5 meter cable<\/p>","protected":false},"featured_media":7039,"comment_status":"closed","ping_status":"closed","template":"","meta":{"_acf_changed":false,"slim_seo":{"title":"CP031A - YOTAVIS AG","description":"Sonde de courant haute sensibilit\u00e9 30A, 100 MHz - AC\/DC, 30 A rms, 50 A Peak Pulse, c\u00e2ble de 1,5 m\u00e8tre"}},"product_brand":[542],"product_cat":[536,509],"product_tag":[],"class_list":{"0":"post-3872","1":"product","2":"type-product","3":"status-publish","4":"has-post-thumbnail","6":"product_brand-lecroy","7":"product_cat-current-probes-en","8":"product_cat-probes-en","9":"pa_bandwidth-mhz-90","10":"pa_imax-ac-a-1019","11":"pa_interface-lecroy","12":"pa_voltage-max-v-290","14":"first","15":"instock","16":"taxable","17":"shipping-taxable","18":"purchasable","19":"product-type-simple"},"acf":[],"_links":{"self":[{"href":"https:\/\/yotavis.ch\/fr\/wp-json\/wp\/v2\/product\/3872","targetHints":{"allow":["GET"]}}],"collection":[{"href":"https:\/\/yotavis.ch\/fr\/wp-json\/wp\/v2\/product"}],"about":[{"href":"https:\/\/yotavis.ch\/fr\/wp-json\/wp\/v2\/types\/product"}],"replies":[{"embeddable":true,"href":"https:\/\/yotavis.ch\/fr\/wp-json\/wp\/v2\/comments?post=3872"}],"wp:featuredmedia":[{"embeddable":true,"href":"https:\/\/yotavis.ch\/fr\/wp-json\/wp\/v2\/media\/7039"}],"wp:attachment":[{"href":"https:\/\/yotavis.ch\/fr\/wp-json\/wp\/v2\/media?parent=3872"}],"wp:term":[{"taxonomy":"product_brand","embeddable":true,"href":"https:\/\/yotavis.ch\/fr\/wp-json\/wp\/v2\/product_brand?post=3872"},{"taxonomy":"product_cat","embeddable":true,"href":"https:\/\/yotavis.ch\/fr\/wp-json\/wp\/v2\/product_cat?post=3872"},{"taxonomy":"product_tag","embeddable":true,"href":"https:\/\/yotavis.ch\/fr\/wp-json\/wp\/v2\/product_tag?post=3872"}],"curies":[{"name":"wp","href":"https:\/\/api.w.org\/{rel}","templated":true}]}}