{"id":3873,"date":"2025-10-09T00:00:00","date_gmt":"2025-10-08T22:00:00","guid":{"rendered":"https:\/\/yotavis.ch\/product\/cp150b\/"},"modified":"2026-04-24T13:31:17","modified_gmt":"2026-04-24T11:31:17","slug":"cp150b","status":"publish","type":"product","link":"https:\/\/yotavis.ch\/fr\/produit\/cp150b\/","title":{"rendered":"CP150B"},"content":{"rendered":"<p>La sonde de courant Teledyne Lecroy CP150B est con\u00e7ue pour mesurer les courants alternatifs et continus avec une intensit\u00e9 maximale de 150 A eff. et un courant de cr\u00eate de 500 A. Elle fonctionne avec une bande passante de 10 MHz, ce qui lui permet de capturer avec pr\u00e9cision les signaux dans cette gamme de fr\u00e9quences. La sonde est \u00e9quip\u00e9e d'un c\u00e2ble de 2 m\u00e8tres, ce qui offre une grande souplesse de positionnement et une grande facilit\u00e9 d'utilisation pendant les mesures. Elle est dot\u00e9e d'une tension nominale maximale de 150 V, ce qui garantit sa compatibilit\u00e9 avec divers environnements de test. La CP150B s'interface avec les \u00e9quipements LeCroy, ce qui facilite son int\u00e9gration dans les installations existantes. Cette sonde de courant convient aux applications n\u00e9cessitant des mesures de courant pr\u00e9cises jusqu'aux limites sp\u00e9cifi\u00e9es et \u00e0 la bande passante.<\/p>","protected":false},"excerpt":{"rendered":"<p>150 A, 10 MHz Current Probe &#8211; AC\/DC, 150 A rms, 500 A Peak Pulse, 2 meter cable<\/p>","protected":false},"featured_media":7042,"comment_status":"closed","ping_status":"closed","template":"","meta":{"_acf_changed":false,"slim_seo":{"title":"CP150B - YOTAVIS AG","description":"Sonde de courant 150 A, 10 MHz - AC\/DC, 150 A rms, 500 A Peak Pulse, c\u00e2ble de 2 m\u00e8tres"}},"product_brand":[542],"product_cat":[536,509],"product_tag":[],"class_list":{"0":"post-3873","1":"product","2":"type-product","3":"status-publish","4":"has-post-thumbnail","6":"product_brand-lecroy","7":"product_cat-current-probes-en","8":"product_cat-probes-en","9":"pa_bandwidth-mhz-291","10":"pa_imax-ac-a-1019","11":"pa_interface-lecroy","12":"pa_voltage-max-v-292","14":"first","15":"instock","16":"taxable","17":"shipping-taxable","18":"purchasable","19":"product-type-simple"},"acf":[],"_links":{"self":[{"href":"https:\/\/yotavis.ch\/fr\/wp-json\/wp\/v2\/product\/3873","targetHints":{"allow":["GET"]}}],"collection":[{"href":"https:\/\/yotavis.ch\/fr\/wp-json\/wp\/v2\/product"}],"about":[{"href":"https:\/\/yotavis.ch\/fr\/wp-json\/wp\/v2\/types\/product"}],"replies":[{"embeddable":true,"href":"https:\/\/yotavis.ch\/fr\/wp-json\/wp\/v2\/comments?post=3873"}],"wp:featuredmedia":[{"embeddable":true,"href":"https:\/\/yotavis.ch\/fr\/wp-json\/wp\/v2\/media\/7042"}],"wp:attachment":[{"href":"https:\/\/yotavis.ch\/fr\/wp-json\/wp\/v2\/media?parent=3873"}],"wp:term":[{"taxonomy":"product_brand","embeddable":true,"href":"https:\/\/yotavis.ch\/fr\/wp-json\/wp\/v2\/product_brand?post=3873"},{"taxonomy":"product_cat","embeddable":true,"href":"https:\/\/yotavis.ch\/fr\/wp-json\/wp\/v2\/product_cat?post=3873"},{"taxonomy":"product_tag","embeddable":true,"href":"https:\/\/yotavis.ch\/fr\/wp-json\/wp\/v2\/product_tag?post=3873"}],"curies":[{"name":"wp","href":"https:\/\/api.w.org\/{rel}","templated":true}]}}