{"id":3875,"date":"2025-10-09T00:00:00","date_gmt":"2025-10-08T22:00:00","guid":{"rendered":"https:\/\/yotavis.ch\/product\/cp150-6m\/"},"modified":"2026-04-24T13:31:18","modified_gmt":"2026-04-24T11:31:18","slug":"cp150-6m","status":"publish","type":"product","link":"https:\/\/yotavis.ch\/fr\/produit\/cp150-6m\/","title":{"rendered":"CP150-6M#"},"content":{"rendered":"<p>La sonde de courant Teledyne Lecroy CP150-6M# est con\u00e7ue pour mesurer des courants jusqu'\u00e0 150 A eff. avec une capacit\u00e9 d'impulsion de cr\u00eate de 500 A. Elle fonctionne avec une bande passante de 5 MHz, ce qui lui permet de capturer des signaux dans cette gamme de fr\u00e9quence. La sonde est \u00e9quip\u00e9e d'un c\u00e2ble de 6 m\u00e8tres, ce qui permet d'\u00e9tendre la port\u00e9e pour diverses configurations de mesure. Elle est capable de g\u00e9rer des tensions allant jusqu'\u00e0 150 V, ce qui la rend adapt\u00e9e \u00e0 une gamme de mesures de courant alternatif et continu. L'interface utilis\u00e9e par cette sonde est LeCroy, ce qui garantit la compatibilit\u00e9 avec les \u00e9quipements connexes. Ce mod\u00e8le est con\u00e7u pour prendre en charge les mesures de courant CA et CC, ce qui lui conf\u00e8re une grande polyvalence dans diff\u00e9rents environnements de test.<\/p>","protected":false},"excerpt":{"rendered":"<p>150 A, 5 MHz Current Probe &#8211; AC\/DC, 150 A rms, 500 A Peak Pulse, 6 meter cable<\/p>","protected":false},"featured_media":7043,"comment_status":"closed","ping_status":"closed","template":"","meta":{"_acf_changed":false,"slim_seo":{"title":"CP150-6M# - YOTAVIS AG","description":"Sonde de courant 150 A, 5 MHz - AC\/DC, 150 A rms, 500 A Peak Pulse, c\u00e2ble de 6 m\u00e8tres"}},"product_brand":[542],"product_cat":[536,509],"product_tag":[],"class_list":{"0":"post-3875","1":"product","2":"type-product","3":"status-publish","4":"has-post-thumbnail","6":"product_brand-lecroy","7":"product_cat-current-probes-en","8":"product_cat-probes-en","9":"pa_bandwidth-mhz-220","10":"pa_imax-ac-a-1019","11":"pa_interface-lecroy","12":"pa_voltage-max-v-292","14":"first","15":"instock","16":"taxable","17":"shipping-taxable","18":"purchasable","19":"product-type-simple"},"acf":[],"_links":{"self":[{"href":"https:\/\/yotavis.ch\/fr\/wp-json\/wp\/v2\/product\/3875","targetHints":{"allow":["GET"]}}],"collection":[{"href":"https:\/\/yotavis.ch\/fr\/wp-json\/wp\/v2\/product"}],"about":[{"href":"https:\/\/yotavis.ch\/fr\/wp-json\/wp\/v2\/types\/product"}],"replies":[{"embeddable":true,"href":"https:\/\/yotavis.ch\/fr\/wp-json\/wp\/v2\/comments?post=3875"}],"wp:featuredmedia":[{"embeddable":true,"href":"https:\/\/yotavis.ch\/fr\/wp-json\/wp\/v2\/media\/7043"}],"wp:attachment":[{"href":"https:\/\/yotavis.ch\/fr\/wp-json\/wp\/v2\/media?parent=3875"}],"wp:term":[{"taxonomy":"product_brand","embeddable":true,"href":"https:\/\/yotavis.ch\/fr\/wp-json\/wp\/v2\/product_brand?post=3875"},{"taxonomy":"product_cat","embeddable":true,"href":"https:\/\/yotavis.ch\/fr\/wp-json\/wp\/v2\/product_cat?post=3875"},{"taxonomy":"product_tag","embeddable":true,"href":"https:\/\/yotavis.ch\/fr\/wp-json\/wp\/v2\/product_tag?post=3875"}],"curies":[{"name":"wp","href":"https:\/\/api.w.org\/{rel}","templated":true}]}}