{"id":3876,"date":"2025-10-09T00:00:00","date_gmt":"2025-10-08T22:00:00","guid":{"rendered":"https:\/\/yotavis.ch\/product\/cp500\/"},"modified":"2026-04-24T13:31:19","modified_gmt":"2026-04-24T11:31:19","slug":"cp500","status":"publish","type":"product","link":"https:\/\/yotavis.ch\/fr\/produit\/cp500\/","title":{"rendered":"CP500"},"content":{"rendered":"<p>Le CP500 de Teledyne Lecroy est une sonde de courant con\u00e7ue pour mesurer des courants allant jusqu'\u00e0 500 A eff. avec une capacit\u00e9 d'impulsion de pointe de 700 A. Elle fonctionne avec une bande passante de 2 MHz, ce qui lui permet de capturer des signaux dans cette gamme de fr\u00e9quence. La sonde prend en charge les mesures de courant alternatif et continu, ce qui la rend polyvalente pour diverses applications. Elle est \u00e9quip\u00e9e d'un c\u00e2ble de 6 m\u00e8tres, ce qui lui conf\u00e8re une longueur suffisante pour un positionnement flexible pendant l'utilisation. L'appareil pr\u00e9sente une tension nominale maximale de 500 V, ce qui lui permet de s'adapter \u00e0 une grande vari\u00e9t\u00e9 d'environnements \u00e9lectriques. Le CP500 s'interface avec les \u00e9quipements LeCroy, ce qui facilite son int\u00e9gration dans les installations de mesure existantes. Cette sonde de courant est adapt\u00e9e \u00e0 l'analyse d\u00e9taill\u00e9e du courant lorsqu'une mesure pr\u00e9cise de niveaux de courant \u00e9lev\u00e9s est n\u00e9cessaire.<\/p>","protected":false},"excerpt":{"rendered":"<p>500 A, 2 MHz Current Probe &#8211; AC\/DC, 500 A rms, 700 A Peak Pulse, 6 meter cable<\/p>","protected":false},"featured_media":7044,"comment_status":"closed","ping_status":"closed","template":"","meta":{"_acf_changed":false,"slim_seo":{"title":"CP500 - YOTAVIS AG","description":"Sonde de courant 500 A, 2 MHz - AC\/DC, 500 A rms, 700 A Peak Pulse, c\u00e2ble de 6 m\u00e8tres"}},"product_brand":[542],"product_cat":[536,509],"product_tag":[],"class_list":{"0":"post-3876","1":"product","2":"type-product","3":"status-publish","4":"has-post-thumbnail","6":"product_brand-lecroy","7":"product_cat-current-probes-en","8":"product_cat-probes-en","9":"pa_bandwidth-mhz-221","10":"pa_imax-ac-a-1019","11":"pa_interface-lecroy","12":"pa_voltage-max-v-293","14":"first","15":"instock","16":"taxable","17":"shipping-taxable","18":"purchasable","19":"product-type-simple"},"acf":[],"_links":{"self":[{"href":"https:\/\/yotavis.ch\/fr\/wp-json\/wp\/v2\/product\/3876","targetHints":{"allow":["GET"]}}],"collection":[{"href":"https:\/\/yotavis.ch\/fr\/wp-json\/wp\/v2\/product"}],"about":[{"href":"https:\/\/yotavis.ch\/fr\/wp-json\/wp\/v2\/types\/product"}],"replies":[{"embeddable":true,"href":"https:\/\/yotavis.ch\/fr\/wp-json\/wp\/v2\/comments?post=3876"}],"wp:featuredmedia":[{"embeddable":true,"href":"https:\/\/yotavis.ch\/fr\/wp-json\/wp\/v2\/media\/7044"}],"wp:attachment":[{"href":"https:\/\/yotavis.ch\/fr\/wp-json\/wp\/v2\/media?parent=3876"}],"wp:term":[{"taxonomy":"product_brand","embeddable":true,"href":"https:\/\/yotavis.ch\/fr\/wp-json\/wp\/v2\/product_brand?post=3876"},{"taxonomy":"product_cat","embeddable":true,"href":"https:\/\/yotavis.ch\/fr\/wp-json\/wp\/v2\/product_cat?post=3876"},{"taxonomy":"product_tag","embeddable":true,"href":"https:\/\/yotavis.ch\/fr\/wp-json\/wp\/v2\/product_tag?post=3876"}],"curies":[{"name":"wp","href":"https:\/\/api.w.org\/{rel}","templated":true}]}}