{"id":3878,"date":"2025-10-09T00:00:00","date_gmt":"2025-10-08T22:00:00","guid":{"rendered":"https:\/\/yotavis.ch\/product\/pp020-1\/"},"modified":"2026-04-24T13:31:22","modified_gmt":"2026-04-24T11:31:22","slug":"pp020-1","status":"publish","type":"product","link":"https:\/\/yotavis.ch\/fr\/produit\/pp020-1\/","title":{"rendered":"PP020-1"},"content":{"rendered":"<p>Le PP020-1 est une sonde passive de 500 MHz con\u00e7ue pour \u00eatre utilis\u00e9e avec la s\u00e9rie WaveSurfer 3000. Elle pr\u00e9sente un rapport d'att\u00e9nuation de 10:1 et offre une r\u00e9sistance d'entr\u00e9e de 10 m\u00e9ga-ohms. Fabriqu\u00e9e par Teledyne Lecroy, cette sonde est destin\u00e9e \u00e0 fournir des capacit\u00e9s de mesure de signaux fiables dans sa gamme de fr\u00e9quences sp\u00e9cifi\u00e9e. Sa conception passive signifie qu'elle ne n\u00e9cessite pas de source d'alimentation externe pour fonctionner. Sa bande passante de 500 MHz lui permet de capturer des signaux haute fr\u00e9quence avec pr\u00e9cision lorsqu'elle est connect\u00e9e \u00e0 des oscilloscopes compatibles. La r\u00e9sistance d'entr\u00e9e de 10 m\u00e9ga-ohms permet de minimiser l'effet de charge sur le circuit test\u00e9, pr\u00e9servant ainsi l'int\u00e9grit\u00e9 du signal. Cette sonde convient \u00e0 diverses applications de test et de mesure \u00e9lectroniques n\u00e9cessitant une capture pr\u00e9cise des formes d'onde.<\/p>","protected":false},"excerpt":{"rendered":"<p>Sonde passive 500 MHz pour WaveSurfer 3000, 10:1, 10 Mega-\u03a9<\/p>","protected":false},"featured_media":7047,"comment_status":"closed","ping_status":"closed","template":"","meta":{"_acf_changed":false,"slim_seo":{"title":"PP020-1 - YOTAVIS AG","description":"Sonde passive 500 MHz pour WaveSurfer 3000, 10:1, 10 Mega-\u03a9"}},"product_brand":[542],"product_cat":[534,509],"product_tag":[],"class_list":{"0":"post-3878","1":"product","2":"type-product","3":"status-publish","4":"has-post-thumbnail","6":"product_brand-lecroy","7":"product_cat-passives-probes-en","8":"product_cat-probes-en","9":"pa_imax-ac-a-1019","11":"first","12":"instock","13":"taxable","14":"shipping-taxable","15":"purchasable","16":"product-type-simple"},"acf":[],"_links":{"self":[{"href":"https:\/\/yotavis.ch\/fr\/wp-json\/wp\/v2\/product\/3878","targetHints":{"allow":["GET"]}}],"collection":[{"href":"https:\/\/yotavis.ch\/fr\/wp-json\/wp\/v2\/product"}],"about":[{"href":"https:\/\/yotavis.ch\/fr\/wp-json\/wp\/v2\/types\/product"}],"replies":[{"embeddable":true,"href":"https:\/\/yotavis.ch\/fr\/wp-json\/wp\/v2\/comments?post=3878"}],"wp:featuredmedia":[{"embeddable":true,"href":"https:\/\/yotavis.ch\/fr\/wp-json\/wp\/v2\/media\/7047"}],"wp:attachment":[{"href":"https:\/\/yotavis.ch\/fr\/wp-json\/wp\/v2\/media?parent=3878"}],"wp:term":[{"taxonomy":"product_brand","embeddable":true,"href":"https:\/\/yotavis.ch\/fr\/wp-json\/wp\/v2\/product_brand?post=3878"},{"taxonomy":"product_cat","embeddable":true,"href":"https:\/\/yotavis.ch\/fr\/wp-json\/wp\/v2\/product_cat?post=3878"},{"taxonomy":"product_tag","embeddable":true,"href":"https:\/\/yotavis.ch\/fr\/wp-json\/wp\/v2\/product_tag?post=3878"}],"curies":[{"name":"wp","href":"https:\/\/api.w.org\/{rel}","templated":true}]}}