{"id":3879,"date":"2025-10-09T00:00:00","date_gmt":"2025-10-08T22:00:00","guid":{"rendered":"https:\/\/yotavis.ch\/product\/wavesurfer-4024hd\/"},"modified":"2026-04-24T13:31:29","modified_gmt":"2026-04-24T11:31:29","slug":"wavesurfer-4024hd","status":"publish","type":"product","link":"https:\/\/yotavis.ch\/fr\/produit\/wavesurfer-4024hd\/","title":{"rendered":"WAVESURFER 4024HD"},"content":{"rendered":"<p>Le WAVESURFER 4024HD de Teledyne Lecroy est un oscilloscope haute d\u00e9finition dot\u00e9 d'une bande passante de 200 MHz et de quatre voies d'entr\u00e9e. Il offre une r\u00e9solution verticale de 12 bits, ce qui permet une analyse d\u00e9taill\u00e9e des signaux. L'appareil prend en charge un taux d'\u00e9chantillonnage global de 5 G\u00e9ch\/s, avec 2,5 G\u00e9ch\/s par voie, ce qui garantit une capture pr\u00e9cise des transitions rapides du signal. Chaque voie est \u00e9quip\u00e9e d'une profondeur de m\u00e9moire de 12,5 millions de points, ce qui permet de stocker un grand nombre de donn\u00e9es pour l'analyse de formes d'ondes complexes. L'oscilloscope est dot\u00e9 d'une interface \u00e0 \u00e9cran tactile, ce qui am\u00e9liore l'interaction avec l'utilisateur et la facilit\u00e9 d'utilisation. Sa conception prend en charge les mesures simultan\u00e9es sur plusieurs voies, ce qui le rend adapt\u00e9 \u00e0 une grande vari\u00e9t\u00e9 d'applications de test et de diagnostic.<\/p>","protected":false},"excerpt":{"rendered":"<p>200 MHz, 4 voies, 12 bits, 5 G\u00e9ch\/s, 12,5 Mpts\/Ch Oscilloscope HD<\/p>","protected":false},"featured_media":7051,"comment_status":"closed","ping_status":"closed","template":"","meta":{"_acf_changed":false,"slim_seo":{"title":"WAVESURFER 4024HD - YOTAVIS AG","description":"200 MHz, 4 voies, 12 bits, 5 G\u00e9ch\/s, 12,5 Mpts\/Ch Oscilloscope HD"}},"product_brand":[542],"product_cat":[508,507],"product_tag":[],"class_list":{"0":"post-3879","1":"product","2":"type-product","3":"status-publish","4":"has-post-thumbnail","6":"product_brand-lecroy","7":"product_cat-desktop-en","8":"product_cat-oscilloscope","9":"pa_bandwidth-mhz-92","10":"pa_channels-338","11":"pa_digital-channels-opt","12":"pa_imax-ac-a-1019","13":"pa_memory-depht-mpts-12-5","14":"pa_sampling-rate-channels-ms-s-339","15":"pa_touch-screen-yes","16":"pa_vertical-resolution-bits-348","18":"first","19":"instock","20":"taxable","21":"shipping-taxable","22":"purchasable","23":"product-type-simple"},"acf":[],"_links":{"self":[{"href":"https:\/\/yotavis.ch\/fr\/wp-json\/wp\/v2\/product\/3879","targetHints":{"allow":["GET"]}}],"collection":[{"href":"https:\/\/yotavis.ch\/fr\/wp-json\/wp\/v2\/product"}],"about":[{"href":"https:\/\/yotavis.ch\/fr\/wp-json\/wp\/v2\/types\/product"}],"replies":[{"embeddable":true,"href":"https:\/\/yotavis.ch\/fr\/wp-json\/wp\/v2\/comments?post=3879"}],"wp:featuredmedia":[{"embeddable":true,"href":"https:\/\/yotavis.ch\/fr\/wp-json\/wp\/v2\/media\/7051"}],"wp:attachment":[{"href":"https:\/\/yotavis.ch\/fr\/wp-json\/wp\/v2\/media?parent=3879"}],"wp:term":[{"taxonomy":"product_brand","embeddable":true,"href":"https:\/\/yotavis.ch\/fr\/wp-json\/wp\/v2\/product_brand?post=3879"},{"taxonomy":"product_cat","embeddable":true,"href":"https:\/\/yotavis.ch\/fr\/wp-json\/wp\/v2\/product_cat?post=3879"},{"taxonomy":"product_tag","embeddable":true,"href":"https:\/\/yotavis.ch\/fr\/wp-json\/wp\/v2\/product_tag?post=3879"}],"curies":[{"name":"wp","href":"https:\/\/api.w.org\/{rel}","templated":true}]}}