{"id":3882,"date":"2025-10-09T00:00:00","date_gmt":"2025-10-08T22:00:00","guid":{"rendered":"https:\/\/yotavis.ch\/product\/wavesurfer-4104hd\/"},"modified":"2026-04-24T13:31:30","modified_gmt":"2026-04-24T11:31:30","slug":"wavesurfer-4104hd","status":"publish","type":"product","link":"https:\/\/yotavis.ch\/fr\/produit\/wavesurfer-4104hd\/","title":{"rendered":"WAVESURFER 4104HD"},"content":{"rendered":"<p>Le WAVESURFER 4104HD de Teledyne Lecroy est un oscilloscope haute d\u00e9finition dot\u00e9 d'une bande passante de 1 GHz et de quatre voies. Il offre une r\u00e9solution verticale de 12 bits et une fr\u00e9quence d'\u00e9chantillonnage de 2,5 G\u00e9ch\/s par voie, permettant une analyse d\u00e9taill\u00e9e des signaux. Chaque voie est \u00e9quip\u00e9e d'une profondeur de m\u00e9moire de 12,5 millions de points, ce qui permet de capturer de nombreuses donn\u00e9es. L'appareil prend en charge un taux d'\u00e9chantillonnage total de 5 G\u00e9ch\/s sur tous les canaux. Il comprend une interface tactile pour l'interaction avec l'utilisateur, ce qui am\u00e9liore la facilit\u00e9 d'utilisation. Cet oscilloscope est con\u00e7u pour traiter des mesures de signaux complexes avec pr\u00e9cision et clart\u00e9. Ses sp\u00e9cifications le destinent \u00e0 diverses applications n\u00e9cessitant une acquisition de donn\u00e9es \u00e0 haute vitesse et \u00e0 haute r\u00e9solution.<\/p>","protected":false},"excerpt":{"rendered":"<p>Oscilloscope HD 1 GHz, 4 voies, 12 bits, 5 G\u00e9ch\/s, 12,5 Mpts\/Ch<\/p>","protected":false},"featured_media":7051,"comment_status":"closed","ping_status":"closed","template":"","meta":{"_acf_changed":false,"slim_seo":{"title":"WAVESURFER 4104HD - YOTAVIS AG","description":"Oscilloscope HD 1 GHz, 4 voies, 12 bits, 5 G\u00e9ch\/s, 12,5 Mpts\/Ch"}},"product_brand":[542],"product_cat":[508,507],"product_tag":[],"class_list":{"0":"post-3882","1":"product","2":"type-product","3":"status-publish","4":"has-post-thumbnail","6":"product_brand-lecroy","7":"product_cat-desktop-en","8":"product_cat-oscilloscope","9":"pa_bandwidth-mhz-84","10":"pa_channels-338","11":"pa_digital-channels-opt","12":"pa_imax-ac-a-1019","13":"pa_memory-depht-mpts-12-5","14":"pa_sampling-rate-channels-ms-s-339","15":"pa_touch-screen-yes","16":"pa_vertical-resolution-bits-348","18":"first","19":"instock","20":"taxable","21":"shipping-taxable","22":"purchasable","23":"product-type-simple"},"acf":[],"_links":{"self":[{"href":"https:\/\/yotavis.ch\/fr\/wp-json\/wp\/v2\/product\/3882","targetHints":{"allow":["GET"]}}],"collection":[{"href":"https:\/\/yotavis.ch\/fr\/wp-json\/wp\/v2\/product"}],"about":[{"href":"https:\/\/yotavis.ch\/fr\/wp-json\/wp\/v2\/types\/product"}],"replies":[{"embeddable":true,"href":"https:\/\/yotavis.ch\/fr\/wp-json\/wp\/v2\/comments?post=3882"}],"wp:featuredmedia":[{"embeddable":true,"href":"https:\/\/yotavis.ch\/fr\/wp-json\/wp\/v2\/media\/7051"}],"wp:attachment":[{"href":"https:\/\/yotavis.ch\/fr\/wp-json\/wp\/v2\/media?parent=3882"}],"wp:term":[{"taxonomy":"product_brand","embeddable":true,"href":"https:\/\/yotavis.ch\/fr\/wp-json\/wp\/v2\/product_brand?post=3882"},{"taxonomy":"product_cat","embeddable":true,"href":"https:\/\/yotavis.ch\/fr\/wp-json\/wp\/v2\/product_cat?post=3882"},{"taxonomy":"product_tag","embeddable":true,"href":"https:\/\/yotavis.ch\/fr\/wp-json\/wp\/v2\/product_tag?post=3882"}],"curies":[{"name":"wp","href":"https:\/\/api.w.org\/{rel}","templated":true}]}}