{"id":3883,"date":"2025-10-09T00:00:00","date_gmt":"2025-10-08T22:00:00","guid":{"rendered":"https:\/\/yotavis.ch\/product\/ws4khd-mso\/"},"modified":"2026-04-24T13:31:33","modified_gmt":"2026-04-24T11:31:33","slug":"ws4khd-mso","status":"publish","type":"product","link":"https:\/\/yotavis.ch\/fr\/produit\/ws4khd-mso\/","title":{"rendered":"WS4KHD-MSO"},"content":{"rendered":"<p>Le WS4KHD-MSO est une option de signaux mixtes con\u00e7ue pour le WaveSurfer 4000HD et comprend une sonde, des accessoires et une licence. Ce produit est fabriqu\u00e9 par Teledyne Lecroy. Il s'agit d'un composant suppl\u00e9mentaire qui permet d'am\u00e9liorer les capacit\u00e9s du syst\u00e8me WaveSurfer 4000HD en fournissant une fonctionnalit\u00e9 de signal mixte. L'inclusion d'une sonde et des accessoires n\u00e9cessaires garantit que les utilisateurs disposent des outils essentiels requis pour le fonctionnement. En outre, la licence fournie avec le produit autorise l'utilisation de l'option de signaux mixtes, en l'int\u00e9grant de mani\u00e8re transparente au mat\u00e9riel existant. Cette option est con\u00e7ue pour r\u00e9pondre aux besoins des utilisateurs n\u00e9cessitant une analyse de signaux mixtes au sein de la plateforme WaveSurfer 4000HD.<\/p>","protected":false},"excerpt":{"rendered":"<p>Option signaux mixtes pour WaveSurfer 4000HD (comprend la sonde, les accessoires et la licence)<\/p>","protected":false},"featured_media":6989,"comment_status":"closed","ping_status":"closed","template":"","meta":{"_acf_changed":false,"slim_seo":{"title":"WS4KHD-MSO - YOTAVIS AG","description":"Option signaux mixtes pour WaveSurfer 4000HD (comprend la sonde, les accessoires et la licence)"}},"product_brand":[542],"product_cat":[510,509],"product_tag":[],"class_list":{"0":"post-3883","1":"product","2":"type-product","3":"status-publish","4":"has-post-thumbnail","6":"product_brand-lecroy","7":"product_cat-others-en","8":"product_cat-probes-en","9":"pa_imax-ac-a-1019","11":"first","12":"instock","13":"taxable","14":"shipping-taxable","15":"purchasable","16":"product-type-simple"},"acf":[],"_links":{"self":[{"href":"https:\/\/yotavis.ch\/fr\/wp-json\/wp\/v2\/product\/3883","targetHints":{"allow":["GET"]}}],"collection":[{"href":"https:\/\/yotavis.ch\/fr\/wp-json\/wp\/v2\/product"}],"about":[{"href":"https:\/\/yotavis.ch\/fr\/wp-json\/wp\/v2\/types\/product"}],"replies":[{"embeddable":true,"href":"https:\/\/yotavis.ch\/fr\/wp-json\/wp\/v2\/comments?post=3883"}],"wp:featuredmedia":[{"embeddable":true,"href":"https:\/\/yotavis.ch\/fr\/wp-json\/wp\/v2\/media\/6989"}],"wp:attachment":[{"href":"https:\/\/yotavis.ch\/fr\/wp-json\/wp\/v2\/media?parent=3883"}],"wp:term":[{"taxonomy":"product_brand","embeddable":true,"href":"https:\/\/yotavis.ch\/fr\/wp-json\/wp\/v2\/product_brand?post=3883"},{"taxonomy":"product_cat","embeddable":true,"href":"https:\/\/yotavis.ch\/fr\/wp-json\/wp\/v2\/product_cat?post=3883"},{"taxonomy":"product_tag","embeddable":true,"href":"https:\/\/yotavis.ch\/fr\/wp-json\/wp\/v2\/product_tag?post=3883"}],"curies":[{"name":"wp","href":"https:\/\/api.w.org\/{rel}","templated":true}]}}