{"id":3885,"date":"2025-10-09T00:00:00","date_gmt":"2025-10-08T22:00:00","guid":{"rendered":"https:\/\/yotavis.ch\/product\/hdo4104a-ms\/"},"modified":"2026-04-24T13:31:35","modified_gmt":"2026-04-24T11:31:35","slug":"hdo4104a-ms","status":"publish","type":"product","link":"https:\/\/yotavis.ch\/fr\/produit\/hdo4104a-ms\/","title":{"rendered":"HDO4104A-MS"},"content":{"rendered":"<p>Le HDO4104A-MS de Teledyne Lecroy est un oscilloscope \u00e0 signaux mixtes hautes performances, dot\u00e9 d'une bande passante de 1 GHz et de 4 voies analogiques compl\u00e9t\u00e9es par 16 voies num\u00e9riques. Il offre une r\u00e9solution verticale de 12 bits et une fr\u00e9quence d'\u00e9chantillonnage maximale de 10 G\u00e9ch\/s par voie, ce qui permet une analyse d\u00e9taill\u00e9e des signaux. Chaque voie est \u00e9quip\u00e9e d'une m\u00e9moire de 12,5 millions de points, ce qui permet de capturer et d'examiner des donn\u00e9es de mani\u00e8re approfondie. L'appareil comprend un \u00e9cran couleur WXGA de 12,1 pouces qui prend en charge la fonctionnalit\u00e9 d'\u00e9cran tactile, am\u00e9liorant ainsi l'interaction avec l'utilisateur et la facilit\u00e9 d'utilisation. Avec une profondeur de m\u00e9moire totale de 25 millions de points, l'oscilloscope est capable de g\u00e9rer des formes d'ondes complexes et des temps d'acquisition longs. La combinaison d'une large bande passante, d'une fr\u00e9quence d'\u00e9chantillonnage \u00e9lev\u00e9e et d'une m\u00e9moire profonde permet \u00e0 cet instrument de convenir \u00e0 une large gamme d'applications de test et de d\u00e9bogage \u00e9lectroniques. L'inclusion de canaux num\u00e9riques \u00e9tend encore ses capacit\u00e9s aux environnements \u00e0 signaux mixtes, offrant des options compl\u00e8tes de visualisation et d'analyse des signaux.<\/p>","protected":false},"excerpt":{"rendered":"<p>1 GHz, 4+16 Ch, 12-Bit, 10 GS\/s, 12.5 Mpts\/Ch HD Mixed-Signal Oscilloscope with 12.1&#8243; WXGA Color Dis<\/p>","protected":false},"featured_media":7064,"comment_status":"closed","ping_status":"closed","template":"","meta":{"_acf_changed":false,"slim_seo":{"title":"HDO4104A-MS - YOTAVIS AG","description":"Oscilloscope \u00e0 signaux mixtes HD 1 GHz, 4+16 voies, 12 bits, 10 G\u00e9ch\/s, 12,5 Mpts\/Ch avec \u00e9cran couleur WXGA 12,1\"."}},"product_brand":[542],"product_cat":[508,507],"product_tag":[],"class_list":{"0":"post-3885","1":"product","2":"type-product","3":"status-publish","4":"has-post-thumbnail","6":"product_brand-lecroy","7":"product_cat-desktop-en","8":"product_cat-oscilloscope","9":"pa_bandwidth-mhz-84","10":"pa_channels-338","11":"pa_digital-channels-yes","12":"pa_imax-ac-a-1019","13":"pa_memory-depht-mpts-295","14":"pa_sampling-rate-channels-ms-s-455","15":"pa_touch-screen-yes","16":"pa_vertical-resolution-bits-348","18":"first","19":"instock","20":"taxable","21":"shipping-taxable","22":"purchasable","23":"product-type-simple"},"acf":[],"_links":{"self":[{"href":"https:\/\/yotavis.ch\/fr\/wp-json\/wp\/v2\/product\/3885","targetHints":{"allow":["GET"]}}],"collection":[{"href":"https:\/\/yotavis.ch\/fr\/wp-json\/wp\/v2\/product"}],"about":[{"href":"https:\/\/yotavis.ch\/fr\/wp-json\/wp\/v2\/types\/product"}],"replies":[{"embeddable":true,"href":"https:\/\/yotavis.ch\/fr\/wp-json\/wp\/v2\/comments?post=3885"}],"wp:featuredmedia":[{"embeddable":true,"href":"https:\/\/yotavis.ch\/fr\/wp-json\/wp\/v2\/media\/7064"}],"wp:attachment":[{"href":"https:\/\/yotavis.ch\/fr\/wp-json\/wp\/v2\/media?parent=3885"}],"wp:term":[{"taxonomy":"product_brand","embeddable":true,"href":"https:\/\/yotavis.ch\/fr\/wp-json\/wp\/v2\/product_brand?post=3885"},{"taxonomy":"product_cat","embeddable":true,"href":"https:\/\/yotavis.ch\/fr\/wp-json\/wp\/v2\/product_cat?post=3885"},{"taxonomy":"product_tag","embeddable":true,"href":"https:\/\/yotavis.ch\/fr\/wp-json\/wp\/v2\/product_tag?post=3885"}],"curies":[{"name":"wp","href":"https:\/\/api.w.org\/{rel}","templated":true}]}}