{"id":3887,"date":"2025-10-09T00:00:00","date_gmt":"2025-10-08T22:00:00","guid":{"rendered":"https:\/\/yotavis.ch\/product\/hdo4054a-ms\/"},"modified":"2026-04-24T13:31:36","modified_gmt":"2026-04-24T11:31:36","slug":"hdo4054a-ms","status":"publish","type":"product","link":"https:\/\/yotavis.ch\/fr\/produit\/hdo4054a-ms\/","title":{"rendered":"HDO4054A-MS"},"content":{"rendered":"<p>Le Teledyne Lecroy HDO4054A-MS est un oscilloscope \u00e0 signaux mixtes hautes performances, dot\u00e9 d'une bande passante de 500 MHz et de quatre voies analogiques. Il offre une fr\u00e9quence d'\u00e9chantillonnage de 10 G\u00e9ch\/s par voie, permettant une analyse d\u00e9taill\u00e9e du signal avec une r\u00e9solution verticale de 12 bits. Chaque voie est \u00e9quip\u00e9e d'une profondeur de m\u00e9moire de 12,5 millions de points, ce qui offre des possibilit\u00e9s \u00e9tendues de capture de donn\u00e9es. L'appareil comprend \u00e9galement 16 canaux num\u00e9riques, ce qui am\u00e9liore sa fonctionnalit\u00e9 de signaux mixtes. L'oscilloscope est \u00e9quip\u00e9 d'un \u00e9cran couleur WXGA de 12,1 pouces qui prend en charge l'utilisation d'un \u00e9cran tactile, facilitant ainsi l'interaction intuitive avec l'utilisateur. Avec une profondeur de m\u00e9moire totale de 25 millions de points, il prend en charge l'acquisition et l'analyse de formes d'ondes complexes. Ce mod\u00e8le est con\u00e7u pour g\u00e9rer un large \u00e9ventail de sc\u00e9narios de test n\u00e9cessitant des mesures pr\u00e9cises de synchronisation et d'int\u00e9grit\u00e9 du signal.<\/p>","protected":false},"excerpt":{"rendered":"<p>500 MHz, 4+16 Ch, 12-Bit, 10 GS\/s, 12.5 Mpts\/Ch HD Mixed-Signal Oscilloscope with 12.1&#8243; WXGA Color D<\/p>","protected":false},"featured_media":7070,"comment_status":"closed","ping_status":"closed","template":"","meta":{"_acf_changed":false,"slim_seo":{"title":"HDO4054A-MS - YOTAVIS AG","description":"Oscilloscope \u00e0 signaux mixtes HD 500 MHz, 4+16 voies, 12 bits, 10 G\u00e9ch\/s, 12,5 Mpts\/Ch avec \u00e9cran couleur WXGA 12,1\"."}},"product_brand":[542],"product_cat":[508,507],"product_tag":[],"class_list":{"0":"post-3887","1":"product","2":"type-product","3":"status-publish","4":"has-post-thumbnail","6":"product_brand-lecroy","7":"product_cat-desktop-en","8":"product_cat-oscilloscope","9":"pa_bandwidth-mhz-83","10":"pa_channels-338","11":"pa_digital-channels-yes","12":"pa_imax-ac-a-1019","13":"pa_memory-depht-mpts-295","14":"pa_sampling-rate-channels-ms-s-455","15":"pa_touch-screen-yes","16":"pa_vertical-resolution-bits-348","18":"first","19":"instock","20":"taxable","21":"shipping-taxable","22":"purchasable","23":"product-type-simple"},"acf":[],"_links":{"self":[{"href":"https:\/\/yotavis.ch\/fr\/wp-json\/wp\/v2\/product\/3887","targetHints":{"allow":["GET"]}}],"collection":[{"href":"https:\/\/yotavis.ch\/fr\/wp-json\/wp\/v2\/product"}],"about":[{"href":"https:\/\/yotavis.ch\/fr\/wp-json\/wp\/v2\/types\/product"}],"replies":[{"embeddable":true,"href":"https:\/\/yotavis.ch\/fr\/wp-json\/wp\/v2\/comments?post=3887"}],"wp:featuredmedia":[{"embeddable":true,"href":"https:\/\/yotavis.ch\/fr\/wp-json\/wp\/v2\/media\/7070"}],"wp:attachment":[{"href":"https:\/\/yotavis.ch\/fr\/wp-json\/wp\/v2\/media?parent=3887"}],"wp:term":[{"taxonomy":"product_brand","embeddable":true,"href":"https:\/\/yotavis.ch\/fr\/wp-json\/wp\/v2\/product_brand?post=3887"},{"taxonomy":"product_cat","embeddable":true,"href":"https:\/\/yotavis.ch\/fr\/wp-json\/wp\/v2\/product_cat?post=3887"},{"taxonomy":"product_tag","embeddable":true,"href":"https:\/\/yotavis.ch\/fr\/wp-json\/wp\/v2\/product_tag?post=3887"}],"curies":[{"name":"wp","href":"https:\/\/api.w.org\/{rel}","templated":true}]}}