{"id":3891,"date":"2025-10-09T00:00:00","date_gmt":"2025-10-08T22:00:00","guid":{"rendered":"https:\/\/yotavis.ch\/product\/t3afg30\/"},"modified":"2026-04-24T13:31:37","modified_gmt":"2026-04-24T11:31:37","slug":"t3afg30","status":"publish","type":"product","link":"https:\/\/yotavis.ch\/fr\/produit\/t3afg30\/","title":{"rendered":"T3AFG30"},"content":{"rendered":"<p>Le T3AFG30 de Teledyne Lecroy est un g\u00e9n\u00e9rateur de fonctions\/de formes d'ondes arbitraires avec une fr\u00e9quence maximale de 30 MHz et un taux d'\u00e9chantillonnage de 150 MS\/s. Il dispose d'une profondeur de m\u00e9moire de 16 kpts, permettant la g\u00e9n\u00e9ration de formes d'ondes d\u00e9taill\u00e9es. Il dispose d'une profondeur de m\u00e9moire de 16 kpts, ce qui permet de g\u00e9n\u00e9rer des formes d'ondes d\u00e9taill\u00e9es. Ce dispositif prend en charge deux canaux et offre une amplitude de 10 V cr\u00eate \u00e0 cr\u00eate. Il comprend des capacit\u00e9s de balayage et de rafale, ce qui accro\u00eet sa polyvalence pour diverses t\u00e2ches de g\u00e9n\u00e9ration de signaux. Le temps de transition minimum est de 16,8 ns et la largeur d'impulsion minimum est de 32,6 ns, ce qui permet un contr\u00f4le pr\u00e9cis de la synchronisation des formes d'onde. La capacit\u00e9 de m\u00e9moire est de 0,016 MPts, ce qui permet de stocker et de lire des formes d'onde complexes. Ce g\u00e9n\u00e9rateur est con\u00e7u pour r\u00e9pondre aux besoins des applications n\u00e9cessitant une sortie de signal pr\u00e9cise et flexible.<\/p>","protected":false},"excerpt":{"rendered":"<p>30 MHz, 150 MS\/s, 16 kpts, 2 canaux, 20 Vpp G\u00e9n\u00e9rateur de fonctions et de formes d'ondes arbitraires<\/p>","protected":false},"featured_media":7080,"comment_status":"closed","ping_status":"closed","template":"","meta":{"_acf_changed":false,"slim_seo":{"title":"T3AFG30 - YOTAVIS AG","description":"30 MHz, 150 MS\/s, 16 kpts, 2 canaux, 20 Vpp G\u00e9n\u00e9rateur de fonctions et de formes d'ondes arbitraires"}},"product_brand":[542],"product_cat":[1189,541,513],"product_tag":[],"class_list":{"0":"post-3891","1":"product","2":"type-product","3":"status-publish","4":"has-post-thumbnail","6":"product_brand-lecroy","7":"product_cat-afg","8":"product_cat-awg","9":"product_cat-generator","10":"pa_amplitude-v-106","11":"pa_burst-yes","12":"pa_channels-350","13":"pa_frequency-mhz-116","14":"pa_imax-ac-a-1019","15":"pa_memory-mpts-0-016","16":"pa_pulse-width-min-ns-32-6","17":"pa_sampling-rate-ms-s-117","18":"pa_sweep-yes","19":"pa_transition-time-min-ns-16-8","20":"pa_vertical-resolution-bits-113","22":"first","23":"instock","24":"taxable","25":"shipping-taxable","26":"purchasable","27":"product-type-simple"},"acf":[],"_links":{"self":[{"href":"https:\/\/yotavis.ch\/fr\/wp-json\/wp\/v2\/product\/3891","targetHints":{"allow":["GET"]}}],"collection":[{"href":"https:\/\/yotavis.ch\/fr\/wp-json\/wp\/v2\/product"}],"about":[{"href":"https:\/\/yotavis.ch\/fr\/wp-json\/wp\/v2\/types\/product"}],"replies":[{"embeddable":true,"href":"https:\/\/yotavis.ch\/fr\/wp-json\/wp\/v2\/comments?post=3891"}],"wp:featuredmedia":[{"embeddable":true,"href":"https:\/\/yotavis.ch\/fr\/wp-json\/wp\/v2\/media\/7080"}],"wp:attachment":[{"href":"https:\/\/yotavis.ch\/fr\/wp-json\/wp\/v2\/media?parent=3891"}],"wp:term":[{"taxonomy":"product_brand","embeddable":true,"href":"https:\/\/yotavis.ch\/fr\/wp-json\/wp\/v2\/product_brand?post=3891"},{"taxonomy":"product_cat","embeddable":true,"href":"https:\/\/yotavis.ch\/fr\/wp-json\/wp\/v2\/product_cat?post=3891"},{"taxonomy":"product_tag","embeddable":true,"href":"https:\/\/yotavis.ch\/fr\/wp-json\/wp\/v2\/product_tag?post=3891"}],"curies":[{"name":"wp","href":"https:\/\/api.w.org\/{rel}","templated":true}]}}