{"id":3892,"date":"2025-10-09T00:00:00","date_gmt":"2025-10-08T22:00:00","guid":{"rendered":"https:\/\/yotavis.ch\/product\/t3afg40\/"},"modified":"2026-04-24T13:31:39","modified_gmt":"2026-04-24T11:31:39","slug":"t3afg40","status":"publish","type":"product","link":"https:\/\/yotavis.ch\/fr\/produit\/t3afg40\/","title":{"rendered":"T3AFG40"},"content":{"rendered":"<p>Le T3AFG40 de Teledyne Lecroy est un g\u00e9n\u00e9rateur de fonctions et de formes d'ondes arbitraires dot\u00e9 d'une fr\u00e9quence maximale de 40 MHz et d'un taux d'\u00e9chantillonnage de 1,2 GS\/s. Il offre deux canaux de sortie de signal et comprend une profondeur de m\u00e9moire de 8 millions de points, ce qui permet un stockage et une g\u00e9n\u00e9ration de formes d'onde \u00e9tendus. L'appareil prend en charge les modes balayage et rafale, ce qui offre des options de modulation de signal polyvalentes. Son amplitude peut atteindre 10 V cr\u00eate \u00e0 cr\u00eate, avec une largeur d'impulsion minimale de 16,3 nanosecondes et un temps de transition aussi bas que 8,4 nanosecondes. Ces sp\u00e9cifications permettent un contr\u00f4le pr\u00e9cis des caract\u00e9ristiques de la forme d'onde pour diverses applications de test et de mesure. Le T3AFG40 est con\u00e7u pour offrir des performances fiables avec des capacit\u00e9s de g\u00e9n\u00e9ration de formes d'onde d\u00e9taill\u00e9es sur ses deux canaux de sortie.<\/p>","protected":false},"excerpt":{"rendered":"<p>40 MHz, 1,2 G\u00e9\/s, 8 Mpts, 2 voies, 20 Vpp G\u00e9n\u00e9rateur de fonctions et de formes d'ondes arbitraires<\/p>","protected":false},"featured_media":7086,"comment_status":"closed","ping_status":"closed","template":"","meta":{"_acf_changed":false,"slim_seo":{"title":"T3AFG40 - YOTAVIS AG","description":"40 MHz, 1,2 G\u00e9\/s, 8 Mpts, 2 voies, 20 Vpp G\u00e9n\u00e9rateur de fonctions et de formes d'ondes arbitraires"}},"product_brand":[542],"product_cat":[1189,541,513],"product_tag":[],"class_list":{"0":"post-3892","1":"product","2":"type-product","3":"status-publish","4":"has-post-thumbnail","6":"product_brand-lecroy","7":"product_cat-afg","8":"product_cat-awg","9":"product_cat-generator","10":"pa_amplitude-v-106","11":"pa_burst-yes","12":"pa_channels-350","13":"pa_frequency-mhz-126","14":"pa_imax-ac-a-1019","15":"pa_memory-mpts-128","16":"pa_pulse-width-min-ns-16-3","17":"pa_sampling-rate-ms-s-297","18":"pa_sweep-yes","19":"pa_transition-time-min-ns-8-4","20":"pa_vertical-resolution-bits-125","22":"first","23":"instock","24":"taxable","25":"shipping-taxable","26":"purchasable","27":"product-type-simple"},"acf":[],"_links":{"self":[{"href":"https:\/\/yotavis.ch\/fr\/wp-json\/wp\/v2\/product\/3892","targetHints":{"allow":["GET"]}}],"collection":[{"href":"https:\/\/yotavis.ch\/fr\/wp-json\/wp\/v2\/product"}],"about":[{"href":"https:\/\/yotavis.ch\/fr\/wp-json\/wp\/v2\/types\/product"}],"replies":[{"embeddable":true,"href":"https:\/\/yotavis.ch\/fr\/wp-json\/wp\/v2\/comments?post=3892"}],"wp:featuredmedia":[{"embeddable":true,"href":"https:\/\/yotavis.ch\/fr\/wp-json\/wp\/v2\/media\/7086"}],"wp:attachment":[{"href":"https:\/\/yotavis.ch\/fr\/wp-json\/wp\/v2\/media?parent=3892"}],"wp:term":[{"taxonomy":"product_brand","embeddable":true,"href":"https:\/\/yotavis.ch\/fr\/wp-json\/wp\/v2\/product_brand?post=3892"},{"taxonomy":"product_cat","embeddable":true,"href":"https:\/\/yotavis.ch\/fr\/wp-json\/wp\/v2\/product_cat?post=3892"},{"taxonomy":"product_tag","embeddable":true,"href":"https:\/\/yotavis.ch\/fr\/wp-json\/wp\/v2\/product_tag?post=3892"}],"curies":[{"name":"wp","href":"https:\/\/api.w.org\/{rel}","templated":true}]}}