{"id":3893,"date":"2025-10-09T00:00:00","date_gmt":"2025-10-08T22:00:00","guid":{"rendered":"https:\/\/yotavis.ch\/product\/t3afg60\/"},"modified":"2026-04-24T13:31:40","modified_gmt":"2026-04-24T11:31:40","slug":"t3afg60","status":"publish","type":"product","link":"https:\/\/yotavis.ch\/fr\/produit\/t3afg60\/","title":{"rendered":"T3AFG60"},"content":{"rendered":"<p>Le T3AFG60 de Teledyne Lecroy est un g\u00e9n\u00e9rateur de fonctions\/de formes d'ondes arbitraires dot\u00e9 d'une fr\u00e9quence maximale de 60 MHz et d'un taux d'\u00e9chantillonnage de 150 MS\/s. Il offre deux canaux et une profondeur de m\u00e9moire de 16 kpts, ce qui permet la g\u00e9n\u00e9ration et la manipulation de formes d'ondes d\u00e9taill\u00e9es. Il offre deux canaux et une profondeur de m\u00e9moire de 16 kpts, ce qui permet de g\u00e9n\u00e9rer et de manipuler des formes d'ondes d\u00e9taill\u00e9es. L'appareil prend en charge les modes de balayage et de rafale, ce qui offre une grande souplesse dans la sortie des signaux. Son amplitude peut atteindre 10 V, avec une tension cr\u00eate \u00e0 cr\u00eate de 20 Vpp. Le temps de transition minimal est de 16,8 ns et la largeur d'impulsion minimale est de 32,6 ns, ce qui permet un contr\u00f4le pr\u00e9cis de la synchronisation pour diverses applications. Ce g\u00e9n\u00e9rateur de forme d'onde est con\u00e7u pour fournir des signaux pr\u00e9cis et stables \u00e0 des fins de test et de d\u00e9veloppement.<\/p>","protected":false},"excerpt":{"rendered":"<p>60 MHz, 150 MS\/s, 16 kpts, 2 canaux, 20 Vpp G\u00e9n\u00e9rateur de fonctions et de formes d'ondes arbitraires<\/p>","protected":false},"featured_media":7084,"comment_status":"closed","ping_status":"closed","template":"","meta":{"_acf_changed":false,"slim_seo":{"title":"T3AFG60 - YOTAVIS AG","description":"60 MHz, 150 MS\/s, 16 kpts, 2 canaux, 20 Vpp G\u00e9n\u00e9rateur de fonctions et de formes d'ondes arbitraires"}},"product_brand":[542],"product_cat":[1189,541,513],"product_tag":[],"class_list":{"0":"post-3893","1":"product","2":"type-product","3":"status-publish","4":"has-post-thumbnail","6":"product_brand-lecroy","7":"product_cat-afg","8":"product_cat-awg","9":"product_cat-generator","10":"pa_amplitude-v-106","11":"pa_burst-yes","12":"pa_channels-350","13":"pa_frequency-mhz-120","14":"pa_imax-ac-a-1019","15":"pa_memory-mpts-0-016","16":"pa_pulse-width-min-ns-32-6","17":"pa_sampling-rate-ms-s-117","18":"pa_sweep-yes","19":"pa_transition-time-min-ns-16-8","20":"pa_vertical-resolution-bits-113","22":"first","23":"instock","24":"taxable","25":"shipping-taxable","26":"purchasable","27":"product-type-simple"},"acf":[],"_links":{"self":[{"href":"https:\/\/yotavis.ch\/fr\/wp-json\/wp\/v2\/product\/3893","targetHints":{"allow":["GET"]}}],"collection":[{"href":"https:\/\/yotavis.ch\/fr\/wp-json\/wp\/v2\/product"}],"about":[{"href":"https:\/\/yotavis.ch\/fr\/wp-json\/wp\/v2\/types\/product"}],"replies":[{"embeddable":true,"href":"https:\/\/yotavis.ch\/fr\/wp-json\/wp\/v2\/comments?post=3893"}],"wp:featuredmedia":[{"embeddable":true,"href":"https:\/\/yotavis.ch\/fr\/wp-json\/wp\/v2\/media\/7084"}],"wp:attachment":[{"href":"https:\/\/yotavis.ch\/fr\/wp-json\/wp\/v2\/media?parent=3893"}],"wp:term":[{"taxonomy":"product_brand","embeddable":true,"href":"https:\/\/yotavis.ch\/fr\/wp-json\/wp\/v2\/product_brand?post=3893"},{"taxonomy":"product_cat","embeddable":true,"href":"https:\/\/yotavis.ch\/fr\/wp-json\/wp\/v2\/product_cat?post=3893"},{"taxonomy":"product_tag","embeddable":true,"href":"https:\/\/yotavis.ch\/fr\/wp-json\/wp\/v2\/product_tag?post=3893"}],"curies":[{"name":"wp","href":"https:\/\/api.w.org\/{rel}","templated":true}]}}