{"id":3895,"date":"2025-10-09T00:00:00","date_gmt":"2025-10-08T22:00:00","guid":{"rendered":"https:\/\/yotavis.ch\/product\/t3afg120\/"},"modified":"2026-04-24T13:31:40","modified_gmt":"2026-04-24T11:31:40","slug":"t3afg120","status":"publish","type":"product","link":"https:\/\/yotavis.ch\/fr\/produit\/t3afg120\/","title":{"rendered":"T3AFG120"},"content":{"rendered":"<p>Le T3AFG120 de Teledyne Lecroy est un g\u00e9n\u00e9rateur de formes d'ondes fonctionnelles\/arbitraires dot\u00e9 d'une fr\u00e9quence maximale de 120 MHz et d'un taux d'\u00e9chantillonnage de 1,2 G\u00e9ch\/s. Il offre deux canaux et une profondeur de m\u00e9moire de 8 Mpts, permettant la g\u00e9n\u00e9ration et le stockage de formes d'ondes d\u00e9taill\u00e9es. Il offre deux canaux et une profondeur de m\u00e9moire de 8 Mpts, ce qui permet de g\u00e9n\u00e9rer et de stocker des formes d'onde d\u00e9taill\u00e9es. L'appareil prend en charge les modes balayage et rafale, ce qui offre une grande souplesse dans la sortie des signaux. Le temps de transition minimal est de 8,4 ns et la largeur d'impulsion minimale de 16,3 ns, ce qui permet un contr\u00f4le pr\u00e9cis des caract\u00e9ristiques de la forme d'onde. L'amplitude du signal de sortie peut atteindre 10 V, ce qui le rend adapt\u00e9 \u00e0 diverses applications de test et de mesure. Ce g\u00e9n\u00e9rateur de forme d'onde est con\u00e7u pour offrir des performances fiables gr\u00e2ce \u00e0 sa combinaison de gamme de fr\u00e9quence, de taux d'\u00e9chantillonnage et de capacit\u00e9 de m\u00e9moire.<\/p>","protected":false},"excerpt":{"rendered":"<p>120 MHz, 1,2 G\u00e9\/s, 8 Mpts, 2 voies, 20 Vpp G\u00e9n\u00e9rateur de fonctions et de formes d'ondes arbitraires<\/p>","protected":false},"featured_media":7089,"comment_status":"closed","ping_status":"closed","template":"","meta":{"_acf_changed":false,"slim_seo":{"title":"T3AFG120 - YOTAVIS AG","description":"120 MHz, 1,2 G\u00e9\/s, 8 Mpts, 2 voies, 20 Vpp G\u00e9n\u00e9rateur de fonctions et de formes d'ondes arbitraires"}},"product_brand":[542],"product_cat":[1189,541,513],"product_tag":[],"class_list":{"0":"post-3895","1":"product","2":"type-product","3":"status-publish","4":"has-post-thumbnail","6":"product_brand-lecroy","7":"product_cat-afg","8":"product_cat-awg","9":"product_cat-generator","10":"pa_amplitude-v-106","11":"pa_burst-yes","12":"pa_channels-350","13":"pa_frequency-mhz-120","14":"pa_imax-ac-a-1019","15":"pa_memory-mpts-128","16":"pa_pulse-width-min-ns-16-3","17":"pa_sampling-rate-ms-s-297","18":"pa_sweep-yes","19":"pa_transition-time-min-ns-8-4","20":"pa_vertical-resolution-bits-125","22":"first","23":"instock","24":"taxable","25":"shipping-taxable","26":"purchasable","27":"product-type-simple"},"acf":[],"_links":{"self":[{"href":"https:\/\/yotavis.ch\/fr\/wp-json\/wp\/v2\/product\/3895","targetHints":{"allow":["GET"]}}],"collection":[{"href":"https:\/\/yotavis.ch\/fr\/wp-json\/wp\/v2\/product"}],"about":[{"href":"https:\/\/yotavis.ch\/fr\/wp-json\/wp\/v2\/types\/product"}],"replies":[{"embeddable":true,"href":"https:\/\/yotavis.ch\/fr\/wp-json\/wp\/v2\/comments?post=3895"}],"wp:featuredmedia":[{"embeddable":true,"href":"https:\/\/yotavis.ch\/fr\/wp-json\/wp\/v2\/media\/7089"}],"wp:attachment":[{"href":"https:\/\/yotavis.ch\/fr\/wp-json\/wp\/v2\/media?parent=3895"}],"wp:term":[{"taxonomy":"product_brand","embeddable":true,"href":"https:\/\/yotavis.ch\/fr\/wp-json\/wp\/v2\/product_brand?post=3895"},{"taxonomy":"product_cat","embeddable":true,"href":"https:\/\/yotavis.ch\/fr\/wp-json\/wp\/v2\/product_cat?post=3895"},{"taxonomy":"product_tag","embeddable":true,"href":"https:\/\/yotavis.ch\/fr\/wp-json\/wp\/v2\/product_tag?post=3895"}],"curies":[{"name":"wp","href":"https:\/\/api.w.org\/{rel}","templated":true}]}}