{"id":3897,"date":"2025-10-09T00:00:00","date_gmt":"2025-10-08T22:00:00","guid":{"rendered":"https:\/\/yotavis.ch\/product\/t3afg350\/"},"modified":"2026-04-24T13:31:41","modified_gmt":"2026-04-24T11:31:41","slug":"t3afg350","status":"publish","type":"product","link":"https:\/\/yotavis.ch\/fr\/produit\/t3afg350\/","title":{"rendered":"T3AFG350"},"content":{"rendered":"<p>Le T3AFG350 de Teledyne Lecroy est un g\u00e9n\u00e9rateur de fonctions et de formes d'ondes arbitraires dot\u00e9 d'une fr\u00e9quence maximale de 350 MHz et d'un taux d'\u00e9chantillonnage de 2,4 G\u00e9ch\/s. Il offre deux canaux et une profondeur de m\u00e9moire de 20 millions de points, permettant la cr\u00e9ation et la manipulation de formes d'ondes d\u00e9taill\u00e9es. Il offre deux canaux et une profondeur de m\u00e9moire de 20 millions de points, ce qui permet de cr\u00e9er et de manipuler des formes d'ondes d\u00e9taill\u00e9es. Le dispositif prend en charge les modes de balayage et de rafale, ce qui offre une grande souplesse dans la g\u00e9n\u00e9ration de signaux. Le temps de transition minimal est de 1 nanoseconde et la largeur d'impulsion minimale de 3,3 nanosecondes, ce qui permet un contr\u00f4le pr\u00e9cis de la synchronisation. L'amplitude de sortie est de 10 volts cr\u00eate \u00e0 cr\u00eate, ce qui convient \u00e0 une vari\u00e9t\u00e9 d'applications de test. Ce g\u00e9n\u00e9rateur de forme d'onde est con\u00e7u pour fournir des signaux pr\u00e9cis et stables sur toute sa plage de fonctionnement.<\/p>","protected":false},"excerpt":{"rendered":"<p>350 MHz, 2,4 G\u00e9\/s, 20 Mpts, 2 voies, 20 Vpp G\u00e9n\u00e9rateur de fonctions et de formes d'ondes arbitraires<\/p>","protected":false},"featured_media":7093,"comment_status":"closed","ping_status":"closed","template":"","meta":{"_acf_changed":false,"slim_seo":{"title":"T3AFG350 - YOTAVIS AG","description":"350 MHz, 2,4 G\u00e9\/s, 20 Mpts, 2 voies, 20 Vpp G\u00e9n\u00e9rateur de fonctions et de formes d'ondes arbitraires"}},"product_brand":[542],"product_cat":[1189,541,513],"product_tag":[],"class_list":{"0":"post-3897","1":"product","2":"type-product","3":"status-publish","4":"has-post-thumbnail","6":"product_brand-lecroy","7":"product_cat-afg","8":"product_cat-awg","9":"product_cat-generator","10":"pa_amplitude-v-106","11":"pa_burst-yes","12":"pa_channels-350","13":"pa_frequency-mhz-136","14":"pa_imax-ac-a-1019","15":"pa_memory-mpts-133","16":"pa_pulse-width-min-ns-3-3","17":"pa_sampling-rate-ms-s-298","18":"pa_sweep-yes","19":"pa_transition-time-min-ns-137","20":"pa_vertical-resolution-bits-125","22":"first","23":"instock","24":"taxable","25":"shipping-taxable","26":"purchasable","27":"product-type-simple"},"acf":[],"_links":{"self":[{"href":"https:\/\/yotavis.ch\/fr\/wp-json\/wp\/v2\/product\/3897","targetHints":{"allow":["GET"]}}],"collection":[{"href":"https:\/\/yotavis.ch\/fr\/wp-json\/wp\/v2\/product"}],"about":[{"href":"https:\/\/yotavis.ch\/fr\/wp-json\/wp\/v2\/types\/product"}],"replies":[{"embeddable":true,"href":"https:\/\/yotavis.ch\/fr\/wp-json\/wp\/v2\/comments?post=3897"}],"wp:featuredmedia":[{"embeddable":true,"href":"https:\/\/yotavis.ch\/fr\/wp-json\/wp\/v2\/media\/7093"}],"wp:attachment":[{"href":"https:\/\/yotavis.ch\/fr\/wp-json\/wp\/v2\/media?parent=3897"}],"wp:term":[{"taxonomy":"product_brand","embeddable":true,"href":"https:\/\/yotavis.ch\/fr\/wp-json\/wp\/v2\/product_brand?post=3897"},{"taxonomy":"product_cat","embeddable":true,"href":"https:\/\/yotavis.ch\/fr\/wp-json\/wp\/v2\/product_cat?post=3897"},{"taxonomy":"product_tag","embeddable":true,"href":"https:\/\/yotavis.ch\/fr\/wp-json\/wp\/v2\/product_tag?post=3897"}],"curies":[{"name":"wp","href":"https:\/\/api.w.org\/{rel}","templated":true}]}}