{"id":3899,"date":"2025-10-09T00:00:00","date_gmt":"2025-10-08T22:00:00","guid":{"rendered":"https:\/\/yotavis.ch\/product\/t3dsoh1102\/"},"modified":"2026-04-24T13:31:42","modified_gmt":"2026-04-24T11:31:42","slug":"t3dsoh1102","status":"publish","type":"product","link":"https:\/\/yotavis.ch\/fr\/produit\/t3dsoh1102\/","title":{"rendered":"T3DSOH1102"},"content":{"rendered":"<p>Le T3DSOH1102 de Teledyne Lecroy est un oscilloscope portable \u00e0 m\u00e9moire num\u00e9rique dot\u00e9 d'un \u00e9cran couleur de 5,6 pouces. Il offre deux voies avec une bande passante de 100 MHz et un taux d'\u00e9chantillonnage de 500 MS\/s par voie. Chaque voie est \u00e9quip\u00e9e d'une profondeur de m\u00e9moire de 12 millions de points, ce qui permet une capture et une analyse d\u00e9taill\u00e9es des signaux. L'appareil offre une r\u00e9solution verticale de 8 bits, garantissant une mesure pr\u00e9cise de l'amplitude des signaux. Con\u00e7u pour fonctionner sur une seule voie \u00e0 1 G\u00e9ch\/s, il prend en charge un taux d'\u00e9chantillonnage maximal de 500 M\u00e9ch\/s par voie sur ses deux canaux. L'oscilloscope ne comprend pas de voies num\u00e9riques ni d'interface \u00e0 \u00e9cran tactile. Ce mod\u00e8le convient aux applications n\u00e9cessitant une analyse portable et d\u00e9taill\u00e9e des formes d'onde avec une capacit\u00e9 de m\u00e9moire importante et une bande passante mod\u00e9r\u00e9e.<\/p>","protected":false},"excerpt":{"rendered":"<p>100 MHz, 1 GS\/s Single Channel, 2 CH, 12 Mpts\/Ch, HH DSO, 5.6&#8243; Color Display<\/p>","protected":false},"featured_media":7099,"comment_status":"closed","ping_status":"closed","template":"","meta":{"_acf_changed":false,"slim_seo":{"title":"T3DSOH1102 - YOTAVIS AG","description":"100 MHz, 1 G\u00e9\/s monocanal, 2 canaux, 12 Mpts\/Ch, DSO HH, \u00e9cran couleur 5,6 pouces"}},"product_brand":[542],"product_cat":[512,507],"product_tag":[],"class_list":{"0":"post-3899","1":"product","2":"type-product","3":"status-publish","4":"has-post-thumbnail","6":"product_brand-lecroy","7":"product_cat-handheld-en","8":"product_cat-oscilloscope","9":"pa_bandwidth-mhz-90","10":"pa_channels-350","11":"pa_digital-channels-no","12":"pa_imax-ac-a-1019","13":"pa_memory-depht-mpts-103","14":"pa_sampling-rate-channels-ms-s-351","15":"pa_touch-screen-no","16":"pa_vertical-resolution-bits-340","18":"first","19":"instock","20":"taxable","21":"shipping-taxable","22":"purchasable","23":"product-type-simple"},"acf":[],"_links":{"self":[{"href":"https:\/\/yotavis.ch\/fr\/wp-json\/wp\/v2\/product\/3899","targetHints":{"allow":["GET"]}}],"collection":[{"href":"https:\/\/yotavis.ch\/fr\/wp-json\/wp\/v2\/product"}],"about":[{"href":"https:\/\/yotavis.ch\/fr\/wp-json\/wp\/v2\/types\/product"}],"replies":[{"embeddable":true,"href":"https:\/\/yotavis.ch\/fr\/wp-json\/wp\/v2\/comments?post=3899"}],"wp:featuredmedia":[{"embeddable":true,"href":"https:\/\/yotavis.ch\/fr\/wp-json\/wp\/v2\/media\/7099"}],"wp:attachment":[{"href":"https:\/\/yotavis.ch\/fr\/wp-json\/wp\/v2\/media?parent=3899"}],"wp:term":[{"taxonomy":"product_brand","embeddable":true,"href":"https:\/\/yotavis.ch\/fr\/wp-json\/wp\/v2\/product_brand?post=3899"},{"taxonomy":"product_cat","embeddable":true,"href":"https:\/\/yotavis.ch\/fr\/wp-json\/wp\/v2\/product_cat?post=3899"},{"taxonomy":"product_tag","embeddable":true,"href":"https:\/\/yotavis.ch\/fr\/wp-json\/wp\/v2\/product_tag?post=3899"}],"curies":[{"name":"wp","href":"https:\/\/api.w.org\/{rel}","templated":true}]}}