{"id":3901,"date":"2025-10-09T00:00:00","date_gmt":"2025-10-08T22:00:00","guid":{"rendered":"https:\/\/yotavis.ch\/product\/t3dsoh1202\/"},"modified":"2026-04-24T13:31:42","modified_gmt":"2026-04-24T11:31:42","slug":"t3dsoh1202","status":"publish","type":"product","link":"https:\/\/yotavis.ch\/fr\/produit\/t3dsoh1202\/","title":{"rendered":"T3DSOH1202"},"content":{"rendered":"<p>Le T3DSOH1202 de Teledyne Lecroy dispose d'une bande passante de 200 MHz et supporte un taux d'\u00e9chantillonnage de 500 MS\/s par voie. Il est \u00e9quip\u00e9 de deux canaux, chacun offrant une profondeur de m\u00e9moire de 12 millions de points, ce qui permet une capture et une analyse d\u00e9taill\u00e9es des signaux. L'appareil a une r\u00e9solution verticale de 8 bits, offrant des capacit\u00e9s de mesure pr\u00e9cises. Cet oscilloscope num\u00e9rique portable comprend un \u00e9cran couleur de 5,6 pouces, facilitant la visualisation claire des formes d'ondes et des donn\u00e9es. Il fonctionne comme un appareil \u00e0 canal unique avec une fr\u00e9quence d'\u00e9chantillonnage maximale de 1 G\u00e9ch\/s. L'oscilloscope ne comprend pas de canaux num\u00e9riques ni d'interface \u00e0 \u00e9cran tactile. Sa conception permet une acquisition et une analyse efficaces des donn\u00e9es pour diverses applications de test \u00e9lectronique.<\/p>","protected":false},"excerpt":{"rendered":"<p>200 MHz, 1 GS\/s Single Channel, 2 CH, 12 Mpts\/Ch, HH DSO, 5.6&#8243; Color Display<\/p>","protected":false},"featured_media":7099,"comment_status":"closed","ping_status":"closed","template":"","meta":{"_acf_changed":false,"slim_seo":{"title":"T3DSOH1202 - YOTAVIS AG","description":"200 MHz, 1 G\u00e9\/s monocanal, 2 canaux, 12 Mpts\/Ch, DSO HH, \u00e9cran couleur 5,6 pouces"}},"product_brand":[542],"product_cat":[512,507],"product_tag":[],"class_list":{"0":"post-3901","1":"product","2":"type-product","3":"status-publish","4":"has-post-thumbnail","6":"product_brand-lecroy","7":"product_cat-handheld-en","8":"product_cat-oscilloscope","9":"pa_bandwidth-mhz-92","10":"pa_channels-350","11":"pa_digital-channels-no","12":"pa_imax-ac-a-1019","13":"pa_memory-depht-mpts-103","14":"pa_sampling-rate-channels-ms-s-351","15":"pa_touch-screen-no","16":"pa_vertical-resolution-bits-340","18":"first","19":"instock","20":"taxable","21":"shipping-taxable","22":"purchasable","23":"product-type-simple"},"acf":[],"_links":{"self":[{"href":"https:\/\/yotavis.ch\/fr\/wp-json\/wp\/v2\/product\/3901","targetHints":{"allow":["GET"]}}],"collection":[{"href":"https:\/\/yotavis.ch\/fr\/wp-json\/wp\/v2\/product"}],"about":[{"href":"https:\/\/yotavis.ch\/fr\/wp-json\/wp\/v2\/types\/product"}],"replies":[{"embeddable":true,"href":"https:\/\/yotavis.ch\/fr\/wp-json\/wp\/v2\/comments?post=3901"}],"wp:featuredmedia":[{"embeddable":true,"href":"https:\/\/yotavis.ch\/fr\/wp-json\/wp\/v2\/media\/7099"}],"wp:attachment":[{"href":"https:\/\/yotavis.ch\/fr\/wp-json\/wp\/v2\/media?parent=3901"}],"wp:term":[{"taxonomy":"product_brand","embeddable":true,"href":"https:\/\/yotavis.ch\/fr\/wp-json\/wp\/v2\/product_brand?post=3901"},{"taxonomy":"product_cat","embeddable":true,"href":"https:\/\/yotavis.ch\/fr\/wp-json\/wp\/v2\/product_cat?post=3901"},{"taxonomy":"product_tag","embeddable":true,"href":"https:\/\/yotavis.ch\/fr\/wp-json\/wp\/v2\/product_tag?post=3901"}],"curies":[{"name":"wp","href":"https:\/\/api.w.org\/{rel}","templated":true}]}}