{"id":3902,"date":"2025-10-09T00:00:00","date_gmt":"2025-10-08T22:00:00","guid":{"rendered":"https:\/\/yotavis.ch\/product\/t3dsoh1202-iso\/"},"modified":"2026-04-24T13:31:43","modified_gmt":"2026-04-24T11:31:43","slug":"t3dsoh1202-iso","status":"publish","type":"product","link":"https:\/\/yotavis.ch\/fr\/produit\/t3dsoh1202-iso\/","title":{"rendered":"T3DSOH1202-ISO"},"content":{"rendered":"<p>Le T3DSOH1202-ISO de Teledyne Lecroy est un oscilloscope portable \u00e0 m\u00e9moire num\u00e9rique dot\u00e9 de deux voies isol\u00e9es avec une bande passante de 200 MHz. Il offre un taux d'\u00e9chantillonnage de 500 MS\/s par voie et une profondeur de m\u00e9moire de 12 millions de points par voie, ce qui permet une analyse d\u00e9taill\u00e9e des signaux. L'appareil comprend une r\u00e9solution verticale de 8 bits et un \u00e9cran couleur de 5,6 pouces pour une visualisation claire des formes d'onde. Con\u00e7u pour fonctionner sur une seule voie \u00e0 1 G\u00e9ch\/s, il prend en charge l'acquisition de donn\u00e9es \u00e0 grande vitesse. L'oscilloscope ne comprend pas de voies num\u00e9riques ni d'interface \u00e0 \u00e9cran tactile. Ses voies isol\u00e9es permettent d'am\u00e9liorer la s\u00e9curit\u00e9 des mesures et la flexibilit\u00e9 dans divers environnements de test.<\/p>","protected":false},"excerpt":{"rendered":"<p>200 MHz, 1 GS\/s Single Channel, 2 CH, 12 Mpts\/Ch, HH DSO with Isolated Channels, 5.6&#8243; Color Display<\/p>","protected":false},"featured_media":7103,"comment_status":"closed","ping_status":"closed","template":"","meta":{"_acf_changed":false,"slim_seo":{"title":"T3DSOH1202-ISO - YOTAVIS AG","description":"200 MHz, 1 G\u00e9\/s monocanal, 2 canaux, 12 Mpts\/Ch, DSO HH avec canaux isol\u00e9s, \u00e9cran couleur 5,6 pouces"}},"product_brand":[542],"product_cat":[512,507],"product_tag":[],"class_list":{"0":"post-3902","1":"product","2":"type-product","3":"status-publish","4":"has-post-thumbnail","6":"product_brand-lecroy","7":"product_cat-handheld-en","8":"product_cat-oscilloscope","9":"pa_bandwidth-mhz-92","10":"pa_channels-350","11":"pa_digital-channels-no","12":"pa_imax-ac-a-1019","13":"pa_memory-depht-mpts-103","14":"pa_sampling-rate-channels-ms-s-351","15":"pa_touch-screen-no","16":"pa_vertical-resolution-bits-340","18":"first","19":"instock","20":"taxable","21":"shipping-taxable","22":"purchasable","23":"product-type-simple"},"acf":[],"_links":{"self":[{"href":"https:\/\/yotavis.ch\/fr\/wp-json\/wp\/v2\/product\/3902","targetHints":{"allow":["GET"]}}],"collection":[{"href":"https:\/\/yotavis.ch\/fr\/wp-json\/wp\/v2\/product"}],"about":[{"href":"https:\/\/yotavis.ch\/fr\/wp-json\/wp\/v2\/types\/product"}],"replies":[{"embeddable":true,"href":"https:\/\/yotavis.ch\/fr\/wp-json\/wp\/v2\/comments?post=3902"}],"wp:featuredmedia":[{"embeddable":true,"href":"https:\/\/yotavis.ch\/fr\/wp-json\/wp\/v2\/media\/7103"}],"wp:attachment":[{"href":"https:\/\/yotavis.ch\/fr\/wp-json\/wp\/v2\/media?parent=3902"}],"wp:term":[{"taxonomy":"product_brand","embeddable":true,"href":"https:\/\/yotavis.ch\/fr\/wp-json\/wp\/v2\/product_brand?post=3902"},{"taxonomy":"product_cat","embeddable":true,"href":"https:\/\/yotavis.ch\/fr\/wp-json\/wp\/v2\/product_cat?post=3902"},{"taxonomy":"product_tag","embeddable":true,"href":"https:\/\/yotavis.ch\/fr\/wp-json\/wp\/v2\/product_tag?post=3902"}],"curies":[{"name":"wp","href":"https:\/\/api.w.org\/{rel}","templated":true}]}}