{"id":3903,"date":"2025-10-09T00:00:00","date_gmt":"2025-10-08T22:00:00","guid":{"rendered":"https:\/\/yotavis.ch\/product\/t3dso4058l-hd\/"},"modified":"2026-04-24T13:31:43","modified_gmt":"2026-04-24T11:31:43","slug":"t3dso4058l-hd","status":"publish","type":"product","link":"https:\/\/yotavis.ch\/fr\/produit\/t3dso4058l-hd\/","title":{"rendered":"T3DSO4058L-HD"},"content":{"rendered":"<p>L'oscilloscope Teledyne Lecroy T3DSO4058L-HD dispose d'une bande passante de 500 MHz et supporte une fr\u00e9quence d'\u00e9chantillonnage de 10 G\u00e9ch\/s par voie. Il est \u00e9quip\u00e9 de 8 voies, chacune capable de g\u00e9rer jusqu'\u00e0 500 millions de points de profondeur de m\u00e9moire, ce qui permet une analyse d\u00e9taill\u00e9e des signaux. L'appareil offre une r\u00e9solution verticale de 12 bits, ce qui permet une repr\u00e9sentation des signaux en haute d\u00e9finition. Cet oscilloscope \u00e0 profil bas est con\u00e7u pour capturer et analyser les signaux avec pr\u00e9cision, en prenant en charge une profondeur de m\u00e9moire de 125 millions de points. Il ne comporte pas d'interface \u00e0 \u00e9cran tactile. La combinaison d'une fr\u00e9quence d'\u00e9chantillonnage \u00e9lev\u00e9e et d'une grande profondeur de m\u00e9moire permet de capturer et d'analyser des formes d'ondes complexes sur plusieurs canaux simultan\u00e9ment.<\/p>","protected":false},"excerpt":{"rendered":"<p>Oscilloscope 500 MHz, 10 GS\/s ESR, 8 canaux, 500 Mpts\/Ch (canal unique), 12 bits HD Low Profile<\/p>","protected":false},"featured_media":7113,"comment_status":"closed","ping_status":"closed","template":"","meta":{"_acf_changed":false,"slim_seo":{"title":"T3DSO4058L-HD - YOTAVIS AG","description":"Oscilloscope 500 MHz, 10 GS\/s ESR, 8 canaux, 500 Mpts\/Ch (canal unique), 12 bits HD Low Profile"}},"product_brand":[542],"product_cat":[507,539],"product_tag":[],"class_list":{"0":"post-3903","1":"product","2":"type-product","3":"status-publish","4":"has-post-thumbnail","6":"product_brand-lecroy","7":"product_cat-oscilloscope","8":"product_cat-without-screen-en","9":"pa_bandwidth-mhz-83","10":"pa_channels-459","11":"pa_digital-channels-opt","12":"pa_imax-ac-a-1019","13":"pa_memory-depht-mpts-299","14":"pa_sampling-rate-channels-ms-s-455","15":"pa_touch-screen-no","16":"pa_vertical-resolution-bits-348","18":"first","19":"instock","20":"taxable","21":"shipping-taxable","22":"purchasable","23":"product-type-simple"},"acf":[],"_links":{"self":[{"href":"https:\/\/yotavis.ch\/fr\/wp-json\/wp\/v2\/product\/3903","targetHints":{"allow":["GET"]}}],"collection":[{"href":"https:\/\/yotavis.ch\/fr\/wp-json\/wp\/v2\/product"}],"about":[{"href":"https:\/\/yotavis.ch\/fr\/wp-json\/wp\/v2\/types\/product"}],"replies":[{"embeddable":true,"href":"https:\/\/yotavis.ch\/fr\/wp-json\/wp\/v2\/comments?post=3903"}],"wp:featuredmedia":[{"embeddable":true,"href":"https:\/\/yotavis.ch\/fr\/wp-json\/wp\/v2\/media\/7113"}],"wp:attachment":[{"href":"https:\/\/yotavis.ch\/fr\/wp-json\/wp\/v2\/media?parent=3903"}],"wp:term":[{"taxonomy":"product_brand","embeddable":true,"href":"https:\/\/yotavis.ch\/fr\/wp-json\/wp\/v2\/product_brand?post=3903"},{"taxonomy":"product_cat","embeddable":true,"href":"https:\/\/yotavis.ch\/fr\/wp-json\/wp\/v2\/product_cat?post=3903"},{"taxonomy":"product_tag","embeddable":true,"href":"https:\/\/yotavis.ch\/fr\/wp-json\/wp\/v2\/product_tag?post=3903"}],"curies":[{"name":"wp","href":"https:\/\/api.w.org\/{rel}","templated":true}]}}