{"id":3904,"date":"2025-10-09T00:00:00","date_gmt":"2025-10-08T22:00:00","guid":{"rendered":"https:\/\/yotavis.ch\/product\/t3dso4108l-hd\/"},"modified":"2026-04-24T13:31:43","modified_gmt":"2026-04-24T11:31:43","slug":"t3dso4108l-hd","status":"publish","type":"product","link":"https:\/\/yotavis.ch\/fr\/produit\/t3dso4108l-hd\/","title":{"rendered":"T3DSO4108L-HD"},"content":{"rendered":"<p>Le T3DSO4108L-HD de Teledyne Lecroy est un oscilloscope haute d\u00e9finition dot\u00e9 d'une bande passante de 1 GHz et d'une fr\u00e9quence d'\u00e9chantillonnage de 10 G\u00e9ch\/s par voie. Il prend en charge huit voies, ce qui permet une analyse approfondie des signaux sur plusieurs entr\u00e9es simultan\u00e9ment. Chaque voie est \u00e9quip\u00e9e d'une m\u00e9moire de 500 millions de points, ce qui permet de capturer et d'analyser des formes d'ondes d\u00e9taill\u00e9es. L'appareil offre une r\u00e9solution verticale de 12 bits, ce qui permet des mesures pr\u00e9cises. Cet oscilloscope \u00e0 profil bas est con\u00e7u pour g\u00e9rer des sc\u00e9narios de test complexes gr\u00e2ce \u00e0 sa profondeur de m\u00e9moire substantielle de 125 millions de points par canal. Il ne comporte pas d'interface \u00e0 \u00e9cran tactile, se concentrant plut\u00f4t sur les fonctionnalit\u00e9s de mesure de base. Le T3DSO4108L-HD convient aux applications n\u00e9cessitant une acquisition de donn\u00e9es \u00e0 grande vitesse et une r\u00e9solution d\u00e9taill\u00e9e des signaux.<\/p>","protected":false},"excerpt":{"rendered":"<p>Oscilloscope \u00e0 profil bas HD 12 bits, 1GHz, 10 GS\/s ESR, 8 voies, 500 Mpts\/Ch (voie unique)<\/p>","protected":false},"featured_media":7112,"comment_status":"closed","ping_status":"closed","template":"","meta":{"_acf_changed":false,"slim_seo":{"title":"T3DSO4108L-HD - YOTAVIS AG","description":"Oscilloscope \u00e0 profil bas HD 12 bits, 1GHz, 10 GS\/s ESR, 8 voies, 500 Mpts\/Ch (voie unique)"}},"product_brand":[542],"product_cat":[507,539],"product_tag":[],"class_list":{"0":"post-3904","1":"product","2":"type-product","3":"status-publish","4":"has-post-thumbnail","6":"product_brand-lecroy","7":"product_cat-oscilloscope","8":"product_cat-without-screen-en","9":"pa_bandwidth-mhz-84","10":"pa_channels-459","11":"pa_digital-channels-opt","12":"pa_imax-ac-a-1019","13":"pa_memory-depht-mpts-299","14":"pa_sampling-rate-channels-ms-s-455","15":"pa_touch-screen-no","16":"pa_vertical-resolution-bits-348","18":"first","19":"instock","20":"taxable","21":"shipping-taxable","22":"purchasable","23":"product-type-simple"},"acf":[],"_links":{"self":[{"href":"https:\/\/yotavis.ch\/fr\/wp-json\/wp\/v2\/product\/3904","targetHints":{"allow":["GET"]}}],"collection":[{"href":"https:\/\/yotavis.ch\/fr\/wp-json\/wp\/v2\/product"}],"about":[{"href":"https:\/\/yotavis.ch\/fr\/wp-json\/wp\/v2\/types\/product"}],"replies":[{"embeddable":true,"href":"https:\/\/yotavis.ch\/fr\/wp-json\/wp\/v2\/comments?post=3904"}],"wp:featuredmedia":[{"embeddable":true,"href":"https:\/\/yotavis.ch\/fr\/wp-json\/wp\/v2\/media\/7112"}],"wp:attachment":[{"href":"https:\/\/yotavis.ch\/fr\/wp-json\/wp\/v2\/media?parent=3904"}],"wp:term":[{"taxonomy":"product_brand","embeddable":true,"href":"https:\/\/yotavis.ch\/fr\/wp-json\/wp\/v2\/product_brand?post=3904"},{"taxonomy":"product_cat","embeddable":true,"href":"https:\/\/yotavis.ch\/fr\/wp-json\/wp\/v2\/product_cat?post=3904"},{"taxonomy":"product_tag","embeddable":true,"href":"https:\/\/yotavis.ch\/fr\/wp-json\/wp\/v2\/product_tag?post=3904"}],"curies":[{"name":"wp","href":"https:\/\/api.w.org\/{rel}","templated":true}]}}