{"id":3905,"date":"2025-10-09T00:00:00","date_gmt":"2025-10-08T22:00:00","guid":{"rendered":"https:\/\/yotavis.ch\/product\/t3dso4208l-hd\/"},"modified":"2026-04-24T13:31:44","modified_gmt":"2026-04-24T11:31:44","slug":"t3dso4208l-hd","status":"publish","type":"product","link":"https:\/\/yotavis.ch\/fr\/produit\/t3dso4208l-hd\/","title":{"rendered":"T3DSO4208L-HD"},"content":{"rendered":"<p>Le T3DSO4208L-HD de Teledyne Lecroy est un oscilloscope haute d\u00e9finition dot\u00e9 d'une configuration \u00e0 8 voies avec une bande passante de 2 GHz. Il offre une fr\u00e9quence d'\u00e9chantillonnage de 10 G\u00e9ch\/s par voie, permettant une analyse d\u00e9taill\u00e9e des signaux. Chaque voie est \u00e9quip\u00e9e d'une profondeur de m\u00e9moire de 500 Mpts, ce qui permet une capture et un examen approfondis des donn\u00e9es. L'appareil offre une r\u00e9solution verticale de 12 bits, ce qui contribue \u00e0 la pr\u00e9cision des mesures. Cet oscilloscope \u00e0 profil bas prend en charge le fonctionnement sur une seule voie avec une profondeur de m\u00e9moire de 125 Mpts. Il ne comporte pas d'interface \u00e0 \u00e9cran tactile. La combinaison de ces sp\u00e9cifications rend le T3DSO4208L-HD adapt\u00e9 aux applications n\u00e9cessitant une acquisition de donn\u00e9es \u00e0 grande vitesse et une analyse d\u00e9taill\u00e9e des formes d'onde.<\/p>","protected":false},"excerpt":{"rendered":"<p>Oscilloscope 2GHz, 10 GS\/s ESR, 8 voies, 500 Mpts\/Ch (voie unique), 12-Bit HD Low Profile<\/p>","protected":false},"featured_media":7109,"comment_status":"closed","ping_status":"closed","template":"","meta":{"_acf_changed":false,"slim_seo":{"title":"T3DSO4208L-HD - YOTAVIS AG","description":"Oscilloscope 2GHz, 10 GS\/s ESR, 8 voies, 500 Mpts\/Ch (voie unique), 12-Bit HD Low Profile"}},"product_brand":[542],"product_cat":[507,539],"product_tag":[],"class_list":{"0":"post-3905","1":"product","2":"type-product","3":"status-publish","4":"has-post-thumbnail","6":"product_brand-lecroy","7":"product_cat-oscilloscope","8":"product_cat-without-screen-en","9":"pa_bandwidth-mhz-238","10":"pa_channels-459","11":"pa_digital-channels-opt","12":"pa_imax-ac-a-1019","13":"pa_memory-depht-mpts-299","14":"pa_sampling-rate-channels-ms-s-455","15":"pa_touch-screen-no","16":"pa_vertical-resolution-bits-348","18":"first","19":"instock","20":"taxable","21":"shipping-taxable","22":"purchasable","23":"product-type-simple"},"acf":[],"_links":{"self":[{"href":"https:\/\/yotavis.ch\/fr\/wp-json\/wp\/v2\/product\/3905","targetHints":{"allow":["GET"]}}],"collection":[{"href":"https:\/\/yotavis.ch\/fr\/wp-json\/wp\/v2\/product"}],"about":[{"href":"https:\/\/yotavis.ch\/fr\/wp-json\/wp\/v2\/types\/product"}],"replies":[{"embeddable":true,"href":"https:\/\/yotavis.ch\/fr\/wp-json\/wp\/v2\/comments?post=3905"}],"wp:featuredmedia":[{"embeddable":true,"href":"https:\/\/yotavis.ch\/fr\/wp-json\/wp\/v2\/media\/7109"}],"wp:attachment":[{"href":"https:\/\/yotavis.ch\/fr\/wp-json\/wp\/v2\/media?parent=3905"}],"wp:term":[{"taxonomy":"product_brand","embeddable":true,"href":"https:\/\/yotavis.ch\/fr\/wp-json\/wp\/v2\/product_brand?post=3905"},{"taxonomy":"product_cat","embeddable":true,"href":"https:\/\/yotavis.ch\/fr\/wp-json\/wp\/v2\/product_cat?post=3905"},{"taxonomy":"product_tag","embeddable":true,"href":"https:\/\/yotavis.ch\/fr\/wp-json\/wp\/v2\/product_tag?post=3905"}],"curies":[{"name":"wp","href":"https:\/\/api.w.org\/{rel}","templated":true}]}}