{"id":3907,"date":"2025-10-09T00:00:00","date_gmt":"2025-10-08T22:00:00","guid":{"rendered":"https:\/\/yotavis.ch\/product\/t3dso2000-ls\/"},"modified":"2026-04-24T13:31:44","modified_gmt":"2026-04-24T11:31:44","slug":"t3dso2000-ls","status":"publish","type":"product","link":"https:\/\/yotavis.ch\/fr\/produit\/t3dso2000-ls\/","title":{"rendered":"T3DSO2000-LS"},"content":{"rendered":"<p>Le T3DSO2000-LS est un ensemble de sondes logiques con\u00e7u par Teledyne Lecroy qui comporte 16 canaux et fonctionne \u00e0 un taux d'\u00e9chantillonnage de 500 MSa\/s. Il comprend une profondeur de m\u00e9moire de 14 Mpts, ce qui permet de capturer de nombreuses donn\u00e9es pendant les tests et l'analyse. Il comprend une profondeur de m\u00e9moire de 14 Mpts, ce qui permet de capturer de nombreuses donn\u00e9es pendant les tests et les analyses. Cet ensemble de sondes n\u00e9cessite l'option MSO pour la s\u00e9rie T3DSO2000A afin de fonctionner correctement. L'appareil est con\u00e7u pour \u00eatre utilis\u00e9 avec des oscilloscopes \u00e0 signaux mixtes, offrant des capacit\u00e9s d'analyse logique d\u00e9taill\u00e9es. Sa configuration \u00e0 16 canaux permet une surveillance compl\u00e8te des signaux sur plusieurs lignes simultan\u00e9ment. Le taux d'\u00e9chantillonnage \u00e9lev\u00e9 garantit la pr\u00e9cision des mesures de temps et l'int\u00e9grit\u00e9 des signaux. La profondeur de m\u00e9moire permet de longues dur\u00e9es d'acquisition, ce qui est essentiel pour capturer des comportements de signaux complexes sur des p\u00e9riodes prolong\u00e9es. Cet ensemble de sondes logiques est un outil sp\u00e9cialis\u00e9 destin\u00e9 aux diagnostics \u00e9lectroniques avanc\u00e9s et au d\u00e9pannage.<\/p>","protected":false},"excerpt":{"rendered":"<p>Jeu de sondes logiques MSO, 16 voies, 500 MSa\/s, 14 Mpts (n\u00e9cessite l'option MSO pour la s\u00e9rie T3DSO2000A)<\/p>","protected":false},"featured_media":7117,"comment_status":"closed","ping_status":"closed","template":"","meta":{"_acf_changed":false,"slim_seo":{"title":"T3DSO2000-LS - YOTAVIS AG","description":"Jeu de sondes logiques MSO, 16 voies, 500 MSa\/s, 14 Mpts (n\u00e9cessite l'option MSO pour la s\u00e9rie T3DSO2000A)"}},"product_brand":[542],"product_cat":[510,509],"product_tag":[],"class_list":{"0":"post-3907","1":"product","2":"type-product","3":"status-publish","4":"has-post-thumbnail","6":"product_brand-lecroy","7":"product_cat-others-en","8":"product_cat-probes-en","9":"pa_imax-ac-a-1019","11":"first","12":"instock","13":"taxable","14":"shipping-taxable","15":"purchasable","16":"product-type-simple"},"acf":[],"_links":{"self":[{"href":"https:\/\/yotavis.ch\/fr\/wp-json\/wp\/v2\/product\/3907","targetHints":{"allow":["GET"]}}],"collection":[{"href":"https:\/\/yotavis.ch\/fr\/wp-json\/wp\/v2\/product"}],"about":[{"href":"https:\/\/yotavis.ch\/fr\/wp-json\/wp\/v2\/types\/product"}],"replies":[{"embeddable":true,"href":"https:\/\/yotavis.ch\/fr\/wp-json\/wp\/v2\/comments?post=3907"}],"wp:featuredmedia":[{"embeddable":true,"href":"https:\/\/yotavis.ch\/fr\/wp-json\/wp\/v2\/media\/7117"}],"wp:attachment":[{"href":"https:\/\/yotavis.ch\/fr\/wp-json\/wp\/v2\/media?parent=3907"}],"wp:term":[{"taxonomy":"product_brand","embeddable":true,"href":"https:\/\/yotavis.ch\/fr\/wp-json\/wp\/v2\/product_brand?post=3907"},{"taxonomy":"product_cat","embeddable":true,"href":"https:\/\/yotavis.ch\/fr\/wp-json\/wp\/v2\/product_cat?post=3907"},{"taxonomy":"product_tag","embeddable":true,"href":"https:\/\/yotavis.ch\/fr\/wp-json\/wp\/v2\/product_tag?post=3907"}],"curies":[{"name":"wp","href":"https:\/\/api.w.org\/{rel}","templated":true}]}}