{"id":3910,"date":"2025-10-09T00:00:00","date_gmt":"2025-10-08T22:00:00","guid":{"rendered":"https:\/\/yotavis.ch\/product\/t3dso4204l-hd\/"},"modified":"2026-04-24T13:31:45","modified_gmt":"2026-04-24T11:31:45","slug":"t3dso4204l-hd","status":"publish","type":"product","link":"https:\/\/yotavis.ch\/fr\/produit\/t3dso4204l-hd\/","title":{"rendered":"T3DSO4204L-HD"},"content":{"rendered":"<p>L'oscilloscope Teledyne Lecroy T3DSO4204L-HD dispose d'une bande passante de 2000 MHz et supporte une fr\u00e9quence d'\u00e9chantillonnage maximale de 10 G\u00e9ch\/s par voie. Il est \u00e9quip\u00e9 de quatre voies, chacune capable de stocker jusqu'\u00e0 500 millions de points de donn\u00e9es, offrant ainsi une grande profondeur de m\u00e9moire pour l'analyse d\u00e9taill\u00e9e des signaux. L'appareil offre une r\u00e9solution verticale de 12 bits, ce qui permet d'effectuer des mesures pr\u00e9cises et de capturer des formes d'onde haute d\u00e9finition. Cet oscilloscope \u00e0 profil bas est con\u00e7u pour traiter des fr\u00e9quences allant jusqu'\u00e0 2 GHz, ce qui le rend adapt\u00e9 \u00e0 une large gamme d'applications \u00e0 grande vitesse. La profondeur de m\u00e9moire par voie est de 125 millions de points, ce qui garantit un stockage suffisant pour l'acquisition de signaux de longue dur\u00e9e. L'appareil ne comporte pas d'interface \u00e0 \u00e9cran tactile, mais se concentre plut\u00f4t sur les capacit\u00e9s de mesure de base. La combinaison d'une large bande passante, d'un taux d'\u00e9chantillonnage rapide et d'une m\u00e9moire profonde en fait un outil polyvalent pour l'examen d\u00e9taill\u00e9 des signaux \u00e9lectroniques.<\/p>","protected":false},"excerpt":{"rendered":"<p>Oscilloscope 2GHz, 10 GS\/s ESR, 4 voies, 500 Mpts\/Ch (voie unique), 12-Bit HD Low Profile<\/p>","protected":false},"featured_media":7120,"comment_status":"closed","ping_status":"closed","template":"","meta":{"_acf_changed":false,"slim_seo":{"title":"T3DSO4204L-HD - YOTAVIS AG","description":"Oscilloscope 2GHz, 10 GS\/s ESR, 4 voies, 500 Mpts\/Ch (voie unique), 12-Bit HD Low Profile"}},"product_brand":[542],"product_cat":[507,539],"product_tag":[],"class_list":{"0":"post-3910","1":"product","2":"type-product","3":"status-publish","4":"has-post-thumbnail","6":"product_brand-lecroy","7":"product_cat-oscilloscope","8":"product_cat-without-screen-en","9":"pa_bandwidth-mhz-238","10":"pa_channels-338","11":"pa_digital-channels-opt","12":"pa_imax-ac-a-1019","13":"pa_memory-depht-mpts-299","14":"pa_sampling-rate-channels-ms-s-455","15":"pa_touch-screen-no","16":"pa_vertical-resolution-bits-348","18":"first","19":"instock","20":"taxable","21":"shipping-taxable","22":"purchasable","23":"product-type-simple"},"acf":[],"_links":{"self":[{"href":"https:\/\/yotavis.ch\/fr\/wp-json\/wp\/v2\/product\/3910","targetHints":{"allow":["GET"]}}],"collection":[{"href":"https:\/\/yotavis.ch\/fr\/wp-json\/wp\/v2\/product"}],"about":[{"href":"https:\/\/yotavis.ch\/fr\/wp-json\/wp\/v2\/types\/product"}],"replies":[{"embeddable":true,"href":"https:\/\/yotavis.ch\/fr\/wp-json\/wp\/v2\/comments?post=3910"}],"wp:featuredmedia":[{"embeddable":true,"href":"https:\/\/yotavis.ch\/fr\/wp-json\/wp\/v2\/media\/7120"}],"wp:attachment":[{"href":"https:\/\/yotavis.ch\/fr\/wp-json\/wp\/v2\/media?parent=3910"}],"wp:term":[{"taxonomy":"product_brand","embeddable":true,"href":"https:\/\/yotavis.ch\/fr\/wp-json\/wp\/v2\/product_brand?post=3910"},{"taxonomy":"product_cat","embeddable":true,"href":"https:\/\/yotavis.ch\/fr\/wp-json\/wp\/v2\/product_cat?post=3910"},{"taxonomy":"product_tag","embeddable":true,"href":"https:\/\/yotavis.ch\/fr\/wp-json\/wp\/v2\/product_tag?post=3910"}],"curies":[{"name":"wp","href":"https:\/\/api.w.org\/{rel}","templated":true}]}}