{"id":3911,"date":"2025-10-09T00:00:00","date_gmt":"2025-10-08T22:00:00","guid":{"rendered":"https:\/\/yotavis.ch\/product\/t3dso3024hd\/"},"modified":"2026-04-24T13:31:46","modified_gmt":"2026-04-24T11:31:46","slug":"t3dso3024hd","status":"publish","type":"product","link":"https:\/\/yotavis.ch\/fr\/produit\/t3dso3024hd\/","title":{"rendered":"T3DSO3024HD"},"content":{"rendered":"<p>Le T3DSO3024HD de Teledyne Lecroy est un oscilloscope \u00e0 stockage num\u00e9rique dot\u00e9 d'une bande passante de 200 MHz et d'une fr\u00e9quence d'\u00e9chantillonnage maximale de 4 G\u00e9ch\/s par le biais de canaux entrelac\u00e9s. Il offre quatre voies, chacune avec un taux d'\u00e9chantillonnage de 2000 MS\/s et une profondeur de m\u00e9moire de 100 Mpts. L'appareil fournit 400 Mpts par canal lorsqu'il est entrelac\u00e9, ce qui permet une analyse d\u00e9taill\u00e9e du signal. Il poss\u00e8de une r\u00e9solution verticale de 12 bits, ce qui permet des mesures pr\u00e9cises. L'oscilloscope comprend une interface \u00e0 \u00e9cran tactile pour l'interaction avec l'utilisateur. Ce mod\u00e8le est con\u00e7u pour g\u00e9rer l'acquisition de signaux complexes gr\u00e2ce \u00e0 son taux d'\u00e9chantillonnage \u00e9lev\u00e9 et \u00e0 sa profondeur de m\u00e9moire importante par voie.<\/p>","protected":false},"excerpt":{"rendered":"<p>200 MHz, 4 GS\/s entrelac\u00e9s, 4 CH, 400 Mpts\/Ch entrelac\u00e9s, DSO<\/p>","protected":false},"featured_media":7127,"comment_status":"closed","ping_status":"closed","template":"","meta":{"_acf_changed":false,"slim_seo":{"title":"T3DSO3024HD - YOTAVIS AG","description":"200 MHz, 4 GS\/s entrelac\u00e9s, 4 CH, 400 Mpts\/Ch entrelac\u00e9s, DSO"}},"product_brand":[542],"product_cat":[508,507],"product_tag":[],"class_list":{"0":"post-3911","1":"product","2":"type-product","3":"status-publish","4":"has-post-thumbnail","6":"product_brand-lecroy","7":"product_cat-desktop-en","8":"product_cat-oscilloscope","9":"pa_bandwidth-mhz-92","10":"pa_channels-338","11":"pa_digital-channels-opt","12":"pa_imax-ac-a-1019","13":"pa_memory-depht-mpts-93","14":"pa_sampling-rate-channels-ms-s-347","15":"pa_touch-screen-yes","16":"pa_vertical-resolution-bits-348","18":"first","19":"instock","20":"taxable","21":"shipping-taxable","22":"purchasable","23":"product-type-simple"},"acf":[],"_links":{"self":[{"href":"https:\/\/yotavis.ch\/fr\/wp-json\/wp\/v2\/product\/3911","targetHints":{"allow":["GET"]}}],"collection":[{"href":"https:\/\/yotavis.ch\/fr\/wp-json\/wp\/v2\/product"}],"about":[{"href":"https:\/\/yotavis.ch\/fr\/wp-json\/wp\/v2\/types\/product"}],"replies":[{"embeddable":true,"href":"https:\/\/yotavis.ch\/fr\/wp-json\/wp\/v2\/comments?post=3911"}],"wp:featuredmedia":[{"embeddable":true,"href":"https:\/\/yotavis.ch\/fr\/wp-json\/wp\/v2\/media\/7127"}],"wp:attachment":[{"href":"https:\/\/yotavis.ch\/fr\/wp-json\/wp\/v2\/media?parent=3911"}],"wp:term":[{"taxonomy":"product_brand","embeddable":true,"href":"https:\/\/yotavis.ch\/fr\/wp-json\/wp\/v2\/product_brand?post=3911"},{"taxonomy":"product_cat","embeddable":true,"href":"https:\/\/yotavis.ch\/fr\/wp-json\/wp\/v2\/product_cat?post=3911"},{"taxonomy":"product_tag","embeddable":true,"href":"https:\/\/yotavis.ch\/fr\/wp-json\/wp\/v2\/product_tag?post=3911"}],"curies":[{"name":"wp","href":"https:\/\/api.w.org\/{rel}","templated":true}]}}