{"id":3912,"date":"2025-10-09T00:00:00","date_gmt":"2025-10-08T22:00:00","guid":{"rendered":"https:\/\/yotavis.ch\/product\/t3dso3034hd\/"},"modified":"2026-04-24T13:31:48","modified_gmt":"2026-04-24T11:31:48","slug":"t3dso3034hd","status":"publish","type":"product","link":"https:\/\/yotavis.ch\/fr\/produit\/t3dso3034hd\/","title":{"rendered":"T3DSO3034HD"},"content":{"rendered":"<p>Le T3DSO3034HD de Teledyne Lecroy est un oscilloscope \u00e0 stockage num\u00e9rique dot\u00e9 d'une bande passante de 350 MHz et de quatre voies. Il offre un taux d'\u00e9chantillonnage entrelac\u00e9 de 4 G\u00e9ch\/s et un taux d'\u00e9chantillonnage par voie de 2000 M\u00e9ch\/s. Chaque voie est \u00e9quip\u00e9e d'une profondeur de m\u00e9moire de 100 Mpts, ce qui permet une capture et une analyse d\u00e9taill\u00e9es des signaux. L'appareil offre une r\u00e9solution verticale de 12 bits, ce qui am\u00e9liore la pr\u00e9cision des mesures de forme d'onde. Il prend en charge une profondeur de m\u00e9moire maximale de 400 Mpts lorsque les canaux sont entrelac\u00e9s. L'oscilloscope comprend une interface \u00e0 \u00e9cran tactile pour l'interaction avec l'utilisateur. Ce mod\u00e8le est con\u00e7u pour traiter des analyses de signaux complexes gr\u00e2ce \u00e0 la combinaison d'une bande passante, d'un taux d'\u00e9chantillonnage et d'une capacit\u00e9 de m\u00e9moire \u00e9lev\u00e9s.<\/p>","protected":false},"excerpt":{"rendered":"<p>350 MHz, 4 GS\/s entrelac\u00e9s, 4 CH, 400 Mpts\/Ch entrelac\u00e9s, DSO<\/p>","protected":false},"featured_media":7127,"comment_status":"closed","ping_status":"closed","template":"","meta":{"_acf_changed":false,"slim_seo":{"title":"T3DSO3034HD - YOTAVIS AG","description":"350 MHz, 4 GS\/s entrelac\u00e9s, 4 CH, 400 Mpts\/Ch entrelac\u00e9s, DSO"}},"product_brand":[542],"product_cat":[508,507],"product_tag":[],"class_list":{"0":"post-3912","1":"product","2":"type-product","3":"status-publish","4":"has-post-thumbnail","6":"product_brand-lecroy","7":"product_cat-desktop-en","8":"product_cat-oscilloscope","9":"pa_bandwidth-mhz-76","10":"pa_channels-338","11":"pa_digital-channels-opt","12":"pa_imax-ac-a-1019","13":"pa_memory-depht-mpts-93","14":"pa_sampling-rate-channels-ms-s-347","15":"pa_touch-screen-yes","16":"pa_vertical-resolution-bits-348","18":"first","19":"instock","20":"taxable","21":"shipping-taxable","22":"purchasable","23":"product-type-simple"},"acf":[],"_links":{"self":[{"href":"https:\/\/yotavis.ch\/fr\/wp-json\/wp\/v2\/product\/3912","targetHints":{"allow":["GET"]}}],"collection":[{"href":"https:\/\/yotavis.ch\/fr\/wp-json\/wp\/v2\/product"}],"about":[{"href":"https:\/\/yotavis.ch\/fr\/wp-json\/wp\/v2\/types\/product"}],"replies":[{"embeddable":true,"href":"https:\/\/yotavis.ch\/fr\/wp-json\/wp\/v2\/comments?post=3912"}],"wp:featuredmedia":[{"embeddable":true,"href":"https:\/\/yotavis.ch\/fr\/wp-json\/wp\/v2\/media\/7127"}],"wp:attachment":[{"href":"https:\/\/yotavis.ch\/fr\/wp-json\/wp\/v2\/media?parent=3912"}],"wp:term":[{"taxonomy":"product_brand","embeddable":true,"href":"https:\/\/yotavis.ch\/fr\/wp-json\/wp\/v2\/product_brand?post=3912"},{"taxonomy":"product_cat","embeddable":true,"href":"https:\/\/yotavis.ch\/fr\/wp-json\/wp\/v2\/product_cat?post=3912"},{"taxonomy":"product_tag","embeddable":true,"href":"https:\/\/yotavis.ch\/fr\/wp-json\/wp\/v2\/product_tag?post=3912"}],"curies":[{"name":"wp","href":"https:\/\/api.w.org\/{rel}","templated":true}]}}