{"id":3913,"date":"2025-10-09T00:00:00","date_gmt":"2025-10-08T22:00:00","guid":{"rendered":"https:\/\/yotavis.ch\/product\/t3dso3054hd\/"},"modified":"2026-04-24T13:31:48","modified_gmt":"2026-04-24T11:31:48","slug":"t3dso3054hd","status":"publish","type":"product","link":"https:\/\/yotavis.ch\/fr\/produit\/t3dso3054hd\/","title":{"rendered":"T3DSO3054HD"},"content":{"rendered":"<p>Le T3DSO3054HD de Teledyne Lecroy est un oscilloscope \u00e0 stockage num\u00e9rique dot\u00e9 d'une bande passante de 500 MHz et d'une fr\u00e9quence d'\u00e9chantillonnage maximale de 4 G\u00e9ch\/s lorsqu'il est entrelac\u00e9 sur ses quatre voies. Chaque voie offre une profondeur de m\u00e9moire de 400 Mpts en mode entrelac\u00e9, avec une profondeur de m\u00e9moire standard de 100 Mpts par voie. L'appareil offre une r\u00e9solution verticale de 12 bits, ce qui permet une analyse d\u00e9taill\u00e9e des signaux. Il prend en charge quatre canaux d'entr\u00e9e, chacun \u00e9tant capable d'\u00e9chantillonner \u00e0 2000 MS\/s individuellement. L'oscilloscope comprend une interface \u00e0 \u00e9cran tactile pour l'interaction avec l'utilisateur. Ce mod\u00e8le est con\u00e7u pour g\u00e9rer l'acquisition et l'analyse de signaux \u00e0 grande vitesse gr\u00e2ce \u00e0 sa combinaison de bande passante, de taux d'\u00e9chantillonnage et de capacit\u00e9 de m\u00e9moire.<\/p>","protected":false},"excerpt":{"rendered":"<p>500 MHz, 4 GS\/s entrelac\u00e9s, 4 CH, 400 Mpts\/Ch entrelac\u00e9s, DSO<\/p>","protected":false},"featured_media":7127,"comment_status":"closed","ping_status":"closed","template":"","meta":{"_acf_changed":false,"slim_seo":{"title":"T3DSO3054HD - YOTAVIS AG","description":"500 MHz, 4 GS\/s entrelac\u00e9s, 4 CH, 400 Mpts\/Ch entrelac\u00e9s, DSO"}},"product_brand":[542],"product_cat":[508,507],"product_tag":[],"class_list":{"0":"post-3913","1":"product","2":"type-product","3":"status-publish","4":"has-post-thumbnail","6":"product_brand-lecroy","7":"product_cat-desktop-en","8":"product_cat-oscilloscope","9":"pa_bandwidth-mhz-83","10":"pa_channels-338","11":"pa_digital-channels-opt","12":"pa_imax-ac-a-1019","13":"pa_memory-depht-mpts-93","14":"pa_sampling-rate-channels-ms-s-347","15":"pa_touch-screen-yes","16":"pa_vertical-resolution-bits-348","18":"first","19":"instock","20":"taxable","21":"shipping-taxable","22":"purchasable","23":"product-type-simple"},"acf":[],"_links":{"self":[{"href":"https:\/\/yotavis.ch\/fr\/wp-json\/wp\/v2\/product\/3913","targetHints":{"allow":["GET"]}}],"collection":[{"href":"https:\/\/yotavis.ch\/fr\/wp-json\/wp\/v2\/product"}],"about":[{"href":"https:\/\/yotavis.ch\/fr\/wp-json\/wp\/v2\/types\/product"}],"replies":[{"embeddable":true,"href":"https:\/\/yotavis.ch\/fr\/wp-json\/wp\/v2\/comments?post=3913"}],"wp:featuredmedia":[{"embeddable":true,"href":"https:\/\/yotavis.ch\/fr\/wp-json\/wp\/v2\/media\/7127"}],"wp:attachment":[{"href":"https:\/\/yotavis.ch\/fr\/wp-json\/wp\/v2\/media?parent=3913"}],"wp:term":[{"taxonomy":"product_brand","embeddable":true,"href":"https:\/\/yotavis.ch\/fr\/wp-json\/wp\/v2\/product_brand?post=3913"},{"taxonomy":"product_cat","embeddable":true,"href":"https:\/\/yotavis.ch\/fr\/wp-json\/wp\/v2\/product_cat?post=3913"},{"taxonomy":"product_tag","embeddable":true,"href":"https:\/\/yotavis.ch\/fr\/wp-json\/wp\/v2\/product_tag?post=3913"}],"curies":[{"name":"wp","href":"https:\/\/api.w.org\/{rel}","templated":true}]}}