{"id":3915,"date":"2025-10-09T00:00:00","date_gmt":"2025-10-08T22:00:00","guid":{"rendered":"https:\/\/yotavis.ch\/product\/t3dso2104hd\/"},"modified":"2026-04-24T13:31:49","modified_gmt":"2026-04-24T11:31:49","slug":"t3dso2104hd","status":"publish","type":"product","link":"https:\/\/yotavis.ch\/fr\/produit\/t3dso2104hd\/","title":{"rendered":"T3DSO2104HD"},"content":{"rendered":"<p>Le T3DSO2104HD de Teledyne Lecroy est un oscilloscope num\u00e9rique \u00e0 stockage enti\u00e8rement charg\u00e9, dot\u00e9 de quatre voies avec une bande passante de 100 MHz. Il offre un taux d'\u00e9chantillonnage entrelac\u00e9 de 2 G\u00e9ch\/s et un taux d'\u00e9chantillonnage par voie de 1000 M\u00e9ch\/s, ce qui permet une analyse d\u00e9taill\u00e9e des signaux. Chaque voie est \u00e9quip\u00e9e d'une profondeur de m\u00e9moire de 200 Mpts lorsqu'elle est entrelac\u00e9e et de 100 Mpts individuellement, ce qui offre une capacit\u00e9 de stockage suffisante pour capturer de longs enregistrements de formes d'onde. L'appareil a une r\u00e9solution verticale de 12 bits, ce qui am\u00e9liore la pr\u00e9cision des mesures de signaux. Il est dot\u00e9 d'une interface \u00e0 \u00e9cran tactile pour une utilisation conviviale et ne prend pas en charge les canaux num\u00e9riques. Cet oscilloscope est con\u00e7u pour g\u00e9rer des t\u00e2ches d'acquisition de signaux complexes gr\u00e2ce \u00e0 sa combinaison de taux d'\u00e9chantillonnage \u00e9lev\u00e9s, de m\u00e9moire profonde et de canaux multiples.<\/p>","protected":false},"excerpt":{"rendered":"<p>100 MHz, 2 GS\/s entrelac\u00e9, 4 CH, 200 Mpts\/Ch entrelac\u00e9, DSO enti\u00e8rement charg\u00e9<\/p>","protected":false},"featured_media":7132,"comment_status":"closed","ping_status":"closed","template":"","meta":{"_acf_changed":false,"slim_seo":{"title":"T3DSO2104HD - YOTAVIS AG","description":"100 MHz, 2 GS\/s entrelac\u00e9, 4 CH, 200 Mpts\/Ch entrelac\u00e9, DSO enti\u00e8rement charg\u00e9"}},"product_brand":[542],"product_cat":[508,507],"product_tag":[],"class_list":{"0":"post-3915","1":"product","2":"type-product","3":"status-publish","4":"has-post-thumbnail","6":"product_brand-lecroy","7":"product_cat-desktop-en","8":"product_cat-oscilloscope","9":"pa_bandwidth-mhz-90","10":"pa_channels-338","11":"pa_digital-channels-no","12":"pa_imax-ac-a-1019","13":"pa_memory-depht-mpts-93","14":"pa_sampling-rate-channels-ms-s-349","15":"pa_touch-screen-yes","16":"pa_vertical-resolution-bits-348","18":"first","19":"instock","20":"taxable","21":"shipping-taxable","22":"purchasable","23":"product-type-simple"},"acf":[],"_links":{"self":[{"href":"https:\/\/yotavis.ch\/fr\/wp-json\/wp\/v2\/product\/3915","targetHints":{"allow":["GET"]}}],"collection":[{"href":"https:\/\/yotavis.ch\/fr\/wp-json\/wp\/v2\/product"}],"about":[{"href":"https:\/\/yotavis.ch\/fr\/wp-json\/wp\/v2\/types\/product"}],"replies":[{"embeddable":true,"href":"https:\/\/yotavis.ch\/fr\/wp-json\/wp\/v2\/comments?post=3915"}],"wp:featuredmedia":[{"embeddable":true,"href":"https:\/\/yotavis.ch\/fr\/wp-json\/wp\/v2\/media\/7132"}],"wp:attachment":[{"href":"https:\/\/yotavis.ch\/fr\/wp-json\/wp\/v2\/media?parent=3915"}],"wp:term":[{"taxonomy":"product_brand","embeddable":true,"href":"https:\/\/yotavis.ch\/fr\/wp-json\/wp\/v2\/product_brand?post=3915"},{"taxonomy":"product_cat","embeddable":true,"href":"https:\/\/yotavis.ch\/fr\/wp-json\/wp\/v2\/product_cat?post=3915"},{"taxonomy":"product_tag","embeddable":true,"href":"https:\/\/yotavis.ch\/fr\/wp-json\/wp\/v2\/product_tag?post=3915"}],"curies":[{"name":"wp","href":"https:\/\/api.w.org\/{rel}","templated":true}]}}