{"id":3916,"date":"2025-10-09T00:00:00","date_gmt":"2025-10-08T22:00:00","guid":{"rendered":"https:\/\/yotavis.ch\/product\/t3dso2104hd-ms\/"},"modified":"2026-04-24T13:31:49","modified_gmt":"2026-04-24T11:31:49","slug":"t3dso2104hd-ms","status":"publish","type":"product","link":"https:\/\/yotavis.ch\/fr\/produit\/t3dso2104hd-ms\/","title":{"rendered":"T3DSO2104HD-MS"},"content":{"rendered":"<p>Le T3DSO2104HD-MS de Teledyne Lecroy est un oscilloscope num\u00e9rique \u00e0 stockage enti\u00e8rement charg\u00e9, dot\u00e9 de quatre voies avec une bande passante de 100 MHz. Il offre un taux d'\u00e9chantillonnage entrelac\u00e9 de 2 G\u00e9ch\/s et un taux d'\u00e9chantillonnage par voie de 1000 M\u00e9ch\/s, permettant une analyse d\u00e9taill\u00e9e du signal. Chaque voie est \u00e9quip\u00e9e d'une profondeur de m\u00e9moire de 200 Mpts lorsqu'elle est entrelac\u00e9e et de 100 Mpts individuellement, ce qui offre des capacit\u00e9s \u00e9tendues de capture de donn\u00e9es. L'appareil comprend 16 canaux num\u00e9riques, ce qui am\u00e9liore sa fonctionnalit\u00e9 d'oscilloscope \u00e0 signaux mixtes. Il a une r\u00e9solution verticale de 12 bits, ce qui permet de mesurer avec pr\u00e9cision l'amplitude des signaux. L'oscilloscope est \u00e9galement \u00e9quip\u00e9 d'une interface \u00e0 \u00e9cran tactile, facilitant l'interaction et le contr\u00f4le par l'utilisateur. Ce mod\u00e8le est con\u00e7u pour prendre en charge des t\u00e2ches de test et de d\u00e9bogage complexes gr\u00e2ce \u00e0 sa combinaison de canaux analogiques et num\u00e9riques.<\/p>","protected":false},"excerpt":{"rendered":"<p>100 MHz, 2 G\u00e9ch\/s entrelac\u00e9, 4 canaux, 200 Mpts\/Ch entrelac\u00e9, DSO enti\u00e8rement charg\u00e9 avec MSO 16 canaux num\u00e9riques<\/p>","protected":false},"featured_media":7133,"comment_status":"closed","ping_status":"closed","template":"","meta":{"_acf_changed":false,"slim_seo":{"title":"T3DSO2104HD-MS - YOTAVIS AG","description":"100 MHz, 2 G\u00e9ch\/s entrelac\u00e9, 4 canaux, 200 Mpts\/Ch entrelac\u00e9, DSO enti\u00e8rement charg\u00e9 avec MSO 16 canaux num\u00e9riques"}},"product_brand":[542],"product_cat":[508,507],"product_tag":[],"class_list":{"0":"post-3916","1":"product","2":"type-product","3":"status-publish","4":"has-post-thumbnail","6":"product_brand-lecroy","7":"product_cat-desktop-en","8":"product_cat-oscilloscope","9":"pa_bandwidth-mhz-90","10":"pa_channels-338","11":"pa_digital-channels-yes","12":"pa_imax-ac-a-1019","13":"pa_memory-depht-mpts-93","14":"pa_sampling-rate-channels-ms-s-349","15":"pa_touch-screen-yes","16":"pa_vertical-resolution-bits-348","18":"first","19":"instock","20":"taxable","21":"shipping-taxable","22":"purchasable","23":"product-type-simple"},"acf":[],"_links":{"self":[{"href":"https:\/\/yotavis.ch\/fr\/wp-json\/wp\/v2\/product\/3916","targetHints":{"allow":["GET"]}}],"collection":[{"href":"https:\/\/yotavis.ch\/fr\/wp-json\/wp\/v2\/product"}],"about":[{"href":"https:\/\/yotavis.ch\/fr\/wp-json\/wp\/v2\/types\/product"}],"replies":[{"embeddable":true,"href":"https:\/\/yotavis.ch\/fr\/wp-json\/wp\/v2\/comments?post=3916"}],"wp:featuredmedia":[{"embeddable":true,"href":"https:\/\/yotavis.ch\/fr\/wp-json\/wp\/v2\/media\/7133"}],"wp:attachment":[{"href":"https:\/\/yotavis.ch\/fr\/wp-json\/wp\/v2\/media?parent=3916"}],"wp:term":[{"taxonomy":"product_brand","embeddable":true,"href":"https:\/\/yotavis.ch\/fr\/wp-json\/wp\/v2\/product_brand?post=3916"},{"taxonomy":"product_cat","embeddable":true,"href":"https:\/\/yotavis.ch\/fr\/wp-json\/wp\/v2\/product_cat?post=3916"},{"taxonomy":"product_tag","embeddable":true,"href":"https:\/\/yotavis.ch\/fr\/wp-json\/wp\/v2\/product_tag?post=3916"}],"curies":[{"name":"wp","href":"https:\/\/api.w.org\/{rel}","templated":true}]}}