{"id":3917,"date":"2025-10-09T00:00:00","date_gmt":"2025-10-08T22:00:00","guid":{"rendered":"https:\/\/yotavis.ch\/product\/t3dso2204hd\/"},"modified":"2026-04-24T13:31:50","modified_gmt":"2026-04-24T11:31:50","slug":"t3dso2204hd","status":"publish","type":"product","link":"https:\/\/yotavis.ch\/fr\/produit\/t3dso2204hd\/","title":{"rendered":"T3DSO2204HD"},"content":{"rendered":"<p>Le T3DSO2204HD de Teledyne Lecroy est un oscilloscope num\u00e9rique \u00e0 stockage enti\u00e8rement charg\u00e9, dot\u00e9 de quatre voies avec une bande passante de 200 MHz. Il offre un taux d'\u00e9chantillonnage maximum de 2 G\u00e9ch\/s lorsqu'il est entrelac\u00e9, chaque voie \u00e9tant capable d'\u00e9chantillonner \u00e0 1000 M\u00e9ch\/s. L'appareil offre une profondeur de m\u00e9moire de 200 Mpts lorsqu'il est entrelac\u00e9 et de 100 Mpts par voie, ce qui permet une capture de donn\u00e9es \u00e9tendue. Il poss\u00e8de une r\u00e9solution verticale de 12 bits, ce qui permet une analyse d\u00e9taill\u00e9e des signaux. L'oscilloscope comprend une interface \u00e0 \u00e9cran tactile pour l'interaction avec l'utilisateur. Il ne dispose pas de voies num\u00e9riques et est con\u00e7u pour traiter des signaux jusqu'\u00e0 200 MHz. Ce mod\u00e8le convient aux applications n\u00e9cessitant l'acquisition de donn\u00e9es \u00e0 grande vitesse et l'analyse d\u00e9taill\u00e9e de formes d'ondes sur plusieurs canaux.<\/p>","protected":false},"excerpt":{"rendered":"<p>200 MHz, 2 GS\/s entrelac\u00e9, 4 CH, 200 Mpts\/Ch entrelac\u00e9, DSO enti\u00e8rement charg\u00e9<\/p>","protected":false},"featured_media":7135,"comment_status":"closed","ping_status":"closed","template":"","meta":{"_acf_changed":false,"slim_seo":{"title":"T3DSO2204HD - YOTAVIS AG","description":"200 MHz, 2 GS\/s entrelac\u00e9, 4 CH, 200 Mpts\/Ch entrelac\u00e9, DSO enti\u00e8rement charg\u00e9"}},"product_brand":[542],"product_cat":[508,507],"product_tag":[],"class_list":{"0":"post-3917","1":"product","2":"type-product","3":"status-publish","4":"has-post-thumbnail","6":"product_brand-lecroy","7":"product_cat-desktop-en","8":"product_cat-oscilloscope","9":"pa_bandwidth-mhz-92","10":"pa_channels-338","11":"pa_digital-channels-no","12":"pa_imax-ac-a-1019","13":"pa_memory-depht-mpts-93","14":"pa_sampling-rate-channels-ms-s-349","15":"pa_touch-screen-yes","16":"pa_vertical-resolution-bits-348","18":"first","19":"instock","20":"taxable","21":"shipping-taxable","22":"purchasable","23":"product-type-simple"},"acf":[],"_links":{"self":[{"href":"https:\/\/yotavis.ch\/fr\/wp-json\/wp\/v2\/product\/3917","targetHints":{"allow":["GET"]}}],"collection":[{"href":"https:\/\/yotavis.ch\/fr\/wp-json\/wp\/v2\/product"}],"about":[{"href":"https:\/\/yotavis.ch\/fr\/wp-json\/wp\/v2\/types\/product"}],"replies":[{"embeddable":true,"href":"https:\/\/yotavis.ch\/fr\/wp-json\/wp\/v2\/comments?post=3917"}],"wp:featuredmedia":[{"embeddable":true,"href":"https:\/\/yotavis.ch\/fr\/wp-json\/wp\/v2\/media\/7135"}],"wp:attachment":[{"href":"https:\/\/yotavis.ch\/fr\/wp-json\/wp\/v2\/media?parent=3917"}],"wp:term":[{"taxonomy":"product_brand","embeddable":true,"href":"https:\/\/yotavis.ch\/fr\/wp-json\/wp\/v2\/product_brand?post=3917"},{"taxonomy":"product_cat","embeddable":true,"href":"https:\/\/yotavis.ch\/fr\/wp-json\/wp\/v2\/product_cat?post=3917"},{"taxonomy":"product_tag","embeddable":true,"href":"https:\/\/yotavis.ch\/fr\/wp-json\/wp\/v2\/product_tag?post=3917"}],"curies":[{"name":"wp","href":"https:\/\/api.w.org\/{rel}","templated":true}]}}