{"id":3919,"date":"2025-10-09T00:00:00","date_gmt":"2025-10-08T22:00:00","guid":{"rendered":"https:\/\/yotavis.ch\/product\/t3dso2354hd\/"},"modified":"2026-04-24T13:31:50","modified_gmt":"2026-04-24T11:31:50","slug":"t3dso2354hd","status":"publish","type":"product","link":"https:\/\/yotavis.ch\/fr\/produit\/t3dso2354hd\/","title":{"rendered":"T3DSO2354HD"},"content":{"rendered":"<p>Le T3DSO2354HD de Teledyne Lecroy est un oscilloscope num\u00e9rique \u00e0 stockage enti\u00e8rement charg\u00e9, dot\u00e9 d'une bande passante de 350 MHz et d'une fr\u00e9quence d'\u00e9chantillonnage maximale de 2 G\u00e9ch\/s lorsqu'il est entrelac\u00e9 sur ses quatre voies. Chaque canal supporte une profondeur de m\u00e9moire de 200 Mpts en mode entrelac\u00e9, avec une profondeur de m\u00e9moire standard de 100 Mpts par canal. L'appareil offre une r\u00e9solution verticale de 12 bits, ce qui permet une analyse d\u00e9taill\u00e9e des signaux. Il comprend une interface \u00e0 \u00e9cran tactile pour l'interaction avec l'utilisateur et ne poss\u00e8de pas de canaux num\u00e9riques. L'oscilloscope fonctionne avec un taux d'\u00e9chantillonnage de 1000 MS\/s par voie, ce qui permet une capture et une analyse pr\u00e9cises des formes d'onde sur les quatre voies simultan\u00e9ment.<\/p>","protected":false},"excerpt":{"rendered":"<p>350 MHz, 2 GS\/s entrelac\u00e9, 4 CH, 200 Mpts\/Ch entrelac\u00e9, DSO enti\u00e8rement charg\u00e9<\/p>","protected":false},"featured_media":7136,"comment_status":"closed","ping_status":"closed","template":"","meta":{"_acf_changed":false,"slim_seo":{"title":"T3DSO2354HD - YOTAVIS AG","description":"350 MHz, 2 GS\/s entrelac\u00e9, 4 CH, 200 Mpts\/Ch entrelac\u00e9, DSO enti\u00e8rement charg\u00e9"}},"product_brand":[542],"product_cat":[508,507],"product_tag":[],"class_list":{"0":"post-3919","1":"product","2":"type-product","3":"status-publish","4":"has-post-thumbnail","6":"product_brand-lecroy","7":"product_cat-desktop-en","8":"product_cat-oscilloscope","9":"pa_bandwidth-mhz-76","10":"pa_channels-338","11":"pa_digital-channels-no","12":"pa_imax-ac-a-1019","13":"pa_memory-depht-mpts-93","14":"pa_sampling-rate-channels-ms-s-349","15":"pa_touch-screen-yes","16":"pa_vertical-resolution-bits-348","18":"first","19":"instock","20":"taxable","21":"shipping-taxable","22":"purchasable","23":"product-type-simple"},"acf":[],"_links":{"self":[{"href":"https:\/\/yotavis.ch\/fr\/wp-json\/wp\/v2\/product\/3919","targetHints":{"allow":["GET"]}}],"collection":[{"href":"https:\/\/yotavis.ch\/fr\/wp-json\/wp\/v2\/product"}],"about":[{"href":"https:\/\/yotavis.ch\/fr\/wp-json\/wp\/v2\/types\/product"}],"replies":[{"embeddable":true,"href":"https:\/\/yotavis.ch\/fr\/wp-json\/wp\/v2\/comments?post=3919"}],"wp:featuredmedia":[{"embeddable":true,"href":"https:\/\/yotavis.ch\/fr\/wp-json\/wp\/v2\/media\/7136"}],"wp:attachment":[{"href":"https:\/\/yotavis.ch\/fr\/wp-json\/wp\/v2\/media?parent=3919"}],"wp:term":[{"taxonomy":"product_brand","embeddable":true,"href":"https:\/\/yotavis.ch\/fr\/wp-json\/wp\/v2\/product_brand?post=3919"},{"taxonomy":"product_cat","embeddable":true,"href":"https:\/\/yotavis.ch\/fr\/wp-json\/wp\/v2\/product_cat?post=3919"},{"taxonomy":"product_tag","embeddable":true,"href":"https:\/\/yotavis.ch\/fr\/wp-json\/wp\/v2\/product_tag?post=3919"}],"curies":[{"name":"wp","href":"https:\/\/api.w.org\/{rel}","templated":true}]}}