{"id":3921,"date":"2025-10-09T00:00:00","date_gmt":"2025-10-08T22:00:00","guid":{"rendered":"https:\/\/yotavis.ch\/product\/t3dso1104hd\/"},"modified":"2026-04-24T13:31:51","modified_gmt":"2026-04-24T11:31:51","slug":"t3dso1104hd","status":"publish","type":"product","link":"https:\/\/yotavis.ch\/fr\/produit\/t3dso1104hd\/","title":{"rendered":"T3DSO1104HD"},"content":{"rendered":"<p>Le T3DSO1104HD de Teledyne Lecroy dispose d'une bande passante de 100 MHz et offre quatre canaux pour l'analyse des signaux. Chaque voie prend en charge un taux d'\u00e9chantillonnage de 500 MS\/s, avec un taux d'\u00e9chantillonnage entrelac\u00e9 atteignant jusqu'\u00e0 2 GS\/s. L'appareil est \u00e9quip\u00e9 d'une profondeur de m\u00e9moire de 100 Mpts par canal, ce qui permet une capture et une analyse d\u00e9taill\u00e9es des formes d'onde. Il offre une r\u00e9solution verticale de 12 bits, ce qui am\u00e9liore la pr\u00e9cision des mesures de signaux. L'oscilloscope est dot\u00e9 d'un \u00e9cran couleur de 10,1 pouces avec fonction tactile, ce qui facilite l'interaction avec l'utilisateur et la visualisation des donn\u00e9es. Avec une profondeur de m\u00e9moire totale de 200 Mpts sur toutes les voies, il prend en charge des sessions d'acquisition de donn\u00e9es \u00e9tendues. Cet oscilloscope num\u00e9rique \u00e0 m\u00e9moire haute d\u00e9finition est con\u00e7u pour g\u00e9rer des t\u00e2ches complexes de test et de mesure de signaux gr\u00e2ce \u00e0 ses capacit\u00e9s d'\u00e9chantillonnage avanc\u00e9es et \u00e0 sa prise en charge multicanal.<\/p>","protected":false},"excerpt":{"rendered":"<p>100 MHz, 2 GS\/s per Ch, 2 GS\/s interleaved, 4 CH, 200 Mpts\/Ch HD DSO with 10.1&#8243; Color Display<\/p>","protected":false},"featured_media":7141,"comment_status":"closed","ping_status":"closed","template":"","meta":{"_acf_changed":false,"slim_seo":{"title":"T3DSO1104HD - YOTAVIS AG","description":"100 MHz, 2 G\u00e9ch\/s par voie, 2 G\u00e9ch\/s entrelac\u00e9, 4 voies, 200 Mpts\/Ch DSO HD avec \u00e9cran couleur de 10,1 pouces"}},"product_brand":[542],"product_cat":[508,507],"product_tag":[],"class_list":{"0":"post-3921","1":"product","2":"type-product","3":"status-publish","4":"has-post-thumbnail","6":"product_brand-lecroy","7":"product_cat-desktop-en","8":"product_cat-oscilloscope","9":"pa_bandwidth-mhz-90","10":"pa_channels-338","11":"pa_digital-channels-opt","12":"pa_imax-ac-a-1019","13":"pa_memory-depht-mpts-93","14":"pa_sampling-rate-channels-ms-s-351","15":"pa_touch-screen-yes","16":"pa_vertical-resolution-bits-348","18":"first","19":"instock","20":"taxable","21":"shipping-taxable","22":"purchasable","23":"product-type-simple"},"acf":[],"_links":{"self":[{"href":"https:\/\/yotavis.ch\/fr\/wp-json\/wp\/v2\/product\/3921","targetHints":{"allow":["GET"]}}],"collection":[{"href":"https:\/\/yotavis.ch\/fr\/wp-json\/wp\/v2\/product"}],"about":[{"href":"https:\/\/yotavis.ch\/fr\/wp-json\/wp\/v2\/types\/product"}],"replies":[{"embeddable":true,"href":"https:\/\/yotavis.ch\/fr\/wp-json\/wp\/v2\/comments?post=3921"}],"wp:featuredmedia":[{"embeddable":true,"href":"https:\/\/yotavis.ch\/fr\/wp-json\/wp\/v2\/media\/7141"}],"wp:attachment":[{"href":"https:\/\/yotavis.ch\/fr\/wp-json\/wp\/v2\/media?parent=3921"}],"wp:term":[{"taxonomy":"product_brand","embeddable":true,"href":"https:\/\/yotavis.ch\/fr\/wp-json\/wp\/v2\/product_brand?post=3921"},{"taxonomy":"product_cat","embeddable":true,"href":"https:\/\/yotavis.ch\/fr\/wp-json\/wp\/v2\/product_cat?post=3921"},{"taxonomy":"product_tag","embeddable":true,"href":"https:\/\/yotavis.ch\/fr\/wp-json\/wp\/v2\/product_tag?post=3921"}],"curies":[{"name":"wp","href":"https:\/\/api.w.org\/{rel}","templated":true}]}}