{"id":3922,"date":"2025-10-09T00:00:00","date_gmt":"2025-10-08T22:00:00","guid":{"rendered":"https:\/\/yotavis.ch\/product\/t3dso1204hd\/"},"modified":"2026-04-24T13:31:51","modified_gmt":"2026-04-24T11:31:51","slug":"t3dso1204hd","status":"publish","type":"product","link":"https:\/\/yotavis.ch\/fr\/produit\/t3dso1204hd\/","title":{"rendered":"T3DSO1204HD"},"content":{"rendered":"<p>Le T3DSO1204HD de Teledyne Lecroy dispose d'une bande passante de 200 MHz et offre un taux d'\u00e9chantillonnage de 500 MS\/s par voie, avec un taux d'\u00e9chantillonnage entrelac\u00e9 de 2 GS\/s. Il est \u00e9quip\u00e9 de quatre canaux, chacun offrant une profondeur de m\u00e9moire de 100 Mpts, ce qui permet une analyse d\u00e9taill\u00e9e des signaux. L'appareil est dot\u00e9 d'un \u00e9cran couleur de 10,1 pouces qui prend en charge la fonction d'\u00e9cran tactile, ce qui am\u00e9liore l'interaction avec l'utilisateur et la facilit\u00e9 d'utilisation. Avec une r\u00e9solution verticale de 12 bits, l'oscilloscope offre des capacit\u00e9s de mesure pr\u00e9cises. Le mod\u00e8le prend en charge une profondeur de m\u00e9moire totale de 200 Mpts, toutes voies confondues. Cet oscilloscope num\u00e9rique \u00e0 m\u00e9moire haute d\u00e9finition est con\u00e7u pour traiter efficacement les t\u00e2ches d'acquisition de signaux complexes tout en offrant une repr\u00e9sentation visuelle claire sur son grand \u00e9cran.<\/p>","protected":false},"excerpt":{"rendered":"<p>200 MHz, 2 GS\/s per Ch, 2 GS\/s interleaved, 4 CH, 200 Mpts\/Ch HD DSO with 10.1&#8243; Color Display<\/p>","protected":false},"featured_media":7143,"comment_status":"closed","ping_status":"closed","template":"","meta":{"_acf_changed":false,"slim_seo":{"title":"T3DSO1204HD - YOTAVIS AG","description":"200 MHz, 2 G\u00e9ch\/s par voie, 2 G\u00e9ch\/s entrelac\u00e9, 4 voies, 200 Mpts\/Ch DSO HD avec \u00e9cran couleur de 10,1 pouces"}},"product_brand":[542],"product_cat":[508,507],"product_tag":[],"class_list":{"0":"post-3922","1":"product","2":"type-product","3":"status-publish","4":"has-post-thumbnail","6":"product_brand-lecroy","7":"product_cat-desktop-en","8":"product_cat-oscilloscope","9":"pa_bandwidth-mhz-92","10":"pa_channels-338","11":"pa_digital-channels-opt","12":"pa_imax-ac-a-1019","13":"pa_memory-depht-mpts-93","14":"pa_sampling-rate-channels-ms-s-351","15":"pa_touch-screen-yes","16":"pa_vertical-resolution-bits-348","18":"first","19":"instock","20":"taxable","21":"shipping-taxable","22":"purchasable","23":"product-type-simple"},"acf":[],"_links":{"self":[{"href":"https:\/\/yotavis.ch\/fr\/wp-json\/wp\/v2\/product\/3922","targetHints":{"allow":["GET"]}}],"collection":[{"href":"https:\/\/yotavis.ch\/fr\/wp-json\/wp\/v2\/product"}],"about":[{"href":"https:\/\/yotavis.ch\/fr\/wp-json\/wp\/v2\/types\/product"}],"replies":[{"embeddable":true,"href":"https:\/\/yotavis.ch\/fr\/wp-json\/wp\/v2\/comments?post=3922"}],"wp:featuredmedia":[{"embeddable":true,"href":"https:\/\/yotavis.ch\/fr\/wp-json\/wp\/v2\/media\/7143"}],"wp:attachment":[{"href":"https:\/\/yotavis.ch\/fr\/wp-json\/wp\/v2\/media?parent=3922"}],"wp:term":[{"taxonomy":"product_brand","embeddable":true,"href":"https:\/\/yotavis.ch\/fr\/wp-json\/wp\/v2\/product_brand?post=3922"},{"taxonomy":"product_cat","embeddable":true,"href":"https:\/\/yotavis.ch\/fr\/wp-json\/wp\/v2\/product_cat?post=3922"},{"taxonomy":"product_tag","embeddable":true,"href":"https:\/\/yotavis.ch\/fr\/wp-json\/wp\/v2\/product_tag?post=3922"}],"curies":[{"name":"wp","href":"https:\/\/api.w.org\/{rel}","templated":true}]}}