{"id":3923,"date":"2025-10-09T00:00:00","date_gmt":"2025-10-08T22:00:00","guid":{"rendered":"https:\/\/yotavis.ch\/product\/t3dso1102\/"},"modified":"2026-04-24T13:31:52","modified_gmt":"2026-04-24T11:31:52","slug":"t3dso1102","status":"publish","type":"product","link":"https:\/\/yotavis.ch\/fr\/produit\/t3dso1102\/","title":{"rendered":"T3DSO1102"},"content":{"rendered":"<p>Le T3DSO1102 de Teledyne Lecroy est un oscilloscope \u00e0 stockage num\u00e9rique dot\u00e9 d'une bande passante de 100 MHz et de deux voies. Il offre un taux d'\u00e9chantillonnage de 500 MS\/s par voie, qui peut \u00eatre entrelac\u00e9 pour atteindre un taux combin\u00e9 de 1 GS\/s. Chaque voie est \u00e9quip\u00e9e d'une profondeur de m\u00e9moire de 7 Mpts, soit un total de 14 Mpts pour les deux voies. L'appareil a une r\u00e9solution verticale de 8 bits et comprend un \u00e9cran couleur de 7 pouces pour la visualisation des signaux. Il ne poss\u00e8de pas de voies num\u00e9riques ni d'interface \u00e0 \u00e9cran tactile. Cet oscilloscope est con\u00e7u pour capturer et analyser des signaux \u00e9lectroniques avec pr\u00e9cision, en prenant en charge l'analyse d\u00e9taill\u00e9e des formes d'onde gr\u00e2ce \u00e0 sa m\u00e9moire substantielle et \u00e0 ses capacit\u00e9s d'\u00e9chantillonnage.<\/p>","protected":false},"excerpt":{"rendered":"<p>100 MHz, 500 MS\/s per Ch, 1 GS\/s interleaved, 2 CH, 7 Mpts\/Ch DSO with 7&#8243; Color Display<\/p>","protected":false},"featured_media":7146,"comment_status":"closed","ping_status":"closed","template":"","meta":{"_acf_changed":false,"slim_seo":{"title":"T3DSO1102 - YOTAVIS AG","description":"100 MHz, 500 MS\/s par voie, 1 GS\/s entrelac\u00e9, 2 voies, 7 Mpts\/Ch DSO avec \u00e9cran couleur de 7 pouces"}},"product_brand":[542],"product_cat":[508,507],"product_tag":[],"class_list":{"0":"post-3923","1":"product","2":"type-product","3":"status-publish","4":"has-post-thumbnail","6":"product_brand-lecroy","7":"product_cat-desktop-en","8":"product_cat-oscilloscope","9":"pa_bandwidth-mhz-90","10":"pa_channels-350","11":"pa_digital-channels-no","12":"pa_imax-ac-a-1019","13":"pa_memory-depht-mpts-98","14":"pa_sampling-rate-channels-ms-s-351","15":"pa_touch-screen-no","16":"pa_vertical-resolution-bits-340","18":"first","19":"instock","20":"taxable","21":"shipping-taxable","22":"purchasable","23":"product-type-simple"},"acf":[],"_links":{"self":[{"href":"https:\/\/yotavis.ch\/fr\/wp-json\/wp\/v2\/product\/3923","targetHints":{"allow":["GET"]}}],"collection":[{"href":"https:\/\/yotavis.ch\/fr\/wp-json\/wp\/v2\/product"}],"about":[{"href":"https:\/\/yotavis.ch\/fr\/wp-json\/wp\/v2\/types\/product"}],"replies":[{"embeddable":true,"href":"https:\/\/yotavis.ch\/fr\/wp-json\/wp\/v2\/comments?post=3923"}],"wp:featuredmedia":[{"embeddable":true,"href":"https:\/\/yotavis.ch\/fr\/wp-json\/wp\/v2\/media\/7146"}],"wp:attachment":[{"href":"https:\/\/yotavis.ch\/fr\/wp-json\/wp\/v2\/media?parent=3923"}],"wp:term":[{"taxonomy":"product_brand","embeddable":true,"href":"https:\/\/yotavis.ch\/fr\/wp-json\/wp\/v2\/product_brand?post=3923"},{"taxonomy":"product_cat","embeddable":true,"href":"https:\/\/yotavis.ch\/fr\/wp-json\/wp\/v2\/product_cat?post=3923"},{"taxonomy":"product_tag","embeddable":true,"href":"https:\/\/yotavis.ch\/fr\/wp-json\/wp\/v2\/product_tag?post=3923"}],"curies":[{"name":"wp","href":"https:\/\/api.w.org\/{rel}","templated":true}]}}