{"id":3924,"date":"2025-10-09T00:00:00","date_gmt":"2025-10-08T22:00:00","guid":{"rendered":"https:\/\/yotavis.ch\/product\/t3dso1104\/"},"modified":"2026-04-24T13:31:52","modified_gmt":"2026-04-24T11:31:52","slug":"t3dso1104","status":"publish","type":"product","link":"https:\/\/yotavis.ch\/fr\/produit\/t3dso1104\/","title":{"rendered":"T3DSO1104"},"content":{"rendered":"<p>Le T3DSO1104 de Teledyne Lecroy est un oscilloscope \u00e0 stockage num\u00e9rique dot\u00e9 de quatre voies avec une largeur de bande de 100 MHz. Chaque voie prend en charge un taux d'\u00e9chantillonnage de 500 MS\/s et, lorsqu'elle est entrelac\u00e9e, l'appareil atteint un taux d'\u00e9chantillonnage combin\u00e9 de 1 GS\/s. Il offre une profondeur de m\u00e9moire de 7 millions de points par canal, soit un total de 14 millions de points pour l'ensemble des canaux. L'oscilloscope a une r\u00e9solution verticale de 8 bits, ce qui permet une analyse d\u00e9taill\u00e9e des signaux. L'appareil est \u00e9quip\u00e9 d'un \u00e9cran couleur de 7 pouces, qui permet une visualisation claire des formes d'onde. Il ne comporte pas d'interface \u00e0 \u00e9cran tactile. Ce mod\u00e8le est con\u00e7u pour traiter une grande vari\u00e9t\u00e9 de mesures de signaux gr\u00e2ce \u00e0 sa capacit\u00e9 multicanal et \u00e0 sa m\u00e9moire substantielle.<\/p>","protected":false},"excerpt":{"rendered":"<p>100 MHz, 500 MS\/s per Ch, 1 GS\/s interleaved, 4 CH, 7 Mpts\/Ch DSO with 7&#8243; Color Display<\/p>","protected":false},"featured_media":7265,"comment_status":"closed","ping_status":"closed","template":"","meta":{"_acf_changed":false,"slim_seo":{"title":"T3DSO1104 - YOTAVIS AG","description":"100 MHz, 500 MS\/s par voie, 1 GS\/s entrelac\u00e9, 4 voies, 7 Mpts\/Ch DSO avec \u00e9cran couleur de 7 pouces"}},"product_brand":[542],"product_cat":[508,507],"product_tag":[],"class_list":{"0":"post-3924","1":"product","2":"type-product","3":"status-publish","4":"has-post-thumbnail","6":"product_brand-lecroy","7":"product_cat-desktop-en","8":"product_cat-oscilloscope","9":"pa_bandwidth-mhz-90","10":"pa_channels-338","11":"pa_digital-channels-opt","12":"pa_imax-ac-a-1019","13":"pa_memory-depht-mpts-98","14":"pa_sampling-rate-channels-ms-s-351","15":"pa_touch-screen-no","16":"pa_vertical-resolution-bits-340","18":"first","19":"instock","20":"taxable","21":"shipping-taxable","22":"purchasable","23":"product-type-simple"},"acf":[],"_links":{"self":[{"href":"https:\/\/yotavis.ch\/fr\/wp-json\/wp\/v2\/product\/3924","targetHints":{"allow":["GET"]}}],"collection":[{"href":"https:\/\/yotavis.ch\/fr\/wp-json\/wp\/v2\/product"}],"about":[{"href":"https:\/\/yotavis.ch\/fr\/wp-json\/wp\/v2\/types\/product"}],"replies":[{"embeddable":true,"href":"https:\/\/yotavis.ch\/fr\/wp-json\/wp\/v2\/comments?post=3924"}],"wp:featuredmedia":[{"embeddable":true,"href":"https:\/\/yotavis.ch\/fr\/wp-json\/wp\/v2\/media\/7265"}],"wp:attachment":[{"href":"https:\/\/yotavis.ch\/fr\/wp-json\/wp\/v2\/media?parent=3924"}],"wp:term":[{"taxonomy":"product_brand","embeddable":true,"href":"https:\/\/yotavis.ch\/fr\/wp-json\/wp\/v2\/product_brand?post=3924"},{"taxonomy":"product_cat","embeddable":true,"href":"https:\/\/yotavis.ch\/fr\/wp-json\/wp\/v2\/product_cat?post=3924"},{"taxonomy":"product_tag","embeddable":true,"href":"https:\/\/yotavis.ch\/fr\/wp-json\/wp\/v2\/product_tag?post=3924"}],"curies":[{"name":"wp","href":"https:\/\/api.w.org\/{rel}","templated":true}]}}