{"id":3925,"date":"2025-10-09T00:00:00","date_gmt":"2025-10-08T22:00:00","guid":{"rendered":"https:\/\/yotavis.ch\/product\/t3dso1204\/"},"modified":"2026-04-24T13:31:53","modified_gmt":"2026-04-24T11:31:53","slug":"t3dso1204","status":"publish","type":"product","link":"https:\/\/yotavis.ch\/fr\/produit\/t3dso1204\/","title":{"rendered":"T3DSO1204"},"content":{"rendered":"<p>Le T3DSO1204 de Teledyne Lecroy est un oscilloscope \u00e0 stockage num\u00e9rique dot\u00e9 d'une bande passante de 200 MHz et de quatre voies d'entr\u00e9e. Chaque voie supporte un taux d'\u00e9chantillonnage de 500 MS\/s, avec un taux d'\u00e9chantillonnage entrelac\u00e9 allant jusqu'\u00e0 1 GS\/s. L'appareil offre une profondeur de m\u00e9moire de 7 Mpts par voie, soit un total de 14 Mpts sur l'ensemble des voies. Sa r\u00e9solution verticale de 8 bits permet une analyse d\u00e9taill\u00e9e des signaux. L'oscilloscope est \u00e9quip\u00e9 d'un \u00e9cran couleur de 7 pouces, permettant une visualisation claire des formes d'onde. L'unit\u00e9 ne comprend pas d'interface \u00e0 \u00e9cran tactile. Ce mod\u00e8le est con\u00e7u pour g\u00e9rer plusieurs canaux simultan\u00e9ment, ce qui le rend adapt\u00e9 \u00e0 diverses applications de mesure de signaux.<\/p>","protected":false},"excerpt":{"rendered":"<p>200 MHz, 500 MS\/s per Ch, 1 GS\/s interleaved, 4 CH, 7 Mpts\/Ch DSO with 7&#8243; Color Display<\/p>","protected":false},"featured_media":7153,"comment_status":"closed","ping_status":"closed","template":"","meta":{"_acf_changed":false,"slim_seo":{"title":"T3DSO1204 - YOTAVIS AG","description":"200 MHz, 500 MS\/s par voie, 1 GS\/s entrelac\u00e9, 4 voies, 7 Mpts\/Ch DSO avec \u00e9cran couleur de 7 pouces"}},"product_brand":[542],"product_cat":[508,507],"product_tag":[],"class_list":{"0":"post-3925","1":"product","2":"type-product","3":"status-publish","4":"has-post-thumbnail","6":"product_brand-lecroy","7":"product_cat-desktop-en","8":"product_cat-oscilloscope","9":"pa_bandwidth-mhz-92","10":"pa_channels-338","11":"pa_digital-channels-opt","12":"pa_imax-ac-a-1019","13":"pa_memory-depht-mpts-98","14":"pa_sampling-rate-channels-ms-s-351","15":"pa_touch-screen-no","16":"pa_vertical-resolution-bits-340","18":"first","19":"instock","20":"taxable","21":"shipping-taxable","22":"purchasable","23":"product-type-simple"},"acf":[],"_links":{"self":[{"href":"https:\/\/yotavis.ch\/fr\/wp-json\/wp\/v2\/product\/3925","targetHints":{"allow":["GET"]}}],"collection":[{"href":"https:\/\/yotavis.ch\/fr\/wp-json\/wp\/v2\/product"}],"about":[{"href":"https:\/\/yotavis.ch\/fr\/wp-json\/wp\/v2\/types\/product"}],"replies":[{"embeddable":true,"href":"https:\/\/yotavis.ch\/fr\/wp-json\/wp\/v2\/comments?post=3925"}],"wp:featuredmedia":[{"embeddable":true,"href":"https:\/\/yotavis.ch\/fr\/wp-json\/wp\/v2\/media\/7153"}],"wp:attachment":[{"href":"https:\/\/yotavis.ch\/fr\/wp-json\/wp\/v2\/media?parent=3925"}],"wp:term":[{"taxonomy":"product_brand","embeddable":true,"href":"https:\/\/yotavis.ch\/fr\/wp-json\/wp\/v2\/product_brand?post=3925"},{"taxonomy":"product_cat","embeddable":true,"href":"https:\/\/yotavis.ch\/fr\/wp-json\/wp\/v2\/product_cat?post=3925"},{"taxonomy":"product_tag","embeddable":true,"href":"https:\/\/yotavis.ch\/fr\/wp-json\/wp\/v2\/product_tag?post=3925"}],"curies":[{"name":"wp","href":"https:\/\/api.w.org\/{rel}","templated":true}]}}