{"id":3926,"date":"2025-10-09T00:00:00","date_gmt":"2025-10-08T22:00:00","guid":{"rendered":"https:\/\/yotavis.ch\/product\/t3vna3200\/"},"modified":"2026-04-24T13:31:53","modified_gmt":"2026-04-24T11:31:53","slug":"t3vna3200","status":"publish","type":"product","link":"https:\/\/yotavis.ch\/fr\/produit\/t3vna3200\/","title":{"rendered":"T3VNA3200"},"content":{"rendered":"<p>Le T3VNA3200 de Teledyne Lecroy est un analyseur de r\u00e9seau vectoriel fonctionnant dans une gamme de fr\u00e9quences de 9 kHz \u00e0 3,2 GHz. Il est dot\u00e9 de deux ports et offre une plage dynamique de 80 dB, ce qui le rend adapt\u00e9 \u00e0 diverses applications de mesure. Ce mod\u00e8le comprend un kit de mesure avanc\u00e9e, l'option Distance To Fault, ainsi que des kits d'\u00e9talonnage et d'utilitaires, ce qui am\u00e9liore sa fonctionnalit\u00e9 et sa facilit\u00e9 d'utilisation. L'appareil n'est pas portable, ce qui indique qu'il est con\u00e7u pour une utilisation sur table ou en laboratoire. Sa fr\u00e9quence minimale est de 100 kHz et il peut mesurer jusqu'\u00e0 une fr\u00e9quence maximale de 3,2 GHz. L'inclusion de ces kits et options sugg\u00e8re qu'il prend en charge des capacit\u00e9s d'analyse d\u00e9taill\u00e9e et de localisation des d\u00e9fauts. L'analyseur est con\u00e7u pour fournir des mesures de r\u00e9seau pr\u00e9cises sur toute la gamme de fr\u00e9quences sp\u00e9cifi\u00e9e.<\/p>","protected":false},"excerpt":{"rendered":"<p>Analyseur de r\u00e9seau vectoriel 9KHz-3.2GHz. Comprend le kit de mesure avanc\u00e9e, l'option de distance au d\u00e9faut, les kits d'\u00e9talonnage et d'utilisation.<\/p>","protected":false},"featured_media":7154,"comment_status":"closed","ping_status":"closed","template":"","meta":{"_acf_changed":false,"slim_seo":{"title":"T3VNA3200 - YOTAVIS AG","description":"Analyseur de r\u00e9seau vectoriel 9KHz-3.2GHz. Comprend le kit de mesure avanc\u00e9e, l'option de distance au d\u00e9faut, les kits d'\u00e9talonnage et d'utilisation."}},"product_brand":[542],"product_cat":[523,525],"product_tag":[],"class_list":{"0":"post-3926","1":"product","2":"type-product","3":"status-publish","4":"has-post-thumbnail","6":"product_brand-lecroy","7":"product_cat-analyser","8":"product_cat-vna","9":"pa_dynamic-range-db-300","10":"pa_frequency-max-mhz-429","11":"pa_frequency-min-hz-250","12":"pa_handheld-no","13":"pa_imax-ac-a-1019","14":"pa_ports-188","16":"first","17":"instock","18":"taxable","19":"shipping-taxable","20":"purchasable","21":"product-type-simple"},"acf":[],"_links":{"self":[{"href":"https:\/\/yotavis.ch\/fr\/wp-json\/wp\/v2\/product\/3926","targetHints":{"allow":["GET"]}}],"collection":[{"href":"https:\/\/yotavis.ch\/fr\/wp-json\/wp\/v2\/product"}],"about":[{"href":"https:\/\/yotavis.ch\/fr\/wp-json\/wp\/v2\/types\/product"}],"replies":[{"embeddable":true,"href":"https:\/\/yotavis.ch\/fr\/wp-json\/wp\/v2\/comments?post=3926"}],"wp:featuredmedia":[{"embeddable":true,"href":"https:\/\/yotavis.ch\/fr\/wp-json\/wp\/v2\/media\/7154"}],"wp:attachment":[{"href":"https:\/\/yotavis.ch\/fr\/wp-json\/wp\/v2\/media?parent=3926"}],"wp:term":[{"taxonomy":"product_brand","embeddable":true,"href":"https:\/\/yotavis.ch\/fr\/wp-json\/wp\/v2\/product_brand?post=3926"},{"taxonomy":"product_cat","embeddable":true,"href":"https:\/\/yotavis.ch\/fr\/wp-json\/wp\/v2\/product_cat?post=3926"},{"taxonomy":"product_tag","embeddable":true,"href":"https:\/\/yotavis.ch\/fr\/wp-json\/wp\/v2\/product_tag?post=3926"}],"curies":[{"name":"wp","href":"https:\/\/api.w.org\/{rel}","templated":true}]}}