{"id":3928,"date":"2025-10-09T00:00:00","date_gmt":"2025-10-08T22:00:00","guid":{"rendered":"https:\/\/yotavis.ch\/product\/t3sa3100\/"},"modified":"2026-04-24T13:31:54","modified_gmt":"2026-04-24T11:31:54","slug":"t3sa3100","status":"publish","type":"product","link":"https:\/\/yotavis.ch\/fr\/produit\/t3sa3100\/","title":{"rendered":"T3SA3100"},"content":{"rendered":"<p>L'analyseur de spectre T3SA3100 de Teledyne Lecroy fonctionne sur une gamme de fr\u00e9quences allant de 9 kHz \u00e0 2,1 GHz, offrant des capacit\u00e9s d'analyse spectrale d\u00e9taill\u00e9es. Il pr\u00e9sente un niveau de bruit de phase inf\u00e9rieur \u00e0 -98 dBc\/Hz, assurant une caract\u00e9risation pr\u00e9cise du signal. L'appareil offre une pr\u00e9cision d'amplitude inf\u00e9rieure \u00e0 0,7 dB, ce qui contribue \u00e0 la fiabilit\u00e9 des r\u00e9sultats de mesure. Dot\u00e9 d'un \u00e9cran couleur de 10,1 pouces, l'analyseur permet une visualisation claire des donn\u00e9es. Sa largeur de bande d'analyse est de 1 MHz et son niveau de bruit moyen affich\u00e9 (DANL) est de -161 dBm\/Hz. La fr\u00e9quence maximale support\u00e9e par l'instrument est de 2,1 GHz, tandis que la fr\u00e9quence minimale est de 9 kHz. Cet analyseur de spectre est con\u00e7u comme un appareil non portatif, adapt\u00e9 \u00e0 une utilisation stationnaire dans divers environnements de test.<\/p>","protected":false},"excerpt":{"rendered":"<p>9 KHz &#8211; 2.1 GHz, Spectrum Analyzer, Phase Noise &lt;-98 dBc\/Hz, pr\u00e9cision de l&#039;amplitude &lt; 0,7 dB, 10,1&quot; Colo\n<\/p>","protected":false},"featured_media":7159,"comment_status":"closed","ping_status":"closed","template":"","meta":{"_acf_changed":false,"slim_seo":{"title":"T3SA3100 - YOTAVIS AG","description":"9 KHz - 2,1 GHz, analyseur de spectre, bruit de phase &lt;-98 dBc\/Hz, pr\u00e9cision de l&#039;amplitude &lt; 0,7 dB, 10,1&quot; Colo"}},"product_brand":[542],"product_cat":[523,524],"product_tag":[],"class_list":{"0":"post-3928","1":"product","2":"type-product","3":"status-publish","4":"has-post-thumbnail","6":"product_brand-lecroy","7":"product_cat-analyser","8":"product_cat-signal-spectrum-analyser","9":"pa_analysis-bandwidth-mhz-178","10":"pa_danl-dbm-hz-179","11":"pa_frequency-max-mhz-426","12":"pa_frequency-min-hz-177","13":"pa_handheld-no","14":"pa_imax-ac-a-1019","15":"pa_rtsa-no","17":"first","18":"instock","19":"taxable","20":"shipping-taxable","21":"purchasable","22":"product-type-simple"},"acf":[],"_links":{"self":[{"href":"https:\/\/yotavis.ch\/fr\/wp-json\/wp\/v2\/product\/3928","targetHints":{"allow":["GET"]}}],"collection":[{"href":"https:\/\/yotavis.ch\/fr\/wp-json\/wp\/v2\/product"}],"about":[{"href":"https:\/\/yotavis.ch\/fr\/wp-json\/wp\/v2\/types\/product"}],"replies":[{"embeddable":true,"href":"https:\/\/yotavis.ch\/fr\/wp-json\/wp\/v2\/comments?post=3928"}],"wp:featuredmedia":[{"embeddable":true,"href":"https:\/\/yotavis.ch\/fr\/wp-json\/wp\/v2\/media\/7159"}],"wp:attachment":[{"href":"https:\/\/yotavis.ch\/fr\/wp-json\/wp\/v2\/media?parent=3928"}],"wp:term":[{"taxonomy":"product_brand","embeddable":true,"href":"https:\/\/yotavis.ch\/fr\/wp-json\/wp\/v2\/product_brand?post=3928"},{"taxonomy":"product_cat","embeddable":true,"href":"https:\/\/yotavis.ch\/fr\/wp-json\/wp\/v2\/product_cat?post=3928"},{"taxonomy":"product_tag","embeddable":true,"href":"https:\/\/yotavis.ch\/fr\/wp-json\/wp\/v2\/product_tag?post=3928"}],"curies":[{"name":"wp","href":"https:\/\/api.w.org\/{rel}","templated":true}]}}