{"id":3929,"date":"2025-10-09T00:00:00","date_gmt":"2025-10-08T22:00:00","guid":{"rendered":"https:\/\/yotavis.ch\/product\/t3sa3200\/"},"modified":"2026-04-24T13:31:54","modified_gmt":"2026-04-24T11:31:54","slug":"t3sa3200","status":"publish","type":"product","link":"https:\/\/yotavis.ch\/fr\/produit\/t3sa3200\/","title":{"rendered":"T3SA3200"},"content":{"rendered":"<p>L'analyseur de spectre T3SA3200 de Teledyne Lecroy fonctionne sur une gamme de fr\u00e9quences allant de 9 kHz \u00e0 3,2 GHz, offrant des capacit\u00e9s d'analyse spectrale d\u00e9taill\u00e9es. Il pr\u00e9sente un niveau de bruit de phase inf\u00e9rieur \u00e0 -98 dBc\/Hz, ce qui permet une caract\u00e9risation pr\u00e9cise du signal. L'appareil offre une pr\u00e9cision d'amplitude sup\u00e9rieure \u00e0 0,7 dB, ce qui garantit des r\u00e9sultats de mesure fiables. Dot\u00e9 d'un \u00e9cran couleur de 10,1 pouces, l'analyseur permet une visualisation claire des donn\u00e9es. Sa largeur de bande d'analyse est de 1 MHz et son niveau de bruit affich\u00e9 (DANL) est de -161 dBm\/Hz, ce qui contribue \u00e0 sa sensibilit\u00e9 dans la d\u00e9tection des signaux de faible niveau. L'instrument n'est pas portable et ne prend pas en charge l'analyse de spectre en temps r\u00e9el (RTSA). Cet analyseur de spectre est con\u00e7u pour des applications n\u00e9cessitant des mesures pr\u00e9cises de fr\u00e9quence et d'amplitude dans la plage sp\u00e9cifi\u00e9e.<\/p>","protected":false},"excerpt":{"rendered":"<p>9 KHz &#8211; 3.2 GHz, Spectrum Analyzer, Phase Noise &lt;- 98 dBc\/Hz, pr\u00e9cision de l&#039;amplitude &lt; 0,7 dB, 10.1&quot; Col\n<\/p>","protected":false},"featured_media":7159,"comment_status":"closed","ping_status":"closed","template":"","meta":{"_acf_changed":false,"slim_seo":{"title":"T3SA3200 - YOTAVIS AG","description":"9 KHz - 3,2 GHz, analyseur de spectre, bruit de phase &lt;- 98 dBc\/Hz, pr\u00e9cision de l&#039;amplitude &lt; 0,7 dB, 10.1&quot; Col"}},"product_brand":[542],"product_cat":[523,524],"product_tag":[],"class_list":{"0":"post-3929","1":"product","2":"type-product","3":"status-publish","4":"has-post-thumbnail","6":"product_brand-lecroy","7":"product_cat-analyser","8":"product_cat-signal-spectrum-analyser","9":"pa_analysis-bandwidth-mhz-178","10":"pa_danl-dbm-hz-179","11":"pa_frequency-max-mhz-429","12":"pa_frequency-min-hz-177","13":"pa_handheld-no","14":"pa_imax-ac-a-1019","15":"pa_rtsa-no","17":"first","18":"instock","19":"taxable","20":"shipping-taxable","21":"purchasable","22":"product-type-simple"},"acf":[],"_links":{"self":[{"href":"https:\/\/yotavis.ch\/fr\/wp-json\/wp\/v2\/product\/3929","targetHints":{"allow":["GET"]}}],"collection":[{"href":"https:\/\/yotavis.ch\/fr\/wp-json\/wp\/v2\/product"}],"about":[{"href":"https:\/\/yotavis.ch\/fr\/wp-json\/wp\/v2\/types\/product"}],"replies":[{"embeddable":true,"href":"https:\/\/yotavis.ch\/fr\/wp-json\/wp\/v2\/comments?post=3929"}],"wp:featuredmedia":[{"embeddable":true,"href":"https:\/\/yotavis.ch\/fr\/wp-json\/wp\/v2\/media\/7159"}],"wp:attachment":[{"href":"https:\/\/yotavis.ch\/fr\/wp-json\/wp\/v2\/media?parent=3929"}],"wp:term":[{"taxonomy":"product_brand","embeddable":true,"href":"https:\/\/yotavis.ch\/fr\/wp-json\/wp\/v2\/product_brand?post=3929"},{"taxonomy":"product_cat","embeddable":true,"href":"https:\/\/yotavis.ch\/fr\/wp-json\/wp\/v2\/product_cat?post=3929"},{"taxonomy":"product_tag","embeddable":true,"href":"https:\/\/yotavis.ch\/fr\/wp-json\/wp\/v2\/product_tag?post=3929"}],"curies":[{"name":"wp","href":"https:\/\/api.w.org\/{rel}","templated":true}]}}