{"id":3930,"date":"2025-10-09T00:00:00","date_gmt":"2025-10-08T22:00:00","guid":{"rendered":"https:\/\/yotavis.ch\/product\/t3lcr1002\/"},"modified":"2026-04-24T13:31:57","modified_gmt":"2026-04-24T11:31:57","slug":"t3lcr1002","status":"publish","type":"product","link":"https:\/\/yotavis.ch\/fr\/produit\/t3lcr1002\/","title":{"rendered":"T3LCR1002"},"content":{"rendered":"<p>Le T3LCR1002 de Teledyne Lecroy est un mesureur LCR con\u00e7u pour des mesures de haute pr\u00e9cision dans une gamme de fr\u00e9quences de 10 Hz \u00e0 2 kHz. Il offre une pr\u00e9cision de base de 0,05, ce qui garantit des r\u00e9sultats fiables et coh\u00e9rents pendant les tests. Cet appareil est dot\u00e9 d'une fonction de commande \u00e0 distance, ce qui permet de l'utiliser facilement \u00e0 distance. Le compteur offre une r\u00e9solution de 6 chiffres, ce qui contribue \u00e0 des lectures d\u00e9taill\u00e9es et pr\u00e9cises. Sa capacit\u00e9 de fr\u00e9quence maximale est de 0,002 MHz, ce qui correspond \u00e0 la gamme de fr\u00e9quences sp\u00e9cifi\u00e9e. La combinaison de ces sp\u00e9cifications rend le T3LCR1002 adapt\u00e9 aux applications n\u00e9cessitant des mesures d'imp\u00e9dance pr\u00e9cises \u00e0 basse fr\u00e9quence.<\/p>","protected":false},"excerpt":{"rendered":"<p>LCR Meter 10Hz &#8211; 2 kHz High Precision<\/p>","protected":false},"featured_media":7161,"comment_status":"closed","ping_status":"closed","template":"","meta":{"_acf_changed":false,"slim_seo":{"title":"T3LCR1002 - YOTAVIS AG","description":"Mesureur LCR 10Hz - 2 kHz haute pr\u00e9cision"}},"product_brand":[542],"product_cat":[544,518],"product_tag":[],"class_list":{"0":"post-3930","1":"product","2":"type-product","3":"status-publish","4":"has-post-thumbnail","6":"product_brand-lecroy","7":"product_cat-lcr-meter-en","8":"product_cat-meters","9":"pa_basic-accuracy-0-05","10":"pa_digits-302","11":"pa_frequency-max-mhz-0-002","12":"pa_frequency-min-hz-304","13":"pa_imax-ac-a-1019","14":"pa_remote-control-yes","16":"first","17":"instock","18":"taxable","19":"shipping-taxable","20":"purchasable","21":"product-type-simple"},"acf":[],"_links":{"self":[{"href":"https:\/\/yotavis.ch\/fr\/wp-json\/wp\/v2\/product\/3930","targetHints":{"allow":["GET"]}}],"collection":[{"href":"https:\/\/yotavis.ch\/fr\/wp-json\/wp\/v2\/product"}],"about":[{"href":"https:\/\/yotavis.ch\/fr\/wp-json\/wp\/v2\/types\/product"}],"replies":[{"embeddable":true,"href":"https:\/\/yotavis.ch\/fr\/wp-json\/wp\/v2\/comments?post=3930"}],"wp:featuredmedia":[{"embeddable":true,"href":"https:\/\/yotavis.ch\/fr\/wp-json\/wp\/v2\/media\/7161"}],"wp:attachment":[{"href":"https:\/\/yotavis.ch\/fr\/wp-json\/wp\/v2\/media?parent=3930"}],"wp:term":[{"taxonomy":"product_brand","embeddable":true,"href":"https:\/\/yotavis.ch\/fr\/wp-json\/wp\/v2\/product_brand?post=3930"},{"taxonomy":"product_cat","embeddable":true,"href":"https:\/\/yotavis.ch\/fr\/wp-json\/wp\/v2\/product_cat?post=3930"},{"taxonomy":"product_tag","embeddable":true,"href":"https:\/\/yotavis.ch\/fr\/wp-json\/wp\/v2\/product_tag?post=3930"}],"curies":[{"name":"wp","href":"https:\/\/api.w.org\/{rel}","templated":true}]}}